{"id":8229,"date":"2024-03-27T10:46:53","date_gmt":"2024-03-27T10:46:53","guid":{"rendered":"https:\/\/proximoferry.brikkelt.nl\/blog\/?page_id=8229"},"modified":"2024-06-06T08:30:06","modified_gmt":"2024-06-06T08:30:06","slug":"oferta-flash-mayo-ferry-barcelona-valencia-a-baleares","status":"publish","type":"page","link":"https:\/\/proximoferry.brikkelt.nl\/blog\/ofertas\/oferta-flash-mayo-ferry-barcelona-valencia-a-baleares\/","title":{"rendered":"Oferta Flash Mayo: Ferry Barcelona\/Val\u00e8ncia a Baleares"},"content":{"rendered":"\n<figure class=\"wp-block-image\"><img loading=\"lazy\" decoding=\"async\" width=\"1024\" height=\"142\" src=\"https:\/\/proximoferry.brikkelt.nl\/blog\/wp-content\/uploads\/2023\/04\/oferta-ferry-viajar-1024x142.png\" alt=\"\" class=\"wp-image-6601\" srcset=\"https:\/\/proximoferry.brikkelt.nl\/blog\/wp-content\/uploads\/2023\/04\/oferta-ferry-viajar-1024x142.png 1024w, https:\/\/proximoferry.brikkelt.nl\/blog\/wp-content\/uploads\/2023\/04\/oferta-ferry-viajar-300x42.png 300w, https:\/\/proximoferry.brikkelt.nl\/blog\/wp-content\/uploads\/2023\/04\/oferta-ferry-viajar-768x107.png 768w, https:\/\/proximoferry.brikkelt.nl\/blog\/wp-content\/uploads\/2023\/04\/oferta-ferry-viajar-470x65.png 470w, https:\/\/proximoferry.brikkelt.nl\/blog\/wp-content\/uploads\/2023\/04\/oferta-ferry-viajar.png 1080w\" sizes=\"(max-width: 1024px) 100vw, 1024px\" \/><\/figure>\n\n\n\n<p>&#x1f31f; \u00a1Atenci\u00f3n viajeros! &#x1f31f; Solo por tiempo limitado, lanzamos una oferta flash para viajar en mayo. &#x1f6a2; \u00a1Sigue leyendo para ahorrar en tu viaje en ferry!<\/p>\n\n\n\n<p>Disfruta de un <strong>25% de descuento en tu billete de ferry <\/strong>en la ruta Barcelona o Valencia a Baleares o viceversa. <\/p>\n\n\n\n<p>Estos son los trayectos que est\u00e1n en promoci\u00f3n y que puedes reservar en Pr\u00f3ximo Ferry:<\/p>\n\n\n\n<ul class=\"wp-block-list\"><li>Ruta Barcelona &lt;&gt; Palma, Alc\u00fadia, Ibiza y Mah\u00f3n.<\/li><li>Ruta Val\u00e8ncia &lt;&gt; Palma, Ibiza.<\/li><\/ul>\n\n\n\n<figure class=\"wp-block-image\"><a href=\"https:\/\/booking.proximoferry.com\/\"><img loading=\"lazy\" decoding=\"async\" width=\"1024\" height=\"237\" src=\"https:\/\/proximoferry.brikkelt.nl\/blog\/wp-content\/uploads\/2023\/03\/reserva-tu-ferry-1024x237.png\" alt=\"reservar con proximo ferry\" class=\"wp-image-6530\" srcset=\"https:\/\/proximoferry.brikkelt.nl\/blog\/wp-content\/uploads\/2023\/03\/reserva-tu-ferry-1024x237.png 1024w, https:\/\/proximoferry.brikkelt.nl\/blog\/wp-content\/uploads\/2023\/03\/reserva-tu-ferry-300x69.png 300w, https:\/\/proximoferry.brikkelt.nl\/blog\/wp-content\/uploads\/2023\/03\/reserva-tu-ferry-768x178.png 768w, https:\/\/proximoferry.brikkelt.nl\/blog\/wp-content\/uploads\/2023\/03\/reserva-tu-ferry-470x109.png 470w, https:\/\/proximoferry.brikkelt.nl\/blog\/wp-content\/uploads\/2023\/03\/reserva-tu-ferry.png 1080w\" sizes=\"(max-width: 1024px) 100vw, 1024px\" \/><\/a><\/figure>\n\n\n\n<p>Recuerda reservar esta oferta flash, <strong>hasta el 30 de abril <\/strong>de 2024, para <strong>viajar desde el 01 de mayo hasta el 30 de septiembre.<\/strong><\/p>\n\n\n\n<p>Oferta sujeta al ferry Trasmed, son plazas limitadas en trayectos de ida y vuelta para un m\u00e1ximo de 4 pasajeros, el descuento del 25% se aplicar\u00e1 directamente al total de la reserva. \u00a1No dejes pasar esta oportunidad y reserva ya tu viaje con nosotros! &#x1f30a;&#x2693;&#xfe0f; <\/p>\n\n\n\n<p><\/p>\n","protected":false},"excerpt":{"rendered":"<p>&#x1f31f; \u00a1Atenci\u00f3n viajeros! &#x1f31f; Solo por tiempo limitado, lanzamos una oferta flash para viajar en mayo. &#x1f6a2; \u00a1Sigue leyendo para ahorrar en<span class=\"ellipsis\">&#8230;<\/span><\/p>\n","protected":false},"author":3,"featured_media":8231,"parent":6510,"menu_order":42,"comment_status":"closed","ping_status":"closed","template":"","meta":{"footnotes":""},"class_list":["post-8229","page","type-page","status-publish","has-post-thumbnail","hentry","es-ES"],"_links":{"self":[{"href":"https:\/\/proximoferry.brikkelt.nl\/blog\/wp-json\/wp\/v2\/pages\/8229"}],"collection":[{"href":"https:\/\/proximoferry.brikkelt.nl\/blog\/wp-json\/wp\/v2\/pages"}],"about":[{"href":"https:\/\/proximoferry.brikkelt.nl\/blog\/wp-json\/wp\/v2\/types\/page"}],"author":[{"embeddable":true,"href":"https:\/\/proximoferry.brikkelt.nl\/blog\/wp-json\/wp\/v2\/users\/3"}],"replies":[{"embeddable":true,"href":"https:\/\/proximoferry.brikkelt.nl\/blog\/wp-json\/wp\/v2\/comments?post=8229"}],"version-history":[{"count":4,"href":"https:\/\/proximoferry.brikkelt.nl\/blog\/wp-json\/wp\/v2\/pages\/8229\/revisions"}],"predecessor-version":[{"id":8719,"href":"https:\/\/proximoferry.brikkelt.nl\/blog\/wp-json\/wp\/v2\/pages\/8229\/revisions\/8719"}],"up":[{"embeddable":true,"href":"https:\/\/proximoferry.brikkelt.nl\/blog\/wp-json\/wp\/v2\/pages\/6510"}],"wp:featuredmedia":[{"embeddable":true,"href":"https:\/\/proximoferry.brikkelt.nl\/blog\/wp-json\/wp\/v2\/media\/8231"}],"wp:attachment":[{"href":"https:\/\/proximoferry.brikkelt.nl\/blog\/wp-json\/wp\/v2\/media?parent=8229"}],"curies":[{"name":"wp","href":"https:\/\/api.w.org\/{rel}","templated":true}]}}