{"id":8114,"date":"2024-02-28T13:23:51","date_gmt":"2024-02-28T13:23:51","guid":{"rendered":"https:\/\/proximoferry.brikkelt.nl\/blog\/?page_id=8114"},"modified":"2024-02-28T13:23:52","modified_gmt":"2024-02-28T13:23:52","slug":"como-se-comunica-la-apertura-de-los-puertos-de-ibiza-y-formentera","status":"publish","type":"page","link":"https:\/\/proximoferry.brikkelt.nl\/blog\/tips\/como-se-comunica-la-apertura-de-los-puertos-de-ibiza-y-formentera\/","title":{"rendered":"\u00bfC\u00f3mo se comunica la apertura de los puertos de Ibiza y Formentera?"},"content":{"rendered":"\n<p> La apertura del puerto se comunica de manera similar al cierre, a trav\u00e9s del tel\u00e9fono y correo electr\u00f3nico a las navieras. Es importante estar atento a las actualizaciones de la Autoridad Portuaria para conocer cu\u00e1ndo se reabrir\u00e1n los puertos y poder planificar los viajes en ferry de manera adecuada. <\/p>\n\n\n\n<p> Recuerda que la apertura de los puertos puede estar sujeta a cambios repentinos debido a diversas circunstancias, por lo que es importante mantenerse informado y estar preparado para posibles cambios en los planes de viaje. <\/p>\n\n\n\n<p>En <a href=\"https:\/\/www.proximoferry.com\/\">Pr\u00f3ximo Ferry,<\/a> puedes estar informado de las cancelaciones de los ferries a Formentera e Ibiza, b\u00e1jate nuestra APP <a href=\"https:\/\/play.google.com\/store\/apps\/details?id=com.proximoferry.proximoferryapp&amp;hl=es&amp;gl=US\">aqu\u00ed,<\/a> te permitir\u00e1 planificar tu viaje de manera m\u00e1s eficiente y sin contratiempos. <\/p>\n","protected":false},"excerpt":{"rendered":"<p>La apertura del puerto se comunica de manera similar al cierre, a trav\u00e9s del tel\u00e9fono y correo electr\u00f3nico a las navieras. Es<span class=\"ellipsis\">&#8230;<\/span><\/p>\n","protected":false},"author":3,"featured_media":6681,"parent":4770,"menu_order":3,"comment_status":"closed","ping_status":"closed","template":"","meta":{"footnotes":""},"class_list":["post-8114","page","type-page","status-publish","has-post-thumbnail","hentry","es-ES"],"_links":{"self":[{"href":"https:\/\/proximoferry.brikkelt.nl\/blog\/wp-json\/wp\/v2\/pages\/8114"}],"collection":[{"href":"https:\/\/proximoferry.brikkelt.nl\/blog\/wp-json\/wp\/v2\/pages"}],"about":[{"href":"https:\/\/proximoferry.brikkelt.nl\/blog\/wp-json\/wp\/v2\/types\/page"}],"author":[{"embeddable":true,"href":"https:\/\/proximoferry.brikkelt.nl\/blog\/wp-json\/wp\/v2\/users\/3"}],"replies":[{"embeddable":true,"href":"https:\/\/proximoferry.brikkelt.nl\/blog\/wp-json\/wp\/v2\/comments?post=8114"}],"version-history":[{"count":1,"href":"https:\/\/proximoferry.brikkelt.nl\/blog\/wp-json\/wp\/v2\/pages\/8114\/revisions"}],"predecessor-version":[{"id":8116,"href":"https:\/\/proximoferry.brikkelt.nl\/blog\/wp-json\/wp\/v2\/pages\/8114\/revisions\/8116"}],"up":[{"embeddable":true,"href":"https:\/\/proximoferry.brikkelt.nl\/blog\/wp-json\/wp\/v2\/pages\/4770"}],"wp:featuredmedia":[{"embeddable":true,"href":"https:\/\/proximoferry.brikkelt.nl\/blog\/wp-json\/wp\/v2\/media\/6681"}],"wp:attachment":[{"href":"https:\/\/proximoferry.brikkelt.nl\/blog\/wp-json\/wp\/v2\/media?parent=8114"}],"curies":[{"name":"wp","href":"https:\/\/api.w.org\/{rel}","templated":true}]}}