{"id":8002,"date":"2024-02-08T10:34:00","date_gmt":"2024-02-08T10:34:00","guid":{"rendered":"https:\/\/proximoferry.brikkelt.nl\/blog\/?page_id=8002"},"modified":"2024-04-24T08:57:28","modified_gmt":"2024-04-24T08:57:28","slug":"descubre-las-maravillas-de-baleares-con-un-descuento-del-30-esta-semana-santa","status":"publish","type":"page","link":"https:\/\/proximoferry.brikkelt.nl\/blog\/ofertas\/descubre-las-maravillas-de-baleares-con-un-descuento-del-30-esta-semana-santa\/","title":{"rendered":"Descubre las maravillas de Baleares con un descuento del 30% esta Semana Santa"},"content":{"rendered":"\n<figure class=\"wp-block-image\"><img loading=\"lazy\" decoding=\"async\" width=\"1024\" height=\"142\" src=\"https:\/\/proximoferry.brikkelt.nl\/blog\/wp-content\/uploads\/2023\/04\/oferta-ferry-viajar-1024x142.png\" alt=\"\" class=\"wp-image-6601\" srcset=\"https:\/\/proximoferry.brikkelt.nl\/blog\/wp-content\/uploads\/2023\/04\/oferta-ferry-viajar-1024x142.png 1024w, https:\/\/proximoferry.brikkelt.nl\/blog\/wp-content\/uploads\/2023\/04\/oferta-ferry-viajar-300x42.png 300w, https:\/\/proximoferry.brikkelt.nl\/blog\/wp-content\/uploads\/2023\/04\/oferta-ferry-viajar-768x107.png 768w, https:\/\/proximoferry.brikkelt.nl\/blog\/wp-content\/uploads\/2023\/04\/oferta-ferry-viajar-470x65.png 470w, https:\/\/proximoferry.brikkelt.nl\/blog\/wp-content\/uploads\/2023\/04\/oferta-ferry-viajar.png 1080w\" sizes=\"(max-width: 1024px) 100vw, 1024px\" \/><\/figure>\n\n\n\n<p>Esta <strong>Semana Santa, aprovecha un descuento del 30%<\/strong> para viajar a Baleares o la Pen\u00ednsula con el <strong>ferry Trasmed.<\/strong> \u00a1Prepara tus maletas y disfruta de unas vacaciones inolvidables en las islas!<\/p>\n\n\n\n<p>Baleares es un destino tur\u00edstico que lo tiene todo: playas de ensue\u00f1o, aguas cristalinas, una rica cultura y una deliciosa gastronom\u00eda. En la web\/APP de <a href=\"https:\/\/booking.proximoferry.com\/\">Pr\u00f3ximo Ferry,<\/a> podr\u00e1s disfrutar de un descuento excepcional para vivir una experiencia \u00fanica en estas maravillosas islas.<\/p>\n\n\n\n<figure class=\"wp-block-image\"><img loading=\"lazy\" decoding=\"async\" width=\"1024\" height=\"1024\" src=\"https:\/\/proximoferry.brikkelt.nl\/blog\/wp-content\/uploads\/2024\/02\/semana-santa-baleares-1024x1024.png\" alt=\"\" class=\"wp-image-8006\" srcset=\"https:\/\/proximoferry.brikkelt.nl\/blog\/wp-content\/uploads\/2024\/02\/semana-santa-baleares-1024x1024.png 1024w, https:\/\/proximoferry.brikkelt.nl\/blog\/wp-content\/uploads\/2024\/02\/semana-santa-baleares-150x150.png 150w, https:\/\/proximoferry.brikkelt.nl\/blog\/wp-content\/uploads\/2024\/02\/semana-santa-baleares-300x300.png 300w, https:\/\/proximoferry.brikkelt.nl\/blog\/wp-content\/uploads\/2024\/02\/semana-santa-baleares-768x768.png 768w, https:\/\/proximoferry.brikkelt.nl\/blog\/wp-content\/uploads\/2024\/02\/semana-santa-baleares-470x470.png 470w, https:\/\/proximoferry.brikkelt.nl\/blog\/wp-content\/uploads\/2024\/02\/semana-santa-baleares.png 1080w\" sizes=\"(max-width: 1024px) 100vw, 1024px\" \/><figcaption>Cal\u00f3 Des Moro (Mallorca)<\/figcaption><\/figure>\n\n\n\n<p><strong>\u00bfQu\u00e9 te espera en Baleares durante Semana Santa?<\/strong> Podr\u00e1s relajarte en las playas de arena blanca y aguas turquesas de Mallorca, descubrir los rincones m\u00e1s pintorescos de Menorca, disfrutar de la animada vida nocturna de Ibiza o sumergirte en la historia y el encanto de Formentera. <strong>Cada isla tiene su propio encanto y te ofrece una experiencia \u00fanica.<\/strong><\/p>\n\n\n\n<p>Si estas en las Islas, aprovecha para ahorrar y <strong>viaja a los puertos de Barcelona o Valencia en ferry, <\/strong>y disfruta de unas vacaciones como tu quieras.<\/p>\n\n\n\n<figure class=\"wp-block-image\"><img loading=\"lazy\" decoding=\"async\" width=\"1024\" height=\"1024\" src=\"https:\/\/proximoferry.brikkelt.nl\/blog\/wp-content\/uploads\/2024\/02\/Ferry-barcelona-1024x1024.png\" alt=\"\" class=\"wp-image-8007\" srcset=\"https:\/\/proximoferry.brikkelt.nl\/blog\/wp-content\/uploads\/2024\/02\/Ferry-barcelona-1024x1024.png 1024w, https:\/\/proximoferry.brikkelt.nl\/blog\/wp-content\/uploads\/2024\/02\/Ferry-barcelona-150x150.png 150w, https:\/\/proximoferry.brikkelt.nl\/blog\/wp-content\/uploads\/2024\/02\/Ferry-barcelona-300x300.png 300w, https:\/\/proximoferry.brikkelt.nl\/blog\/wp-content\/uploads\/2024\/02\/Ferry-barcelona-768x768.png 768w, https:\/\/proximoferry.brikkelt.nl\/blog\/wp-content\/uploads\/2024\/02\/Ferry-barcelona-470x470.png 470w, https:\/\/proximoferry.brikkelt.nl\/blog\/wp-content\/uploads\/2024\/02\/Ferry-barcelona.png 1080w\" sizes=\"(max-width: 1024px) 100vw, 1024px\" \/><figcaption>Puerto de Barcelona<\/figcaption><\/figure>\n\n\n\n<p>Adem\u00e1s, <strong>viajar en ferry es disfrutar de un viaje c\u00f3modo y seguro<\/strong>. Nuestra <a href=\"https:\/\/booking.proximoferry.com\/\">web <\/a>te muestra una <strong>comparativa con todas los barcos<\/strong> para que tu elijas en todo momento y no pierdas el tiempo. Son ferrys con restaurantes, bares, tiendas y zonas de entretenimiento a bordo. \u00a1El viaje en s\u00ed mismo ser\u00e1 una experiencia inolvidable!<\/p>\n\n\n\n<p>No pierdas la oportunidad de<strong> disfrutar de un descuento del 30%,<\/strong> en tu viaje a Baleares o Pen\u00ednsula. Aprovecha esta oferta especial y reserva tus vacaciones ahora mismo. \u00a1No te arrepentir\u00e1s!<\/p>\n\n\n\n<figure class=\"wp-block-image\"><a href=\"https:\/\/booking.proximoferry.com\/\"><img loading=\"lazy\" decoding=\"async\" width=\"1024\" height=\"237\" src=\"https:\/\/proximoferry.brikkelt.nl\/blog\/wp-content\/uploads\/2023\/03\/reserva-tu-ferry-1024x237.png\" alt=\"\" class=\"wp-image-6530\" srcset=\"https:\/\/proximoferry.brikkelt.nl\/blog\/wp-content\/uploads\/2023\/03\/reserva-tu-ferry-1024x237.png 1024w, https:\/\/proximoferry.brikkelt.nl\/blog\/wp-content\/uploads\/2023\/03\/reserva-tu-ferry-300x69.png 300w, https:\/\/proximoferry.brikkelt.nl\/blog\/wp-content\/uploads\/2023\/03\/reserva-tu-ferry-768x178.png 768w, https:\/\/proximoferry.brikkelt.nl\/blog\/wp-content\/uploads\/2023\/03\/reserva-tu-ferry-470x109.png 470w, https:\/\/proximoferry.brikkelt.nl\/blog\/wp-content\/uploads\/2023\/03\/reserva-tu-ferry.png 1080w\" sizes=\"(max-width: 1024px) 100vw, 1024px\" \/><\/a><\/figure>\n\n\n\n<p>Recuerda, para disfrutar de este descuento exclusivo, <strong>reserva antes de que acabe la promoci\u00f3n 18 de marzo<\/strong>. \u00a1No dejes pasar esta oportunidad y prep\u00e1rate para vivir una Semana Santa inolvidable en Baleares!<\/p>\n\n\n\n<h3 class=\"wp-block-heading\">Condiciones de la oferta <\/h3>\n\n\n\n<ul class=\"wp-block-list\"><li>Descuento del 30% para <strong>viajar del 22 de Marzo al 08 de abril de 2024<\/strong><\/li><li>Para <strong>reservar hasta el 18 de marzo.<\/strong><\/li><li>Ferry Trasmed, Barcelona y Valencia a Baleares y viceversa, <strong>quedan excluidas las salidas:<\/strong><\/li><\/ul>\n\n\n\n<p><strong>Palma &#8211; Barcelona<\/strong> 28 de marzo y 01 de abril, V<strong>alencia &#8211; Palma<\/strong> 01 y 07 de abril, <strong>Palma &#8211; Valencia<\/strong> 28 de marzo y 05 de abril, y <strong>Alc\u00fadia &#8211; Barcelona<\/strong> el 31 de marzo.<\/p>\n\n\n\n<ul class=\"wp-block-list\"><li>Reservas de ida y vuelta, sobre el precio de la tarifa en acomodaci\u00f3n butaca, camarote, veh\u00edculos y reservas para mascota<\/li><li>Plazas limitadas<\/li><\/ul>\n","protected":false},"excerpt":{"rendered":"<p>Esta Semana Santa, aprovecha un descuento del 30% para viajar a Baleares o la Pen\u00ednsula con el ferry Trasmed. \u00a1Prepara tus maletas<span class=\"ellipsis\">&#8230;<\/span><\/p>\n","protected":false},"author":3,"featured_media":8003,"parent":6510,"menu_order":22,"comment_status":"closed","ping_status":"closed","template":"","meta":{"footnotes":""},"class_list":["post-8002","page","type-page","status-publish","has-post-thumbnail","hentry","es-ES"],"_links":{"self":[{"href":"https:\/\/proximoferry.brikkelt.nl\/blog\/wp-json\/wp\/v2\/pages\/8002"}],"collection":[{"href":"https:\/\/proximoferry.brikkelt.nl\/blog\/wp-json\/wp\/v2\/pages"}],"about":[{"href":"https:\/\/proximoferry.brikkelt.nl\/blog\/wp-json\/wp\/v2\/types\/page"}],"author":[{"embeddable":true,"href":"https:\/\/proximoferry.brikkelt.nl\/blog\/wp-json\/wp\/v2\/users\/3"}],"replies":[{"embeddable":true,"href":"https:\/\/proximoferry.brikkelt.nl\/blog\/wp-json\/wp\/v2\/comments?post=8002"}],"version-history":[{"count":7,"href":"https:\/\/proximoferry.brikkelt.nl\/blog\/wp-json\/wp\/v2\/pages\/8002\/revisions"}],"predecessor-version":[{"id":8338,"href":"https:\/\/proximoferry.brikkelt.nl\/blog\/wp-json\/wp\/v2\/pages\/8002\/revisions\/8338"}],"up":[{"embeddable":true,"href":"https:\/\/proximoferry.brikkelt.nl\/blog\/wp-json\/wp\/v2\/pages\/6510"}],"wp:featuredmedia":[{"embeddable":true,"href":"https:\/\/proximoferry.brikkelt.nl\/blog\/wp-json\/wp\/v2\/media\/8003"}],"wp:attachment":[{"href":"https:\/\/proximoferry.brikkelt.nl\/blog\/wp-json\/wp\/v2\/media?parent=8002"}],"curies":[{"name":"wp","href":"https:\/\/api.w.org\/{rel}","templated":true}]}}