{"id":7994,"date":"2024-02-07T11:07:58","date_gmt":"2024-02-07T11:07:58","guid":{"rendered":"https:\/\/proximoferry.brikkelt.nl\/blog\/?page_id=7994"},"modified":"2024-04-24T09:06:09","modified_gmt":"2024-04-24T09:06:09","slug":"oferta-viaja-con-tu-coche-gratis-en-ferry","status":"publish","type":"page","link":"https:\/\/proximoferry.brikkelt.nl\/blog\/ofertas\/oferta-viaja-con-tu-coche-gratis-en-ferry\/","title":{"rendered":"\u00a1Aprovecha nuestra oferta  y embarca tu coche GRATIS al reservar en ferry Trasmed!"},"content":{"rendered":"\n<figure class=\"wp-block-image\"><img loading=\"lazy\" decoding=\"async\" width=\"1024\" height=\"142\" src=\"https:\/\/proximoferry.brikkelt.nl\/blog\/wp-content\/uploads\/2023\/04\/oferta-ferry-viajar-1024x142.png\" alt=\"\" class=\"wp-image-6601\" srcset=\"https:\/\/proximoferry.brikkelt.nl\/blog\/wp-content\/uploads\/2023\/04\/oferta-ferry-viajar-1024x142.png 1024w, https:\/\/proximoferry.brikkelt.nl\/blog\/wp-content\/uploads\/2023\/04\/oferta-ferry-viajar-300x42.png 300w, https:\/\/proximoferry.brikkelt.nl\/blog\/wp-content\/uploads\/2023\/04\/oferta-ferry-viajar-768x107.png 768w, https:\/\/proximoferry.brikkelt.nl\/blog\/wp-content\/uploads\/2023\/04\/oferta-ferry-viajar-470x65.png 470w, https:\/\/proximoferry.brikkelt.nl\/blog\/wp-content\/uploads\/2023\/04\/oferta-ferry-viajar.png 1080w\" sizes=\"(max-width: 1024px) 100vw, 1024px\" \/><\/figure>\n\n\n\n<p>\u00bfEst\u00e1s planeando unas v<strong>acaciones en las Islas Baleares o en la Pen\u00ednsula<\/strong> y quieres llevar tu coche contigo? \u00a1No te preocupes! Ahora puedes disfrutar de esta oferta y embarcar tu coche gratis<strong> al viajar en ferry.<\/strong><\/p>\n\n\n\n<p>Viajar en ferry con tu coche es la forma m\u00e1s c\u00f3moda y conveniente de explorar nuevos destinos. <strong>Sin tener que preocuparte por alquilar un coche en tu lugar de destino, <\/strong>puedes llevar tu propio veh\u00edculo y <strong>disfrutar de la libertad de moverte a tu propio ritmo.<\/strong><\/p>\n\n\n\n<figure class=\"wp-block-image\"><img loading=\"lazy\" decoding=\"async\" width=\"1024\" height=\"1024\" src=\"https:\/\/proximoferry.brikkelt.nl\/blog\/wp-content\/uploads\/2024\/02\/Ferry-a-Barcelona-1024x1024.png\" alt=\"\" class=\"wp-image-7998\" srcset=\"https:\/\/proximoferry.brikkelt.nl\/blog\/wp-content\/uploads\/2024\/02\/Ferry-a-Barcelona-1024x1024.png 1024w, https:\/\/proximoferry.brikkelt.nl\/blog\/wp-content\/uploads\/2024\/02\/Ferry-a-Barcelona-150x150.png 150w, https:\/\/proximoferry.brikkelt.nl\/blog\/wp-content\/uploads\/2024\/02\/Ferry-a-Barcelona-300x300.png 300w, https:\/\/proximoferry.brikkelt.nl\/blog\/wp-content\/uploads\/2024\/02\/Ferry-a-Barcelona-768x768.png 768w, https:\/\/proximoferry.brikkelt.nl\/blog\/wp-content\/uploads\/2024\/02\/Ferry-a-Barcelona-470x470.png 470w, https:\/\/proximoferry.brikkelt.nl\/blog\/wp-content\/uploads\/2024\/02\/Ferry-a-Barcelona.png 1080w\" sizes=\"(max-width: 1024px) 100vw, 1024px\" \/><figcaption>Barcelona<\/figcaption><\/figure>\n\n\n\n<p><strong>Nuestra web\/APP ofrece una comparativa con todas las compa\u00f1\u00edas<\/strong> que operan  desde la Pen\u00ednsula hasta las Islas Baleares, y viceversa. Para que puedas elegir la mejor opci\u00f3n, y tambi\u00e9n las ofertas y promociones <strong>para que ahorres dinero al viajar. <\/strong>Consulta todos los ferries <a href=\"https:\/\/booking.proximoferry.com\/\">aqu\u00ed.<\/a><\/p>\n\n\n\n<figure class=\"wp-block-image\"><a href=\"https:\/\/booking.proximoferry.com\/\"><img loading=\"lazy\" decoding=\"async\" width=\"1024\" height=\"237\" src=\"https:\/\/proximoferry.brikkelt.nl\/blog\/wp-content\/uploads\/2023\/03\/reserva-tu-ferry-1024x237.png\" alt=\"\" class=\"wp-image-6530\" srcset=\"https:\/\/proximoferry.brikkelt.nl\/blog\/wp-content\/uploads\/2023\/03\/reserva-tu-ferry-1024x237.png 1024w, https:\/\/proximoferry.brikkelt.nl\/blog\/wp-content\/uploads\/2023\/03\/reserva-tu-ferry-300x69.png 300w, https:\/\/proximoferry.brikkelt.nl\/blog\/wp-content\/uploads\/2023\/03\/reserva-tu-ferry-768x178.png 768w, https:\/\/proximoferry.brikkelt.nl\/blog\/wp-content\/uploads\/2023\/03\/reserva-tu-ferry-470x109.png 470w, https:\/\/proximoferry.brikkelt.nl\/blog\/wp-content\/uploads\/2023\/03\/reserva-tu-ferry.png 1080w\" sizes=\"(max-width: 1024px) 100vw, 1024px\" \/><\/a><\/figure>\n\n\n\n<p>Adem\u00e1s de embarcar tu<strong> coche gratis<\/strong>, tambi\u00e9n puedes reservar la acomodaci\u00f3n que m\u00e1s te interese, butaca superior, camarote&#8230;.  para que tu experiencia sea a\u00fan m\u00e1s agradable. Puedes disfrutar de excelentes comodidades a bordo, como restaurantes, tiendas y zonas de ocio.<\/p>\n\n\n\n<figure class=\"wp-block-image\"><img decoding=\"async\" src=\"https:\/\/proximoferry.brikkelt.nl\/blog\/wp-content\/uploads\/2024\/02\/ferry-a-Menorca-1024x1024.png\" alt=\"\" class=\"wp-image-7999\"\/><figcaption>Cala en Turqueta Ciutadella (Menorca)<\/figcaption><\/figure>\n\n\n\n<p><strong>Condiciones de la oferta:<\/strong><\/p>\n\n\n\n<ul class=\"wp-block-list\"><li>Oferta ferry <strong>TRASMED <\/strong><\/li><li>Rutas de ferry de Barcelona y Valencia a Baleares y viceversa e interislas Alc\u00fadia &lt;&gt; Ciutadella.<\/li><li>Fechas de<strong> reserva y viaje FEBRERO<\/strong><\/li><li><strong>COCHE GRATIS<\/strong> en la reserva del veh\u00edculo.<\/li><li>Reservas de<strong> ida y vuelta<\/strong> para un m\u00e1ximo de 4 personas<\/li><li><strong>Plazas limitadas<\/strong><\/li><\/ul>\n\n\n\n<p>No pierdas la oportunidad de aprovechar esta oferta especial y viajar con tu <strong>coche gratis<\/strong>. \u00a1Reserva tu billete de ferry ahora y empieza a planificar tus vacaciones!<\/p>\n","protected":false},"excerpt":{"rendered":"<p>\u00bfEst\u00e1s planeando unas vacaciones en las Islas Baleares o en la Pen\u00ednsula y quieres llevar tu coche contigo? \u00a1No te preocupes! Ahora<span class=\"ellipsis\">&#8230;<\/span><\/p>\n","protected":false},"author":3,"featured_media":7995,"parent":6510,"menu_order":50,"comment_status":"closed","ping_status":"closed","template":"","meta":{"footnotes":""},"class_list":["post-7994","page","type-page","status-publish","has-post-thumbnail","hentry","es-ES"],"_links":{"self":[{"href":"https:\/\/proximoferry.brikkelt.nl\/blog\/wp-json\/wp\/v2\/pages\/7994"}],"collection":[{"href":"https:\/\/proximoferry.brikkelt.nl\/blog\/wp-json\/wp\/v2\/pages"}],"about":[{"href":"https:\/\/proximoferry.brikkelt.nl\/blog\/wp-json\/wp\/v2\/types\/page"}],"author":[{"embeddable":true,"href":"https:\/\/proximoferry.brikkelt.nl\/blog\/wp-json\/wp\/v2\/users\/3"}],"replies":[{"embeddable":true,"href":"https:\/\/proximoferry.brikkelt.nl\/blog\/wp-json\/wp\/v2\/comments?post=7994"}],"version-history":[{"count":7,"href":"https:\/\/proximoferry.brikkelt.nl\/blog\/wp-json\/wp\/v2\/pages\/7994\/revisions"}],"predecessor-version":[{"id":8347,"href":"https:\/\/proximoferry.brikkelt.nl\/blog\/wp-json\/wp\/v2\/pages\/7994\/revisions\/8347"}],"up":[{"embeddable":true,"href":"https:\/\/proximoferry.brikkelt.nl\/blog\/wp-json\/wp\/v2\/pages\/6510"}],"wp:featuredmedia":[{"embeddable":true,"href":"https:\/\/proximoferry.brikkelt.nl\/blog\/wp-json\/wp\/v2\/media\/7995"}],"wp:attachment":[{"href":"https:\/\/proximoferry.brikkelt.nl\/blog\/wp-json\/wp\/v2\/media?parent=7994"}],"curies":[{"name":"wp","href":"https:\/\/api.w.org\/{rel}","templated":true}]}}