{"id":7804,"date":"2023-12-20T12:18:31","date_gmt":"2023-12-20T12:18:31","guid":{"rendered":"https:\/\/proximoferry.brikkelt.nl\/blog\/?page_id=7804"},"modified":"2024-04-24T09:07:51","modified_gmt":"2024-04-24T09:07:51","slug":"oferta-verano-30-de-descuento","status":"publish","type":"page","link":"https:\/\/proximoferry.brikkelt.nl\/blog\/ofertas\/oferta-verano-30-de-descuento\/","title":{"rendered":"Oferta verano 30% de descuento"},"content":{"rendered":"\n<figure class=\"wp-block-image\"><img loading=\"lazy\" decoding=\"async\" width=\"1024\" height=\"142\" src=\"https:\/\/proximoferry.brikkelt.nl\/blog\/wp-content\/uploads\/2023\/04\/oferta-ferry-viajar-1024x142.png\" alt=\"\" class=\"wp-image-6601\" srcset=\"https:\/\/proximoferry.brikkelt.nl\/blog\/wp-content\/uploads\/2023\/04\/oferta-ferry-viajar-1024x142.png 1024w, https:\/\/proximoferry.brikkelt.nl\/blog\/wp-content\/uploads\/2023\/04\/oferta-ferry-viajar-300x42.png 300w, https:\/\/proximoferry.brikkelt.nl\/blog\/wp-content\/uploads\/2023\/04\/oferta-ferry-viajar-768x107.png 768w, https:\/\/proximoferry.brikkelt.nl\/blog\/wp-content\/uploads\/2023\/04\/oferta-ferry-viajar-470x65.png 470w, https:\/\/proximoferry.brikkelt.nl\/blog\/wp-content\/uploads\/2023\/04\/oferta-ferry-viajar.png 1080w\" sizes=\"(max-width: 1024px) 100vw, 1024px\" \/><\/figure>\n\n\n\n<p>Reserva tu ticket de <strong>ferry con TRASMED<\/strong>, y ahorrar\u00e1s<strong> un 30%<\/strong> en tu viaje en ferry, sigue leyendo y benef\u00edciate de esta promoci\u00f3n.<\/p>\n\n\n\n<p>Tienes tiempo para <strong>reservar hasta el 20 de febrero de 2024<\/strong>, as\u00ed que aprovecha esta oferta para <strong>viajar este verano,<\/strong> reserva entre el 24 de junio  hasta el 08 de septiembre de 2024. \u00bfA qu\u00e9 esperas? <strong>Plazas limitadas.<\/strong><\/p>\n\n\n\n<h3 class=\"wp-block-heading\">\u00bfC\u00f3mo reservar esta oferta?<\/h3>\n\n\n\n<p>Entra en el buscador de <a href=\"https:\/\/booking.proximoferry.com\/\">Pr\u00f3ximo Ferry<\/a> elige alguna de las rutas en las que quieres viajar, <strong>desde Barcelona <\/strong>&lt;&gt; Mallorca, Menorca o viceversa, tambi\u00e9n <strong>desde Valencia<\/strong> &lt;&gt; Mallorca, Ibiza o entre Palma o Ibiza y reserva con <strong>Trasmed<\/strong>, dentro de las fechas de aplicaci\u00f3n de la oferta, esta promoci\u00f3n se aplica directamente sobre el precio de tu viaje, en las acomodaciones de butaca, camarote, o si en tu reserva llevas el coche, mascota&#8230;Debes reservar IDA Y VUELTA.<\/p>\n\n\n\n<p>Importante: Recuerda que <strong>las plazas son limitadas <\/strong>y se agotan r\u00e1pidamente en las fechas con mayor demanda.<\/p>\n\n\n\n<figure class=\"wp-block-image\"><a href=\"https:\/\/booking.proximoferry.com\/\"><img loading=\"lazy\" decoding=\"async\" width=\"1024\" height=\"237\" src=\"https:\/\/proximoferry.brikkelt.nl\/blog\/wp-content\/uploads\/2023\/03\/reserva-tu-ferry-1024x237.png\" alt=\"\" class=\"wp-image-6530\" srcset=\"https:\/\/proximoferry.brikkelt.nl\/blog\/wp-content\/uploads\/2023\/03\/reserva-tu-ferry-1024x237.png 1024w, https:\/\/proximoferry.brikkelt.nl\/blog\/wp-content\/uploads\/2023\/03\/reserva-tu-ferry-300x69.png 300w, https:\/\/proximoferry.brikkelt.nl\/blog\/wp-content\/uploads\/2023\/03\/reserva-tu-ferry-768x178.png 768w, https:\/\/proximoferry.brikkelt.nl\/blog\/wp-content\/uploads\/2023\/03\/reserva-tu-ferry-470x109.png 470w, https:\/\/proximoferry.brikkelt.nl\/blog\/wp-content\/uploads\/2023\/03\/reserva-tu-ferry.png 1080w\" sizes=\"(max-width: 1024px) 100vw, 1024px\" \/><\/a><\/figure>\n\n\n\n<h4 class=\"wp-block-heading\">Condiciones de la oferta<\/h4>\n\n\n\n<ul class=\"wp-block-list\"><li>Reserva <strong>hasta el 20 de febrero de 2024.<\/strong><\/li><li>Viaja del 24 de junio hasta al <strong>08 de septiembre de 2024.<\/strong><\/li><li>V\u00e1lido con la compa\u00f1\u00eda Trasmed, en todos los trayectos.<\/li><li>Acomodaci\u00f3n <strong>butaca, camarote, el descuento se aplica sobre la reserva si llevas veh\u00edculo o mascota. M\u00e1ximo 4 pasajeros.<\/strong><\/li><li>Plazas limitadas.<\/li><\/ul>\n\n\n\n<p><\/p>\n","protected":false},"excerpt":{"rendered":"<p>Reserva tu ticket de ferry con TRASMED, y ahorrar\u00e1s un 30% en tu viaje en ferry, sigue leyendo y benef\u00edciate de esta<span class=\"ellipsis\">&#8230;<\/span><\/p>\n","protected":false},"author":3,"featured_media":6795,"parent":6510,"menu_order":55,"comment_status":"closed","ping_status":"closed","template":"","meta":{"footnotes":""},"class_list":["post-7804","page","type-page","status-publish","has-post-thumbnail","hentry","es-ES"],"_links":{"self":[{"href":"https:\/\/proximoferry.brikkelt.nl\/blog\/wp-json\/wp\/v2\/pages\/7804"}],"collection":[{"href":"https:\/\/proximoferry.brikkelt.nl\/blog\/wp-json\/wp\/v2\/pages"}],"about":[{"href":"https:\/\/proximoferry.brikkelt.nl\/blog\/wp-json\/wp\/v2\/types\/page"}],"author":[{"embeddable":true,"href":"https:\/\/proximoferry.brikkelt.nl\/blog\/wp-json\/wp\/v2\/users\/3"}],"replies":[{"embeddable":true,"href":"https:\/\/proximoferry.brikkelt.nl\/blog\/wp-json\/wp\/v2\/comments?post=7804"}],"version-history":[{"count":11,"href":"https:\/\/proximoferry.brikkelt.nl\/blog\/wp-json\/wp\/v2\/pages\/7804\/revisions"}],"predecessor-version":[{"id":8349,"href":"https:\/\/proximoferry.brikkelt.nl\/blog\/wp-json\/wp\/v2\/pages\/7804\/revisions\/8349"}],"up":[{"embeddable":true,"href":"https:\/\/proximoferry.brikkelt.nl\/blog\/wp-json\/wp\/v2\/pages\/6510"}],"wp:featuredmedia":[{"embeddable":true,"href":"https:\/\/proximoferry.brikkelt.nl\/blog\/wp-json\/wp\/v2\/media\/6795"}],"wp:attachment":[{"href":"https:\/\/proximoferry.brikkelt.nl\/blog\/wp-json\/wp\/v2\/media?parent=7804"}],"curies":[{"name":"wp","href":"https:\/\/api.w.org\/{rel}","templated":true}]}}