{"id":7112,"date":"2023-06-30T10:50:56","date_gmt":"2023-06-30T10:50:56","guid":{"rendered":"https:\/\/proximoferry.brikkelt.nl\/blog\/?page_id=7112"},"modified":"2023-08-08T10:38:13","modified_gmt":"2023-08-08T10:38:13","slug":"ferry-ibiza-excursion","status":"publish","type":"page","link":"https:\/\/proximoferry.brikkelt.nl\/blog\/ofertas\/ferry-ibiza-excursion\/","title":{"rendered":"Ferry Ibiza excursi\u00f3n un d\u00eda"},"content":{"rendered":"\n<p>Comienzan los d\u00edas de olvidarnos de las prisas, de volver a conectar, de disfrutar de los viajes y d\u00edas de playas sin preocupaciones, viviendo el momento, sin pensar en nada m\u00e1s que en aprovechar los d\u00edas c\u00e1lidos y la compa\u00f1\u00eda de los nuestros&#8230;. pero sobre todo de explorar el mundo con la felicidad y la inocencia de un ni\u00f1o &#x1f499;&#x26f4;<\/p>\n\n\n\n<p>Ponemos a tu alcance, <strong>Ibiza<\/strong>, ida y vuelta en el mismo d\u00eda para que no te preocupes del alojamiento, una forma r\u00e1pida y econ\u00f3mica de descubrir la Isla.<\/p>\n\n\n\n<p>Esta <strong>excursi\u00f3n<\/strong> sale <strong>desde el puerto de D\u00e9nia<\/strong> con el ferry a Ibiza, a las 07h30 y vuelta desde Ibiza a las 20h30, por lo que puedes aprovechar todo el d\u00eda.<\/p>\n\n\n\n<p> Los precios var\u00edan seg\u00fan la ocupaci\u00f3n y los d\u00edas seleccionados, si seleccionas el ferry Bale\u00e0ria, tienes la oferta, 4 personas con coche incluido desde 39\u20ac por persona.<\/p>\n\n\n\n<figure class=\"wp-block-image\"><img loading=\"lazy\" decoding=\"async\" width=\"1024\" height=\"1024\" src=\"https:\/\/proximoferry.brikkelt.nl\/blog\/wp-content\/uploads\/2023\/04\/Turismo-sostenible-playa-1024x1024.png\" alt=\"\" class=\"wp-image-6681\" srcset=\"https:\/\/proximoferry.brikkelt.nl\/blog\/wp-content\/uploads\/2023\/04\/Turismo-sostenible-playa-1024x1024.png 1024w, https:\/\/proximoferry.brikkelt.nl\/blog\/wp-content\/uploads\/2023\/04\/Turismo-sostenible-playa-150x150.png 150w, https:\/\/proximoferry.brikkelt.nl\/blog\/wp-content\/uploads\/2023\/04\/Turismo-sostenible-playa-300x300.png 300w, https:\/\/proximoferry.brikkelt.nl\/blog\/wp-content\/uploads\/2023\/04\/Turismo-sostenible-playa-768x768.png 768w, https:\/\/proximoferry.brikkelt.nl\/blog\/wp-content\/uploads\/2023\/04\/Turismo-sostenible-playa-470x470.png 470w, https:\/\/proximoferry.brikkelt.nl\/blog\/wp-content\/uploads\/2023\/04\/Turismo-sostenible-playa.png 1080w\" sizes=\"(max-width: 1024px) 100vw, 1024px\" \/><\/figure>\n\n\n\n<p>Consulta y compara todas las ofertas en <a href=\"https:\/\/booking.proximoferry.com\/\">Pr\u00f3ximo Ferry<\/a> &#x1f499;&#x26f4;<\/p>\n","protected":false},"excerpt":{"rendered":"<p>Comienzan los d\u00edas de olvidarnos de las prisas, de volver a conectar, de disfrutar de los viajes y d\u00edas de playas sin<span class=\"ellipsis\">&#8230;<\/span><\/p>\n","protected":false},"author":3,"featured_media":7113,"parent":6510,"menu_order":2,"comment_status":"closed","ping_status":"closed","template":"","meta":{"footnotes":""},"class_list":["post-7112","page","type-page","status-publish","has-post-thumbnail","hentry","es-ES"],"_links":{"self":[{"href":"https:\/\/proximoferry.brikkelt.nl\/blog\/wp-json\/wp\/v2\/pages\/7112"}],"collection":[{"href":"https:\/\/proximoferry.brikkelt.nl\/blog\/wp-json\/wp\/v2\/pages"}],"about":[{"href":"https:\/\/proximoferry.brikkelt.nl\/blog\/wp-json\/wp\/v2\/types\/page"}],"author":[{"embeddable":true,"href":"https:\/\/proximoferry.brikkelt.nl\/blog\/wp-json\/wp\/v2\/users\/3"}],"replies":[{"embeddable":true,"href":"https:\/\/proximoferry.brikkelt.nl\/blog\/wp-json\/wp\/v2\/comments?post=7112"}],"version-history":[{"count":3,"href":"https:\/\/proximoferry.brikkelt.nl\/blog\/wp-json\/wp\/v2\/pages\/7112\/revisions"}],"predecessor-version":[{"id":7116,"href":"https:\/\/proximoferry.brikkelt.nl\/blog\/wp-json\/wp\/v2\/pages\/7112\/revisions\/7116"}],"up":[{"embeddable":true,"href":"https:\/\/proximoferry.brikkelt.nl\/blog\/wp-json\/wp\/v2\/pages\/6510"}],"wp:featuredmedia":[{"embeddable":true,"href":"https:\/\/proximoferry.brikkelt.nl\/blog\/wp-json\/wp\/v2\/media\/7113"}],"wp:attachment":[{"href":"https:\/\/proximoferry.brikkelt.nl\/blog\/wp-json\/wp\/v2\/media?parent=7112"}],"curies":[{"name":"wp","href":"https:\/\/api.w.org\/{rel}","templated":true}]}}