{"id":7072,"date":"2023-06-21T13:55:35","date_gmt":"2023-06-21T13:55:35","guid":{"rendered":"https:\/\/proximoferry.brikkelt.nl\/blog\/?page_id=7072"},"modified":"2023-06-21T14:34:26","modified_gmt":"2023-06-21T14:34:26","slug":"excursion-1-dia-menorca","status":"publish","type":"page","link":"https:\/\/proximoferry.brikkelt.nl\/blog\/ofertas\/excursion-1-dia-menorca\/","title":{"rendered":"Excursi\u00f3n 1 d\u00eda Menorca"},"content":{"rendered":"\n<p><strong>\u00a1Menorca! Como viajar barato.<\/strong><\/p>\n\n\n\n<p>La excursi\u00f3n de un d\u00eda a Menorca, te ahorra la reserva de alojamiento en la isla y es ideal si tienes poco tiempo de ocio.<\/p>\n\n\n\n<p>Si eres residente en Baleares, <strong>el precio ida y vuelta es 24,75\u20ac<\/strong> ,por persona, si est\u00e1s en Mallorca de vacaciones y no eres residente en las Islas,  y quieres aprovechar para pasar el d\u00eda en la isla, el billete de ferry te costar\u00e1 97,50\u20ac.<\/p>\n\n\n\n<p>Para reservar esta oferta, entra en <a href=\"https:\/\/booking.proximoferry.com\/\">Pr\u00f3ximo Ferry<\/a>, y selecciona el Ferry Mallorca Menorca, podr\u00e1s beneficiarte de esta oferta si reservas ida y vuelta en el mismo d\u00eda, si no el precio es m\u00e1s caro.<\/p>\n\n\n\n<p>El ferry a Menorca, sale a primera hora de la ma\u00f1ana y regresa desde Menorca a las 21h00, lo que te permite aprovechar todo el d\u00eda. <\/p>\n\n\n\n<p>Recuerda que <strong>las plazas son limitadas <\/strong>y algunos d\u00edas se van agotando, por lo que te aconsejamos que reserves lo antes posible.<\/p>\n\n\n\n<p>Si viajas con ni\u00f1os a Menorca, te interesa leer esta entrada en<a href=\"https:\/\/proximoferry.brikkelt.nl\/blog\/2023\/03\/10\/viajar-a-menorca-con-ninos\/\"> nuestro blog<\/a><\/p>\n\n\n\n<p><\/p>\n\n\n\n<p><\/p>\n","protected":false},"excerpt":{"rendered":"<p>\u00a1Menorca! Como viajar barato. La excursi\u00f3n de un d\u00eda a Menorca, te ahorra la reserva de alojamiento en la isla y es<span class=\"ellipsis\">&#8230;<\/span><\/p>\n","protected":false},"author":3,"featured_media":7074,"parent":6510,"menu_order":2,"comment_status":"closed","ping_status":"closed","template":"","meta":{"footnotes":""},"class_list":["post-7072","page","type-page","status-publish","has-post-thumbnail","hentry","es-ES"],"_links":{"self":[{"href":"https:\/\/proximoferry.brikkelt.nl\/blog\/wp-json\/wp\/v2\/pages\/7072"}],"collection":[{"href":"https:\/\/proximoferry.brikkelt.nl\/blog\/wp-json\/wp\/v2\/pages"}],"about":[{"href":"https:\/\/proximoferry.brikkelt.nl\/blog\/wp-json\/wp\/v2\/types\/page"}],"author":[{"embeddable":true,"href":"https:\/\/proximoferry.brikkelt.nl\/blog\/wp-json\/wp\/v2\/users\/3"}],"replies":[{"embeddable":true,"href":"https:\/\/proximoferry.brikkelt.nl\/blog\/wp-json\/wp\/v2\/comments?post=7072"}],"version-history":[{"count":10,"href":"https:\/\/proximoferry.brikkelt.nl\/blog\/wp-json\/wp\/v2\/pages\/7072\/revisions"}],"predecessor-version":[{"id":7085,"href":"https:\/\/proximoferry.brikkelt.nl\/blog\/wp-json\/wp\/v2\/pages\/7072\/revisions\/7085"}],"up":[{"embeddable":true,"href":"https:\/\/proximoferry.brikkelt.nl\/blog\/wp-json\/wp\/v2\/pages\/6510"}],"wp:featuredmedia":[{"embeddable":true,"href":"https:\/\/proximoferry.brikkelt.nl\/blog\/wp-json\/wp\/v2\/media\/7074"}],"wp:attachment":[{"href":"https:\/\/proximoferry.brikkelt.nl\/blog\/wp-json\/wp\/v2\/media?parent=7072"}],"curies":[{"name":"wp","href":"https:\/\/api.w.org\/{rel}","templated":true}]}}