{"id":7054,"date":"2023-06-19T14:28:53","date_gmt":"2023-06-19T14:28:53","guid":{"rendered":"https:\/\/proximoferry.brikkelt.nl\/blog\/?page_id=7054"},"modified":"2024-03-07T07:25:01","modified_gmt":"2024-03-07T07:25:01","slug":"excursion-a-formentera-oferta","status":"publish","type":"page","link":"https:\/\/proximoferry.brikkelt.nl\/blog\/ofertas\/excursion-a-formentera-oferta\/","title":{"rendered":"Excursi\u00f3n a Formentera"},"content":{"rendered":"\n<p>Si necesitas un d\u00eda para recargar tu mente, descansar, para olvidarte de todo, <strong>Formentera es una apuesta segura.<\/strong><\/p>\n\n\n\n<p>Visitar<strong> la isla en un d\u00eda<\/strong>, es una posibilidad a tu alcance, con el ferry de Bale\u00e0ria, que sale a las 08h30 de la ma\u00f1ana, desde el Puerto de D\u00e9nia en Comunidad Valenciana, con destino directo sin transbordos a Formentera, y vuelta a las 21h.<\/p>\n\n\n\n<p>Es tu mejor opci\u00f3n para disfrutar del mar, desde que subes al barco, y una vez llegues a <strong>Formentera, te dar\u00e1s cuenta que es un destino natural incomparable, playero, con su gastronom\u00eda y sus mercadillos<\/strong> para ofrecernos lo mejor de la artesan\u00eda local.<\/p>\n\n\n\n<p><strong>Reserva desde 85\u20ac ida y vuelta en el d\u00eda,<\/strong> tu excursi\u00f3n a Formentera, en <a href=\"https:\/\/booking.proximoferry.com\/\">Pr\u00f3ximo Ferry.<\/a><\/p>\n\n\n\n<p>Si quieres, planificar tu viaje visita nuestro blog: <a href=\"https:\/\/proximoferry.brikkelt.nl\/blog\/onarrival\/escapada-de-un-dia-a-formentera\/\">Escapada de un d\u00eda a Formentera.<\/a><\/p>\n\n\n\n<p> <\/p>\n","protected":false},"excerpt":{"rendered":"<p>Si necesitas un d\u00eda para recargar tu mente, descansar, para olvidarte de todo, Formentera es una apuesta segura. Visitar la isla en<span class=\"ellipsis\">&#8230;<\/span><\/p>\n","protected":false},"author":3,"featured_media":7055,"parent":6510,"menu_order":2,"comment_status":"closed","ping_status":"closed","template":"","meta":{"footnotes":""},"class_list":["post-7054","page","type-page","status-publish","has-post-thumbnail","hentry","es-ES"],"_links":{"self":[{"href":"https:\/\/proximoferry.brikkelt.nl\/blog\/wp-json\/wp\/v2\/pages\/7054"}],"collection":[{"href":"https:\/\/proximoferry.brikkelt.nl\/blog\/wp-json\/wp\/v2\/pages"}],"about":[{"href":"https:\/\/proximoferry.brikkelt.nl\/blog\/wp-json\/wp\/v2\/types\/page"}],"author":[{"embeddable":true,"href":"https:\/\/proximoferry.brikkelt.nl\/blog\/wp-json\/wp\/v2\/users\/3"}],"replies":[{"embeddable":true,"href":"https:\/\/proximoferry.brikkelt.nl\/blog\/wp-json\/wp\/v2\/comments?post=7054"}],"version-history":[{"count":2,"href":"https:\/\/proximoferry.brikkelt.nl\/blog\/wp-json\/wp\/v2\/pages\/7054\/revisions"}],"predecessor-version":[{"id":7374,"href":"https:\/\/proximoferry.brikkelt.nl\/blog\/wp-json\/wp\/v2\/pages\/7054\/revisions\/7374"}],"up":[{"embeddable":true,"href":"https:\/\/proximoferry.brikkelt.nl\/blog\/wp-json\/wp\/v2\/pages\/6510"}],"wp:featuredmedia":[{"embeddable":true,"href":"https:\/\/proximoferry.brikkelt.nl\/blog\/wp-json\/wp\/v2\/media\/7055"}],"wp:attachment":[{"href":"https:\/\/proximoferry.brikkelt.nl\/blog\/wp-json\/wp\/v2\/media?parent=7054"}],"curies":[{"name":"wp","href":"https:\/\/api.w.org\/{rel}","templated":true}]}}