{"id":6986,"date":"2023-06-09T07:23:07","date_gmt":"2023-06-09T07:23:07","guid":{"rendered":"https:\/\/proximoferry.brikkelt.nl\/blog\/?page_id=6986"},"modified":"2023-07-06T07:53:20","modified_gmt":"2023-07-06T07:53:20","slug":"oferta-ferry-menorca-30-descuento","status":"publish","type":"page","link":"https:\/\/proximoferry.brikkelt.nl\/blog\/ofertas\/oferta-ferry-menorca-30-descuento\/","title":{"rendered":"Oferta ferry Menorca: 30% descuento"},"content":{"rendered":"\n<figure class=\"wp-block-image\"><img loading=\"lazy\" decoding=\"async\" width=\"1024\" height=\"142\" src=\"https:\/\/proximoferry.brikkelt.nl\/blog\/wp-content\/uploads\/2023\/04\/oferta-ferry-viajar-1024x142.png\" alt=\"\" class=\"wp-image-6601\" srcset=\"https:\/\/proximoferry.brikkelt.nl\/blog\/wp-content\/uploads\/2023\/04\/oferta-ferry-viajar-1024x142.png 1024w, https:\/\/proximoferry.brikkelt.nl\/blog\/wp-content\/uploads\/2023\/04\/oferta-ferry-viajar-300x42.png 300w, https:\/\/proximoferry.brikkelt.nl\/blog\/wp-content\/uploads\/2023\/04\/oferta-ferry-viajar-768x107.png 768w, https:\/\/proximoferry.brikkelt.nl\/blog\/wp-content\/uploads\/2023\/04\/oferta-ferry-viajar-470x65.png 470w, https:\/\/proximoferry.brikkelt.nl\/blog\/wp-content\/uploads\/2023\/04\/oferta-ferry-viajar.png 1080w\" sizes=\"(max-width: 1024px) 100vw, 1024px\" \/><\/figure>\n\n\n\n<p>\u00bfPlaneando ir a Menorca? ahorra dinero al reservar con el <strong>Ferry Trasmed<\/strong><\/p>\n\n\n\n<h3 class=\"wp-block-heading\">\u00bfC\u00f3mo reservar esta oferta en <strong>Pr\u00f3ximo Ferry<\/strong>?<\/h3>\n\n\n\n<p>Muy f\u00e1cil, entra en nuestro motor de reservas, haciendo click <a href=\"https:\/\/booking.proximoferry.com\/\">aqu\u00ed<\/a>, selecciona <strong>IDA Y VUELTA<\/strong>, despu\u00e9s tu destino y las <strong>fechas de viaje<\/strong> (de junio hasta el 10 de septiembre), el n\u00famero de personas, veh\u00edculo si quieres, y mascota&#8230;.<\/p>\n\n\n\n<p>Importante el descuento se aplicar\u00e1 directamente sobre el precio de tu viaje sin c\u00f3digos.<\/p>\n\n\n\n<p>Condiciones de la oferta:<\/p>\n\n\n\n<ul class=\"wp-block-list\"><li>V\u00e1lido para la l\u00ednea Barcelona &lt;&gt; Menorca o viceversa<\/li><li>Fechas de reserva hasta el <strong>30 de junio de 2023<\/strong><\/li><li>Fechas de viaje hasta el <strong>10 de septiembre<\/strong> de 2023<\/li><li><strong>30% de descuento<\/strong>, en camarote, butaca, coche y tu mascota.<\/li><li>Plazas limitadas<\/li><\/ul>\n\n\n\n<figure class=\"wp-block-image\"><a href=\"https:\/\/booking.proximoferry.com\/\"><img loading=\"lazy\" decoding=\"async\" width=\"1024\" height=\"237\" src=\"https:\/\/proximoferry.brikkelt.nl\/blog\/wp-content\/uploads\/2023\/03\/reserva-tu-ferry-1024x237.png\" alt=\"\" class=\"wp-image-6530\" srcset=\"https:\/\/proximoferry.brikkelt.nl\/blog\/wp-content\/uploads\/2023\/03\/reserva-tu-ferry-1024x237.png 1024w, https:\/\/proximoferry.brikkelt.nl\/blog\/wp-content\/uploads\/2023\/03\/reserva-tu-ferry-300x69.png 300w, https:\/\/proximoferry.brikkelt.nl\/blog\/wp-content\/uploads\/2023\/03\/reserva-tu-ferry-768x178.png 768w, https:\/\/proximoferry.brikkelt.nl\/blog\/wp-content\/uploads\/2023\/03\/reserva-tu-ferry-470x109.png 470w, https:\/\/proximoferry.brikkelt.nl\/blog\/wp-content\/uploads\/2023\/03\/reserva-tu-ferry.png 1080w\" sizes=\"(max-width: 1024px) 100vw, 1024px\" \/><\/a><\/figure>\n\n\n\n<p>Si eres un apasionado del deporte, de la bici, y de encontrarte con paisajes inimaginables, <strong>Menorca te encantar\u00e1<\/strong>. El cam\u00ed de Cavalls cuenta con un total de 20 tramos para que disfrutes a dos ruedas del litoral de la isla.<\/p>\n\n\n\n<p>En junio es una \u00e9poca especial para visitar la isla, se celebran las fiestas de Sant Joan en Ciutadella son \u00fanicas, pasar\u00e1s unos d\u00edas rodeados de caballos, m\u00fasica y gastronom\u00eda popular.<\/p>\n\n\n\n<figure class=\"wp-block-image\"><img loading=\"lazy\" decoding=\"async\" width=\"1024\" height=\"1024\" src=\"https:\/\/proximoferry.brikkelt.nl\/blog\/wp-content\/uploads\/2023\/06\/oferta-Menorca-1-1024x1024.png\" alt=\"\" class=\"wp-image-6991\" srcset=\"https:\/\/proximoferry.brikkelt.nl\/blog\/wp-content\/uploads\/2023\/06\/oferta-Menorca-1-1024x1024.png 1024w, https:\/\/proximoferry.brikkelt.nl\/blog\/wp-content\/uploads\/2023\/06\/oferta-Menorca-1-150x150.png 150w, https:\/\/proximoferry.brikkelt.nl\/blog\/wp-content\/uploads\/2023\/06\/oferta-Menorca-1-300x300.png 300w, https:\/\/proximoferry.brikkelt.nl\/blog\/wp-content\/uploads\/2023\/06\/oferta-Menorca-1-768x768.png 768w, https:\/\/proximoferry.brikkelt.nl\/blog\/wp-content\/uploads\/2023\/06\/oferta-Menorca-1-470x470.png 470w, https:\/\/proximoferry.brikkelt.nl\/blog\/wp-content\/uploads\/2023\/06\/oferta-Menorca-1.png 1080w\" sizes=\"(max-width: 1024px) 100vw, 1024px\" \/><\/figure>\n\n\n\n<p>Si quieres saber m\u00e1s, sobre como se celebran las fiestas de Sant Joan en Baleares, lee la entrada en nuestro <a href=\"https:\/\/proximoferry.brikkelt.nl\/blog\/2022\/06\/23\/fiestas-de-sant-joan\/\">blog<\/a><\/p>\n\n\n\n<p>Recuerda que esta oferta finaliza el <strong>30 de Junio<\/strong> \u00a1Corre no te quedes sin plazas! Reserva en <a href=\"https:\/\/booking.proximoferry.com\/\">Pr\u00f3ximo ferry<\/a><\/p>\n\n\n\n<p><\/p>\n","protected":false},"excerpt":{"rendered":"<p>\u00bfPlaneando ir a Menorca? ahorra dinero al reservar con el Ferry Trasmed \u00bfC\u00f3mo reservar esta oferta en Pr\u00f3ximo Ferry? Muy f\u00e1cil, entra<span class=\"ellipsis\">&#8230;<\/span><\/p>\n","protected":false},"author":3,"featured_media":6987,"parent":6510,"menu_order":30,"comment_status":"closed","ping_status":"closed","template":"","meta":{"footnotes":""},"class_list":["post-6986","page","type-page","status-publish","has-post-thumbnail","hentry","es-ES"],"_links":{"self":[{"href":"https:\/\/proximoferry.brikkelt.nl\/blog\/wp-json\/wp\/v2\/pages\/6986"}],"collection":[{"href":"https:\/\/proximoferry.brikkelt.nl\/blog\/wp-json\/wp\/v2\/pages"}],"about":[{"href":"https:\/\/proximoferry.brikkelt.nl\/blog\/wp-json\/wp\/v2\/types\/page"}],"author":[{"embeddable":true,"href":"https:\/\/proximoferry.brikkelt.nl\/blog\/wp-json\/wp\/v2\/users\/3"}],"replies":[{"embeddable":true,"href":"https:\/\/proximoferry.brikkelt.nl\/blog\/wp-json\/wp\/v2\/comments?post=6986"}],"version-history":[{"count":7,"href":"https:\/\/proximoferry.brikkelt.nl\/blog\/wp-json\/wp\/v2\/pages\/6986\/revisions"}],"predecessor-version":[{"id":7174,"href":"https:\/\/proximoferry.brikkelt.nl\/blog\/wp-json\/wp\/v2\/pages\/6986\/revisions\/7174"}],"up":[{"embeddable":true,"href":"https:\/\/proximoferry.brikkelt.nl\/blog\/wp-json\/wp\/v2\/pages\/6510"}],"wp:featuredmedia":[{"embeddable":true,"href":"https:\/\/proximoferry.brikkelt.nl\/blog\/wp-json\/wp\/v2\/media\/6987"}],"wp:attachment":[{"href":"https:\/\/proximoferry.brikkelt.nl\/blog\/wp-json\/wp\/v2\/media?parent=6986"}],"curies":[{"name":"wp","href":"https:\/\/api.w.org\/{rel}","templated":true}]}}