{"id":6922,"date":"2023-06-05T13:37:24","date_gmt":"2023-06-05T13:37:24","guid":{"rendered":"https:\/\/proximoferry.brikkelt.nl\/blog\/?page_id=6922"},"modified":"2023-06-19T12:50:28","modified_gmt":"2023-06-19T12:50:28","slug":"oferta-ferry-a-baleares-trasmed","status":"publish","type":"page","link":"https:\/\/proximoferry.brikkelt.nl\/blog\/ofertas\/oferta-ferry-a-baleares-trasmed\/","title":{"rendered":"Oferta Ferry a Baleares Trasmed"},"content":{"rendered":"\n<figure class=\"wp-block-image\"><img loading=\"lazy\" decoding=\"async\" width=\"1024\" height=\"142\" src=\"https:\/\/proximoferry.brikkelt.nl\/blog\/wp-content\/uploads\/2023\/04\/oferta-ferry-viajar-1024x142.png\" alt=\"\" class=\"wp-image-6601\" srcset=\"https:\/\/proximoferry.brikkelt.nl\/blog\/wp-content\/uploads\/2023\/04\/oferta-ferry-viajar-1024x142.png 1024w, https:\/\/proximoferry.brikkelt.nl\/blog\/wp-content\/uploads\/2023\/04\/oferta-ferry-viajar-300x42.png 300w, https:\/\/proximoferry.brikkelt.nl\/blog\/wp-content\/uploads\/2023\/04\/oferta-ferry-viajar-768x107.png 768w, https:\/\/proximoferry.brikkelt.nl\/blog\/wp-content\/uploads\/2023\/04\/oferta-ferry-viajar-470x65.png 470w, https:\/\/proximoferry.brikkelt.nl\/blog\/wp-content\/uploads\/2023\/04\/oferta-ferry-viajar.png 1080w\" sizes=\"(max-width: 1024px) 100vw, 1024px\" \/><\/figure>\n\n\n\n<p><strong>Viaja este verano, con un 25% de descuento en tu billete de ferry.<\/strong><\/p>\n\n\n\n<p>Si planeas viajar con tu coche a las Islas Baleares, con tu mascota a bordo, o con quien t\u00fa quieras, esta oferta te interesa.<\/p>\n\n\n\n<figure class=\"wp-block-image\"><img loading=\"lazy\" decoding=\"async\" width=\"769\" height=\"680\" src=\"https:\/\/proximoferry.brikkelt.nl\/blog\/wp-content\/uploads\/2023\/06\/oferta-trasmed-1.png\" alt=\"\" class=\"wp-image-6925\" srcset=\"https:\/\/proximoferry.brikkelt.nl\/blog\/wp-content\/uploads\/2023\/06\/oferta-trasmed-1.png 769w, https:\/\/proximoferry.brikkelt.nl\/blog\/wp-content\/uploads\/2023\/06\/oferta-trasmed-1-300x265.png 300w, https:\/\/proximoferry.brikkelt.nl\/blog\/wp-content\/uploads\/2023\/06\/oferta-trasmed-1-768x679.png 768w, https:\/\/proximoferry.brikkelt.nl\/blog\/wp-content\/uploads\/2023\/06\/oferta-trasmed-1-470x416.png 470w\" sizes=\"(max-width: 769px) 100vw, 769px\" \/><\/figure>\n\n\n\n<h3 class=\"wp-block-heading\">\u00bfC\u00f3mo reservar esta oferta?<\/h3>\n\n\n\n<p>Selecciona las fechas de tu viaje, entre <strong>el 12 de junio hasta el 30 de septiembre,<\/strong> <strong>TODO EL VERANO.<\/strong><\/p>\n\n\n\n<p>Selecciona el trayecto <strong>a Baleares <\/strong>que est\u00e1n disponibles en la oferta:<\/p>\n\n\n\n<ul class=\"wp-block-list\"><li><strong>Barcelona &lt;&gt; Alc\u00fadia\/Mah\u00f3n\/ Ibiza<\/strong><\/li><li><strong>Valencia &lt;&gt; Palma<\/strong><\/li><li><strong>Ibiza &lt;&gt; Palma<\/strong><\/li><\/ul>\n\n\n\n<p>Indica si viajas con tu coche, o decides llevar a tu mascota, y te compara todos los ferries disponibles en tiempo real, <a href=\"https:\/\/booking.proximoferry.com\/\">aqu\u00ed. <\/a><\/p>\n\n\n\n<figure class=\"wp-block-image\"><img loading=\"lazy\" decoding=\"async\" width=\"1024\" height=\"1024\" src=\"https:\/\/proximoferry.brikkelt.nl\/blog\/wp-content\/uploads\/2023\/06\/viajar-en-ferry-con-mascota-1024x1024.png\" alt=\"\" class=\"wp-image-6928\" srcset=\"https:\/\/proximoferry.brikkelt.nl\/blog\/wp-content\/uploads\/2023\/06\/viajar-en-ferry-con-mascota-1024x1024.png 1024w, https:\/\/proximoferry.brikkelt.nl\/blog\/wp-content\/uploads\/2023\/06\/viajar-en-ferry-con-mascota-150x150.png 150w, https:\/\/proximoferry.brikkelt.nl\/blog\/wp-content\/uploads\/2023\/06\/viajar-en-ferry-con-mascota-300x300.png 300w, https:\/\/proximoferry.brikkelt.nl\/blog\/wp-content\/uploads\/2023\/06\/viajar-en-ferry-con-mascota-768x768.png 768w, https:\/\/proximoferry.brikkelt.nl\/blog\/wp-content\/uploads\/2023\/06\/viajar-en-ferry-con-mascota-470x470.png 470w, https:\/\/proximoferry.brikkelt.nl\/blog\/wp-content\/uploads\/2023\/06\/viajar-en-ferry-con-mascota.png 1080w\" sizes=\"(max-width: 1024px) 100vw, 1024px\" \/><figcaption>Esta oferta tambi\u00e9n se aplica a mascota, no solo al veh\u00edculo.<\/figcaption><\/figure>\n\n\n\n<p>Recuerda que debes seleccionar un <strong>ferry de Trasmed<\/strong>, el descuento se aplica directamente en tu reserva, no hace falta introducir ning\u00fan c\u00f3digo, as\u00ed de f\u00e1cil.<\/p>\n\n\n\n<p>Y tambi\u00e9n la acomodaci\u00f3n en butaca, o si lo prefieres, escoge un camarote.<\/p>\n\n\n\n<p>Si viajas con tu mascota, as\u00ed ser\u00e1 como viaje dependiendo de lo que selecciones:<\/p>\n\n\n\n<ul class=\"wp-block-list\"><li>En la <strong>zona de butacas, puede viajar en transport\u00edn<\/strong> siempre que pese menos de 8kg ( incluyendo el transport\u00edn)<\/li><li><strong>Camarote Pet-friendly<\/strong> donde podr\u00e1s alojar hasta 2 mascotas, e incluye el \u00abWelcome Pet Bag\u00bb para la mascota, compuesto por un empapador, una bolsita de algod\u00f3n, un snack y un bebedero.<\/li><li>Pod\u00e9is pasear por todas las zonas externas del ferry y disfrutar del mar, llev\u00e1ndolo con su correa.<\/li><li>Alojar a tu mascota, en las <strong>casetas con servicio de videovigilancia<\/strong>, tambi\u00e9n podr\u00e1s visitarlo durante el viaje.<\/li><\/ul>\n\n\n\n<p>Estas son las condiciones de la oferta:<\/p>\n\n\n\n<ul class=\"wp-block-list\"><li>25% de descuento en las reservas, en acomodaci\u00f3n camarote, butaca, coche y mascota<\/li><li>Ferry Trasmed, en las l\u00edneas desde Barcelona a Palma, Alc\u00fadia, Mah\u00f3n e Ibiza y viceversa, y desde Valencia a Palma  y viceversa, el resto de l\u00edneas quedan excluidas de la promoci\u00f3n.<\/li><li>Fechas de viaje del 12 de junio hasta el 30 de septiembre de 2023.<\/li><li>Plazas limitadas.<\/li><\/ul>\n\n\n\n<figure class=\"wp-block-image\"><a href=\"https:\/\/booking.proximoferry.com\/\"><img loading=\"lazy\" decoding=\"async\" width=\"1024\" height=\"237\" src=\"https:\/\/proximoferry.brikkelt.nl\/blog\/wp-content\/uploads\/2023\/03\/reserva-tu-ferry-1024x237.png\" alt=\"\" class=\"wp-image-6530\" srcset=\"https:\/\/proximoferry.brikkelt.nl\/blog\/wp-content\/uploads\/2023\/03\/reserva-tu-ferry-1024x237.png 1024w, https:\/\/proximoferry.brikkelt.nl\/blog\/wp-content\/uploads\/2023\/03\/reserva-tu-ferry-300x69.png 300w, https:\/\/proximoferry.brikkelt.nl\/blog\/wp-content\/uploads\/2023\/03\/reserva-tu-ferry-768x178.png 768w, https:\/\/proximoferry.brikkelt.nl\/blog\/wp-content\/uploads\/2023\/03\/reserva-tu-ferry-470x109.png 470w, https:\/\/proximoferry.brikkelt.nl\/blog\/wp-content\/uploads\/2023\/03\/reserva-tu-ferry.png 1080w\" sizes=\"(max-width: 1024px) 100vw, 1024px\" \/><\/a><\/figure>\n\n\n\n<p><\/p>\n\n\n\n<p><\/p>\n\n\n\n<p><\/p>\n","protected":false},"excerpt":{"rendered":"<p>Viaja este verano, con un 25% de descuento en tu billete de ferry. Si planeas viajar con tu coche a las Islas<span class=\"ellipsis\">&#8230;<\/span><\/p>\n","protected":false},"author":3,"featured_media":6935,"parent":6510,"menu_order":10,"comment_status":"closed","ping_status":"closed","template":"","meta":{"footnotes":""},"class_list":["post-6922","page","type-page","status-publish","has-post-thumbnail","hentry","es-ES"],"_links":{"self":[{"href":"https:\/\/proximoferry.brikkelt.nl\/blog\/wp-json\/wp\/v2\/pages\/6922"}],"collection":[{"href":"https:\/\/proximoferry.brikkelt.nl\/blog\/wp-json\/wp\/v2\/pages"}],"about":[{"href":"https:\/\/proximoferry.brikkelt.nl\/blog\/wp-json\/wp\/v2\/types\/page"}],"author":[{"embeddable":true,"href":"https:\/\/proximoferry.brikkelt.nl\/blog\/wp-json\/wp\/v2\/users\/3"}],"replies":[{"embeddable":true,"href":"https:\/\/proximoferry.brikkelt.nl\/blog\/wp-json\/wp\/v2\/comments?post=6922"}],"version-history":[{"count":11,"href":"https:\/\/proximoferry.brikkelt.nl\/blog\/wp-json\/wp\/v2\/pages\/6922\/revisions"}],"predecessor-version":[{"id":7053,"href":"https:\/\/proximoferry.brikkelt.nl\/blog\/wp-json\/wp\/v2\/pages\/6922\/revisions\/7053"}],"up":[{"embeddable":true,"href":"https:\/\/proximoferry.brikkelt.nl\/blog\/wp-json\/wp\/v2\/pages\/6510"}],"wp:featuredmedia":[{"embeddable":true,"href":"https:\/\/proximoferry.brikkelt.nl\/blog\/wp-json\/wp\/v2\/media\/6935"}],"wp:attachment":[{"href":"https:\/\/proximoferry.brikkelt.nl\/blog\/wp-json\/wp\/v2\/media?parent=6922"}],"curies":[{"name":"wp","href":"https:\/\/api.w.org\/{rel}","templated":true}]}}