{"id":6665,"date":"2023-04-19T11:05:29","date_gmt":"2023-04-19T11:05:29","guid":{"rendered":"https:\/\/proximoferry.brikkelt.nl\/blog\/?page_id=6665"},"modified":"2023-04-19T13:07:20","modified_gmt":"2023-04-19T13:07:20","slug":"la-estacion-maritima-de-botafoc-en-el-puerto-de-ibiza","status":"publish","type":"page","link":"https:\/\/proximoferry.brikkelt.nl\/blog\/tips\/la-estacion-maritima-de-botafoc-en-el-puerto-de-ibiza\/","title":{"rendered":"La estaci\u00f3n mar\u00edtima de Botafoc, en el puerto de Ibiza"},"content":{"rendered":"\n<p>Se estrena <strong>la nueva estaci\u00f3n mar\u00edtima de Botafoc<\/strong>, en el puerto de Ibiza en <strong>Junio de 2023<\/strong>.<\/p>\n\n\n\n<p>Concretamente, anuncian que entra en servicio el siguiente<strong> 6 de Junio.<\/strong><\/p>\n\n\n\n<p>De esta forma lo anunci\u00f3 la Autoridad Portuaria de Baleares (APB), una vez los trabajos de obra finalizaron el mes de Marzo, el presupuesto para la realizaci\u00f3n de la nueva estaci\u00f3n mar\u00edtima de Botafoc es de m\u00e1s de 16 millones de euros.<\/p>\n\n\n\n<p><strong>Su dise\u00f1o recuerda a la arquitectura ibicenca, el edificio es de l\u00edneas rectas, color blanco y la piedra de mar\u00e9s de tonos rojizos.<\/strong><\/p>\n\n\n\n<h3 class=\"wp-block-heading\">Servicios de la nueva estaci\u00f3n mar\u00edtima en el puerto de Ibiza<\/h3>\n\n\n\n<p>Brindar\u00e1 a los pasajeros que lleguen o que quieran acceder al ferry, extensas zonas de espera, zona de embarque y desembarque por separado y todas las comodidades para asegurar el confort, esta nueva estaci\u00f3n <strong>ofrece servicio de manera simult\u00e1nea hasta a seis buques.<\/strong><\/p>\n\n\n\n<h3 class=\"wp-block-heading\">Situaci\u00f3n de la nueva estaci\u00f3n mar\u00edtima en Ibiza<\/h3>\n\n\n\n<p>La novedosa estaci\u00f3n mar\u00edtima se posiciona entre los pantalanes Norte y Sur de los muelles del Botafoc, tiene <strong>6.580 metros de \u00e1rea construida<\/strong> entre ambas plantas y la entreplanta. <\/p>\n\n\n\n<p>En la <strong>planta baja estar\u00e1n los servicios de pre-embarque y los controles de<\/strong> <strong>seguridad<\/strong>, en tanto que <strong>la entreplanta dispondr\u00e1 de despachos y la parte superior va a servir para entrar a la pasarela de embarque y desembarque de los ferrys de Ibiza.<\/strong><\/p>\n\n\n\n<p>De esta forma el tr\u00e1fico en el puerto de Ibiza ser\u00e1 mucho mas fluido, su objetivo era descongestionar el muelle de Levante.<\/p>\n\n\n\n<p><\/p>\n\n\n\n<p><\/p>\n\n\n\n<p><\/p>\n","protected":false},"excerpt":{"rendered":"<p>Se estrena la nueva estaci\u00f3n mar\u00edtima de Botafoc, en el puerto de Ibiza en Junio de 2023. Concretamente, anuncian que entra en<span class=\"ellipsis\">&#8230;<\/span><\/p>\n","protected":false},"author":3,"featured_media":6666,"parent":4770,"menu_order":1,"comment_status":"closed","ping_status":"closed","template":"","meta":{"footnotes":""},"class_list":["post-6665","page","type-page","status-publish","has-post-thumbnail","hentry","es-ES"],"_links":{"self":[{"href":"https:\/\/proximoferry.brikkelt.nl\/blog\/wp-json\/wp\/v2\/pages\/6665"}],"collection":[{"href":"https:\/\/proximoferry.brikkelt.nl\/blog\/wp-json\/wp\/v2\/pages"}],"about":[{"href":"https:\/\/proximoferry.brikkelt.nl\/blog\/wp-json\/wp\/v2\/types\/page"}],"author":[{"embeddable":true,"href":"https:\/\/proximoferry.brikkelt.nl\/blog\/wp-json\/wp\/v2\/users\/3"}],"replies":[{"embeddable":true,"href":"https:\/\/proximoferry.brikkelt.nl\/blog\/wp-json\/wp\/v2\/comments?post=6665"}],"version-history":[{"count":3,"href":"https:\/\/proximoferry.brikkelt.nl\/blog\/wp-json\/wp\/v2\/pages\/6665\/revisions"}],"predecessor-version":[{"id":6669,"href":"https:\/\/proximoferry.brikkelt.nl\/blog\/wp-json\/wp\/v2\/pages\/6665\/revisions\/6669"}],"up":[{"embeddable":true,"href":"https:\/\/proximoferry.brikkelt.nl\/blog\/wp-json\/wp\/v2\/pages\/4770"}],"wp:featuredmedia":[{"embeddable":true,"href":"https:\/\/proximoferry.brikkelt.nl\/blog\/wp-json\/wp\/v2\/media\/6666"}],"wp:attachment":[{"href":"https:\/\/proximoferry.brikkelt.nl\/blog\/wp-json\/wp\/v2\/media?parent=6665"}],"curies":[{"name":"wp","href":"https:\/\/api.w.org\/{rel}","templated":true}]}}