{"id":6618,"date":"2023-04-12T11:40:13","date_gmt":"2023-04-12T11:40:13","guid":{"rendered":"https:\/\/proximoferry.brikkelt.nl\/blog\/?page_id=6618"},"modified":"2024-04-24T09:18:36","modified_gmt":"2024-04-24T09:18:36","slug":"oferta-ferry-formentera","status":"publish","type":"page","link":"https:\/\/proximoferry.brikkelt.nl\/blog\/ofertas\/oferta-ferry-formentera\/","title":{"rendered":"Antic\u00edpate y ahorra hasta un 15%"},"content":{"rendered":"\n<figure class=\"wp-block-image\"><img loading=\"lazy\" decoding=\"async\" width=\"1024\" height=\"142\" src=\"https:\/\/proximoferry.brikkelt.nl\/blog\/wp-content\/uploads\/2023\/04\/oferta-ferry-viajar-1024x142.png\" alt=\"\" class=\"wp-image-6601\" srcset=\"https:\/\/proximoferry.brikkelt.nl\/blog\/wp-content\/uploads\/2023\/04\/oferta-ferry-viajar-1024x142.png 1024w, https:\/\/proximoferry.brikkelt.nl\/blog\/wp-content\/uploads\/2023\/04\/oferta-ferry-viajar-300x42.png 300w, https:\/\/proximoferry.brikkelt.nl\/blog\/wp-content\/uploads\/2023\/04\/oferta-ferry-viajar-768x107.png 768w, https:\/\/proximoferry.brikkelt.nl\/blog\/wp-content\/uploads\/2023\/04\/oferta-ferry-viajar-470x65.png 470w, https:\/\/proximoferry.brikkelt.nl\/blog\/wp-content\/uploads\/2023\/04\/oferta-ferry-viajar.png 1080w\" sizes=\"(max-width: 1024px) 100vw, 1024px\" \/><\/figure>\n\n\n\n<p><strong>\u00bfSab\u00edas que si reservas tu ferry Ibiza Formentera podr\u00e1s ahorrar hasta un 15% sobre el precio del billete?<\/strong><\/p>\n\n\n\n<p>No corras el riesgo de que las plazas se agoten, la acomodaci\u00f3n que te gustar\u00eda reservar se agote o que en bodega ya no quede sitio para tu coche&#8230;.<\/p>\n\n\n\n<p><strong>No esperes al \u00faltimo d\u00eda para comprar tu billete de ferry Ibiza a Formentera, con la reserva anticipada de 30 d\u00edas en el ferry Trasmapi encontrar\u00e1s los mejores precios para tu trayecto.<\/strong><\/p>\n\n\n\n<h3 class=\"wp-block-heading\">\u00bfC\u00f3mo reservar esta oferta?<\/h3>\n\n\n\n<p>Busca ahora tu viaje en nuestro comparador de <a href=\"https:\/\/booking.proximoferry.com\/\">ferrys online,<\/a> te ofrecemos en tiempo real todas las opciones, horarios y navieras para que tu eligas la opci\u00f3n que necesites.<\/p>\n\n\n\n<figure class=\"wp-block-image\"><img loading=\"lazy\" decoding=\"async\" width=\"1024\" height=\"1024\" src=\"https:\/\/proximoferry.brikkelt.nl\/blog\/wp-content\/uploads\/2023\/04\/ferry-ibiza-1024x1024.png\" alt=\"\" class=\"wp-image-6622\" srcset=\"https:\/\/proximoferry.brikkelt.nl\/blog\/wp-content\/uploads\/2023\/04\/ferry-ibiza-1024x1024.png 1024w, https:\/\/proximoferry.brikkelt.nl\/blog\/wp-content\/uploads\/2023\/04\/ferry-ibiza-150x150.png 150w, https:\/\/proximoferry.brikkelt.nl\/blog\/wp-content\/uploads\/2023\/04\/ferry-ibiza-300x300.png 300w, https:\/\/proximoferry.brikkelt.nl\/blog\/wp-content\/uploads\/2023\/04\/ferry-ibiza-768x768.png 768w, https:\/\/proximoferry.brikkelt.nl\/blog\/wp-content\/uploads\/2023\/04\/ferry-ibiza-470x470.png 470w, https:\/\/proximoferry.brikkelt.nl\/blog\/wp-content\/uploads\/2023\/04\/ferry-ibiza.png 1080w\" sizes=\"(max-width: 1024px) 100vw, 1024px\" \/><figcaption>Ferry Trasmapi<\/figcaption><\/figure>\n\n\n\n<p><strong>Selecciona las fechas de tu viaje con un mes de antelaci\u00f3n<\/strong>, de tu viaje a Ibiza o Formentera, importante, tienes que reservarlo con <strong>30 d\u00edas de antelaci\u00f3n, <\/strong>para obtener el descuento en tus billetes de ferry.<\/p>\n\n\n\n<p><strong>Condiciones de la oferta:<\/strong><\/p>\n\n\n\n<ul class=\"wp-block-list\"><li>Reserva tu billete con un ferry de la <strong>naviera Trasmapi<\/strong><\/li><li>Hasta un 15% de descuento<\/li><li><strong>Reservas con 30 d\u00edas de antelaci\u00f3n<\/strong><\/li><li>Oferta v\u00e1lida para billetes solo ida o ida y vuelta<\/li><li>No acumulable a otras ofertas<\/li><\/ul>\n\n\n\n<figure class=\"wp-block-image\"><a href=\"https:\/\/booking.proximoferry.com\/\"><img loading=\"lazy\" decoding=\"async\" width=\"1024\" height=\"237\" src=\"https:\/\/proximoferry.brikkelt.nl\/blog\/wp-content\/uploads\/2023\/03\/reserva-tu-ferry-1024x237.png\" alt=\"\" class=\"wp-image-6530\" srcset=\"https:\/\/proximoferry.brikkelt.nl\/blog\/wp-content\/uploads\/2023\/03\/reserva-tu-ferry-1024x237.png 1024w, https:\/\/proximoferry.brikkelt.nl\/blog\/wp-content\/uploads\/2023\/03\/reserva-tu-ferry-300x69.png 300w, https:\/\/proximoferry.brikkelt.nl\/blog\/wp-content\/uploads\/2023\/03\/reserva-tu-ferry-768x178.png 768w, https:\/\/proximoferry.brikkelt.nl\/blog\/wp-content\/uploads\/2023\/03\/reserva-tu-ferry-470x109.png 470w, https:\/\/proximoferry.brikkelt.nl\/blog\/wp-content\/uploads\/2023\/03\/reserva-tu-ferry.png 1080w\" sizes=\"(max-width: 1024px) 100vw, 1024px\" \/><\/a><\/figure>\n\n\n\n<p><\/p>\n\n\n\n<p><\/p>\n\n\n\n<p><\/p>\n","protected":false},"excerpt":{"rendered":"<p>\u00bfSab\u00edas que si reservas tu ferry Ibiza Formentera podr\u00e1s ahorrar hasta un 15% sobre el precio del billete? No corras el riesgo<span class=\"ellipsis\">&#8230;<\/span><\/p>\n","protected":false},"author":3,"featured_media":6620,"parent":6510,"menu_order":3,"comment_status":"closed","ping_status":"closed","template":"","meta":{"footnotes":""},"class_list":["post-6618","page","type-page","status-publish","has-post-thumbnail","hentry","es-ES"],"_links":{"self":[{"href":"https:\/\/proximoferry.brikkelt.nl\/blog\/wp-json\/wp\/v2\/pages\/6618"}],"collection":[{"href":"https:\/\/proximoferry.brikkelt.nl\/blog\/wp-json\/wp\/v2\/pages"}],"about":[{"href":"https:\/\/proximoferry.brikkelt.nl\/blog\/wp-json\/wp\/v2\/types\/page"}],"author":[{"embeddable":true,"href":"https:\/\/proximoferry.brikkelt.nl\/blog\/wp-json\/wp\/v2\/users\/3"}],"replies":[{"embeddable":true,"href":"https:\/\/proximoferry.brikkelt.nl\/blog\/wp-json\/wp\/v2\/comments?post=6618"}],"version-history":[{"count":5,"href":"https:\/\/proximoferry.brikkelt.nl\/blog\/wp-json\/wp\/v2\/pages\/6618\/revisions"}],"predecessor-version":[{"id":8358,"href":"https:\/\/proximoferry.brikkelt.nl\/blog\/wp-json\/wp\/v2\/pages\/6618\/revisions\/8358"}],"up":[{"embeddable":true,"href":"https:\/\/proximoferry.brikkelt.nl\/blog\/wp-json\/wp\/v2\/pages\/6510"}],"wp:featuredmedia":[{"embeddable":true,"href":"https:\/\/proximoferry.brikkelt.nl\/blog\/wp-json\/wp\/v2\/media\/6620"}],"wp:attachment":[{"href":"https:\/\/proximoferry.brikkelt.nl\/blog\/wp-json\/wp\/v2\/media?parent=6618"}],"curies":[{"name":"wp","href":"https:\/\/api.w.org\/{rel}","templated":true}]}}