{"id":6524,"date":"2023-03-30T07:49:07","date_gmt":"2023-03-30T07:49:07","guid":{"rendered":"https:\/\/proximoferry.brikkelt.nl\/blog\/?page_id=6524"},"modified":"2023-05-23T11:31:03","modified_gmt":"2023-05-23T11:31:03","slug":"viajar-en-ferry-barato-2","status":"publish","type":"page","link":"https:\/\/proximoferry.brikkelt.nl\/blog\/ofertas\/viajar-en-ferry-barato-2\/","title":{"rendered":"Ahorra un 30% de descuento en tu viaje"},"content":{"rendered":"\n<figure class=\"wp-block-image\"><img loading=\"lazy\" decoding=\"async\" width=\"1024\" height=\"142\" src=\"https:\/\/proximoferry.brikkelt.nl\/blog\/wp-content\/uploads\/2023\/04\/oferta-ferry-viajar-1024x142.png\" alt=\"\" class=\"wp-image-6601\" srcset=\"https:\/\/proximoferry.brikkelt.nl\/blog\/wp-content\/uploads\/2023\/04\/oferta-ferry-viajar-1024x142.png 1024w, https:\/\/proximoferry.brikkelt.nl\/blog\/wp-content\/uploads\/2023\/04\/oferta-ferry-viajar-300x42.png 300w, https:\/\/proximoferry.brikkelt.nl\/blog\/wp-content\/uploads\/2023\/04\/oferta-ferry-viajar-768x107.png 768w, https:\/\/proximoferry.brikkelt.nl\/blog\/wp-content\/uploads\/2023\/04\/oferta-ferry-viajar-470x65.png 470w, https:\/\/proximoferry.brikkelt.nl\/blog\/wp-content\/uploads\/2023\/04\/oferta-ferry-viajar.png 1080w\" sizes=\"(max-width: 1024px) 100vw, 1024px\" \/><\/figure>\n\n\n\n<p>Viaja como quieras, ll\u00e9vate el coche a tu mejor amigo &#x1f415;&#x1f43e;  y disfruta de este descuento <strong>\u00a1Semana Santa incluida!<\/strong><\/p>\n\n\n\n<h3 class=\"wp-block-heading\">\u00bfC\u00f3mo reservar esta oferta?<\/h3>\n\n\n\n<p>En el buscador de <a href=\"https:\/\/booking.proximoferry.com\/\">Pr\u00f3ximo Ferry <\/a>elige alguna de la rutas desde <strong>Barcelona &lt;&gt; Palma, Alc\u00fadia, Ma\u00f3, Ibiza o Valencia &lt;&gt; Palma, Ma\u00f3, Ibiza o entre Palma o Ibiza <\/strong>y reserva con el <strong>Ferry Trasmed<\/strong>, dentro de estas fechas, del <strong>31 de Marzo al 27 de Abril<\/strong>, esta tarifa se aplica directamente sobre el precio del viaje. <strong>\u00a1Corre tienes hasta el 06 de abril para aprovechar esta oferta! Plazas limitadas.<\/strong><\/p>\n\n\n\n<h4 class=\"wp-block-heading\">Condiciones de la oferta<\/h4>\n\n\n\n<ul class=\"wp-block-list\"><li>Reserva hasta el 06 de Abril.<\/li><li>Viaja del 31 de Marzo hasta el 27 de Abril<\/li><li>Plazas limitadas<\/li><li>V\u00e1lido con la compa\u00f1ia Trasmed, en los ferrys desde Barcelona o Valencia a Baleares, ida y vuelta, y entre Palma o Ibiza.<\/li><li><strong>Acomodaci\u00f3n butaca, el descuento se aplica directamente en la reserva a vehiculos y mascotas. M\u00e1ximo 4 pasajeros.<\/strong><\/li><\/ul>\n\n\n\n<p><\/p>\n\n\n\n<figure class=\"wp-block-image\"><img loading=\"lazy\" decoding=\"async\" width=\"1024\" height=\"1024\" src=\"https:\/\/proximoferry.brikkelt.nl\/blog\/wp-content\/uploads\/2023\/03\/oferta-para-viajar-con-mascota-1024x1024.png\" alt=\"Viaja en ferry con tu mascota ahora con descuento\" class=\"wp-image-6527\" srcset=\"https:\/\/proximoferry.brikkelt.nl\/blog\/wp-content\/uploads\/2023\/03\/oferta-para-viajar-con-mascota-1024x1024.png 1024w, https:\/\/proximoferry.brikkelt.nl\/blog\/wp-content\/uploads\/2023\/03\/oferta-para-viajar-con-mascota-150x150.png 150w, https:\/\/proximoferry.brikkelt.nl\/blog\/wp-content\/uploads\/2023\/03\/oferta-para-viajar-con-mascota-300x300.png 300w, https:\/\/proximoferry.brikkelt.nl\/blog\/wp-content\/uploads\/2023\/03\/oferta-para-viajar-con-mascota-768x768.png 768w, https:\/\/proximoferry.brikkelt.nl\/blog\/wp-content\/uploads\/2023\/03\/oferta-para-viajar-con-mascota-470x470.png 470w, https:\/\/proximoferry.brikkelt.nl\/blog\/wp-content\/uploads\/2023\/03\/oferta-para-viajar-con-mascota.png 1080w\" sizes=\"(max-width: 1024px) 100vw, 1024px\" \/><\/figure>\n\n\n\n<figure class=\"wp-block-image\"><a href=\"https:\/\/booking.proximoferry.com\/\" target=\"_blank\" rel=\"noreferrer noopener\"><img loading=\"lazy\" decoding=\"async\" width=\"1024\" height=\"237\" src=\"https:\/\/proximoferry.brikkelt.nl\/blog\/wp-content\/uploads\/2023\/03\/reserva-tu-ferry-1024x237.png\" alt=\"\" class=\"wp-image-6530\" srcset=\"https:\/\/proximoferry.brikkelt.nl\/blog\/wp-content\/uploads\/2023\/03\/reserva-tu-ferry-1024x237.png 1024w, https:\/\/proximoferry.brikkelt.nl\/blog\/wp-content\/uploads\/2023\/03\/reserva-tu-ferry-300x69.png 300w, https:\/\/proximoferry.brikkelt.nl\/blog\/wp-content\/uploads\/2023\/03\/reserva-tu-ferry-768x178.png 768w, https:\/\/proximoferry.brikkelt.nl\/blog\/wp-content\/uploads\/2023\/03\/reserva-tu-ferry-470x109.png 470w, https:\/\/proximoferry.brikkelt.nl\/blog\/wp-content\/uploads\/2023\/03\/reserva-tu-ferry.png 1080w\" sizes=\"(max-width: 1024px) 100vw, 1024px\" \/><\/a><\/figure>\n","protected":false},"excerpt":{"rendered":"<p>Viaja como quieras, ll\u00e9vate el coche a tu mejor amigo &#x1f415;&#x1f43e; y disfruta de este descuento \u00a1Semana Santa incluida! \u00bfC\u00f3mo reservar esta<span class=\"ellipsis\">&#8230;<\/span><\/p>\n","protected":false},"author":3,"featured_media":6525,"parent":6510,"menu_order":11,"comment_status":"closed","ping_status":"closed","template":"","meta":{"footnotes":""},"class_list":["post-6524","page","type-page","status-publish","has-post-thumbnail","hentry","es-ES"],"_links":{"self":[{"href":"https:\/\/proximoferry.brikkelt.nl\/blog\/wp-json\/wp\/v2\/pages\/6524"}],"collection":[{"href":"https:\/\/proximoferry.brikkelt.nl\/blog\/wp-json\/wp\/v2\/pages"}],"about":[{"href":"https:\/\/proximoferry.brikkelt.nl\/blog\/wp-json\/wp\/v2\/types\/page"}],"author":[{"embeddable":true,"href":"https:\/\/proximoferry.brikkelt.nl\/blog\/wp-json\/wp\/v2\/users\/3"}],"replies":[{"embeddable":true,"href":"https:\/\/proximoferry.brikkelt.nl\/blog\/wp-json\/wp\/v2\/comments?post=6524"}],"version-history":[{"count":6,"href":"https:\/\/proximoferry.brikkelt.nl\/blog\/wp-json\/wp\/v2\/pages\/6524\/revisions"}],"predecessor-version":[{"id":6602,"href":"https:\/\/proximoferry.brikkelt.nl\/blog\/wp-json\/wp\/v2\/pages\/6524\/revisions\/6602"}],"up":[{"embeddable":true,"href":"https:\/\/proximoferry.brikkelt.nl\/blog\/wp-json\/wp\/v2\/pages\/6510"}],"wp:featuredmedia":[{"embeddable":true,"href":"https:\/\/proximoferry.brikkelt.nl\/blog\/wp-json\/wp\/v2\/media\/6525"}],"wp:attachment":[{"href":"https:\/\/proximoferry.brikkelt.nl\/blog\/wp-json\/wp\/v2\/media?parent=6524"}],"curies":[{"name":"wp","href":"https:\/\/api.w.org\/{rel}","templated":true}]}}