{"id":6127,"date":"2022-12-02T08:00:26","date_gmt":"2022-12-02T08:00:26","guid":{"rendered":"https:\/\/proximoferry.brikkelt.nl\/blog\/?page_id=6127"},"modified":"2024-06-13T15:57:33","modified_gmt":"2024-06-13T15:57:33","slug":"fotos-formentera","status":"publish","type":"page","link":"https:\/\/proximoferry.brikkelt.nl\/blog\/onarrival\/fotos-formentera\/","title":{"rendered":"Ll\u00e9vate una foto de Formentera"},"content":{"rendered":"\n<h3 class=\"wp-block-heading\">\u00bfPor qu\u00e9 hacer fotos en tus vacaciones a Formentera es una gran idea?<\/h3>\n\n\n\n<p><strong>\u00bfSab\u00edas que hacer fotos tiene un efecto positivo en las personas?<\/strong> Seg\u00fan un estudio de la universidad de Texas, Estados Unidos, <strong>sacar fotos aumenta un 40% la capacidad de recordar bien las vacaciones<\/strong>, en comparaci\u00f3n con no hacerlo. As\u00ed es, con fotos, un recuerdo emocional es m\u00e1s preciso de lo vivido.<\/p>\n\n\n\n<p>Este <strong>estudio compar\u00f3 las redes sociales utilizadas<\/strong>, y concluy\u00f3 con que los usuarios de <strong>Instagram<\/strong> ten\u00edan probabilidades superiores al 24% de contar con recuerdos claros de c\u00f3mo se sintieron durante sus vacaciones, comparados con los que hab\u00edan compartido su viaje por Facebook, \u00bfCurioso, verdad?<\/p>\n\n\n\n<figure class=\"wp-block-image\"><img loading=\"lazy\" decoding=\"async\" width=\"1024\" height=\"1024\" src=\"https:\/\/proximoferry.brikkelt.nl\/blog\/wp-content\/uploads\/2022\/11\/selfie-Formentera-1024x1024.png\" alt=\"\" class=\"wp-image-6136\" srcset=\"https:\/\/proximoferry.brikkelt.nl\/blog\/wp-content\/uploads\/2022\/11\/selfie-Formentera-1024x1024.png 1024w, https:\/\/proximoferry.brikkelt.nl\/blog\/wp-content\/uploads\/2022\/11\/selfie-Formentera-150x150.png 150w, https:\/\/proximoferry.brikkelt.nl\/blog\/wp-content\/uploads\/2022\/11\/selfie-Formentera-300x300.png 300w, https:\/\/proximoferry.brikkelt.nl\/blog\/wp-content\/uploads\/2022\/11\/selfie-Formentera-768x768.png 768w, https:\/\/proximoferry.brikkelt.nl\/blog\/wp-content\/uploads\/2022\/11\/selfie-Formentera-470x470.png 470w, https:\/\/proximoferry.brikkelt.nl\/blog\/wp-content\/uploads\/2022\/11\/selfie-Formentera.png 1080w\" sizes=\"(max-width: 1024px) 100vw, 1024px\" \/><\/figure>\n\n\n\n<h3 class=\"wp-block-heading\">Ruta fotogr\u00e1fica en Formentera<\/h3>\n\n\n\n<p>Sabemos de la importancia del recuerdo de los viajes, por esa raz\u00f3n, te proponemos la <strong>ruta fotogr\u00e1fica por Formentera<\/strong>, que puedes consultar en la p\u00e1gina web de <a href=\"https:\/\/www.formentera.es\/explorar\/lugares-de-interes\/ruta-fotografica\/\">Turismo Formentera.<\/a><\/p>\n\n\n\n<p><strong>Podr\u00e1s ver los puntos de inter\u00e9s<\/strong>, en Formentera, donde se han instalado unos soportes en los que situar tu m\u00f3vil y <strong>realizar un \u00abselfie\u00bb<\/strong> que mostrar\u00e1 el mejor encuadre posible del entorno. Te llevar\u00e1s un recuerdo memorable de tu visita.<\/p>\n\n\n\n<h3 class=\"wp-block-heading\">Mapa de ubicaci\u00f3n de los soportes<\/h3>\n\n\n\n<figure class=\"wp-block-image\"><img loading=\"lazy\" decoding=\"async\" width=\"1024\" height=\"640\" src=\"https:\/\/proximoferry.brikkelt.nl\/blog\/wp-content\/uploads\/2022\/11\/mapa-fotos-formentera-1024x640.png\" alt=\"\" class=\"wp-image-6131\" srcset=\"https:\/\/proximoferry.brikkelt.nl\/blog\/wp-content\/uploads\/2022\/11\/mapa-fotos-formentera-1024x640.png 1024w, https:\/\/proximoferry.brikkelt.nl\/blog\/wp-content\/uploads\/2022\/11\/mapa-fotos-formentera-300x187.png 300w, https:\/\/proximoferry.brikkelt.nl\/blog\/wp-content\/uploads\/2022\/11\/mapa-fotos-formentera-768x480.png 768w, https:\/\/proximoferry.brikkelt.nl\/blog\/wp-content\/uploads\/2022\/11\/mapa-fotos-formentera-470x294.png 470w, https:\/\/proximoferry.brikkelt.nl\/blog\/wp-content\/uploads\/2022\/11\/mapa-fotos-formentera.png 1281w\" sizes=\"(max-width: 1024px) 100vw, 1024px\" \/><figcaption>Mapa de ubicaci\u00f3n de los soportes<\/figcaption><\/figure>\n\n\n\n<p>Adem\u00e1s, <strong>Turismo Formentera<\/strong>, ha lanzado una iniciativa para que te lleves tu recuerdo impreso de forma gratuita. S\u00f3lo tienes que etiquetarles <strong>@visitformentera<\/strong> al compartir tus fotos en redes sociales, y publicar con el hastag #visiformentera, para imprimir luego dos fotos de la ruta propuesta en la <strong>Oficina de informaci\u00f3n de La Savina.<\/strong><\/p>\n\n\n\n<h3 class=\"wp-block-heading\">Reserva tu Ferry a Formentera<\/h3>\n\n\n\n<p>Si est\u00e1s preparando tu pr\u00f3ximo viaje fotogr\u00e1fico a Formentera, no olvides que en nuestra web puedes comparar todas las navieras, y reservar la mejor opci\u00f3n para <a href=\"https:\/\/www.proximoferry.com\/\">viajar en ferry a Formentera. <\/a>Encuentra horarios, precios y ofertas exclusivas para disfrutar de un viaje c\u00f3modo y memorable.<\/p>\n\n\n\n<p>Visita nuestra p\u00e1gina y aseg\u00farate de planificar cada detalle para que tu aventura en Formentera sea inolvidable.<\/p>\n\n\n\n<p><\/p>\n","protected":false},"excerpt":{"rendered":"<p>\u00bfPor qu\u00e9 hacer fotos en tus vacaciones a Formentera es una gran idea? \u00bfSab\u00edas que hacer fotos tiene un efecto positivo en<span class=\"ellipsis\">&#8230;<\/span><\/p>\n","protected":false},"author":3,"featured_media":6130,"parent":4768,"menu_order":2,"comment_status":"closed","ping_status":"closed","template":"","meta":{"footnotes":""},"class_list":["post-6127","page","type-page","status-publish","has-post-thumbnail","hentry","es-ES"],"_links":{"self":[{"href":"https:\/\/proximoferry.brikkelt.nl\/blog\/wp-json\/wp\/v2\/pages\/6127"}],"collection":[{"href":"https:\/\/proximoferry.brikkelt.nl\/blog\/wp-json\/wp\/v2\/pages"}],"about":[{"href":"https:\/\/proximoferry.brikkelt.nl\/blog\/wp-json\/wp\/v2\/types\/page"}],"author":[{"embeddable":true,"href":"https:\/\/proximoferry.brikkelt.nl\/blog\/wp-json\/wp\/v2\/users\/3"}],"replies":[{"embeddable":true,"href":"https:\/\/proximoferry.brikkelt.nl\/blog\/wp-json\/wp\/v2\/comments?post=6127"}],"version-history":[{"count":11,"href":"https:\/\/proximoferry.brikkelt.nl\/blog\/wp-json\/wp\/v2\/pages\/6127\/revisions"}],"predecessor-version":[{"id":8807,"href":"https:\/\/proximoferry.brikkelt.nl\/blog\/wp-json\/wp\/v2\/pages\/6127\/revisions\/8807"}],"up":[{"embeddable":true,"href":"https:\/\/proximoferry.brikkelt.nl\/blog\/wp-json\/wp\/v2\/pages\/4768"}],"wp:featuredmedia":[{"embeddable":true,"href":"https:\/\/proximoferry.brikkelt.nl\/blog\/wp-json\/wp\/v2\/media\/6130"}],"wp:attachment":[{"href":"https:\/\/proximoferry.brikkelt.nl\/blog\/wp-json\/wp\/v2\/media?parent=6127"}],"curies":[{"name":"wp","href":"https:\/\/api.w.org\/{rel}","templated":true}]}}