{"id":5507,"date":"2022-09-13T05:00:53","date_gmt":"2022-09-13T05:00:53","guid":{"rendered":"https:\/\/proximoferry.brikkelt.nl\/blog\/?page_id=5507"},"modified":"2022-07-05T07:23:41","modified_gmt":"2022-07-05T07:23:41","slug":"viajar-embarazada","status":"publish","type":"page","link":"https:\/\/proximoferry.brikkelt.nl\/blog\/tips\/viajar-embarazada\/","title":{"rendered":"Viajar embarazada"},"content":{"rendered":"\n<p>Pueden viajar sin ning\u00fan problema todas las embarazadas de menos de 36 semanas, o 32 si es un embarazo gemelar. Es importante indicarlo en la reserva a partir de las 28 semanas y presentar un certificado emitido con un plazo m\u00e1ximo de 7 d\u00edas antes del viaje, donde se indiquen los datos personales de la embarazada, las semanas y tipo de embarazo y fecha posible del parto. Adem\u00e1s, deber\u00e1 indicarse que la persona se encuentra en buenas condiciones para viajar.<\/p>\n\n\n\n<p>Tambi\u00e9n se indicar\u00e1 en este certificado el periodo de validez de este y el nombre y n\u00famero de colegiado m\u00e9dico, as\u00ed tambi\u00e9n la firma del doctor y el contacto.<\/p>\n\n\n    <div class=\"ad ad-type-timetable ad-has-image\">\n      <div class=\"ad-wrapper\">\n        <a href=\"\/en\/ads\/url\/122\" rel=\"nofollow\" target=\"_blank\" style=\"background: url(\/en\/ads\/img\/122\/timetable?p=69e02a8f1abcf)\">\n                      <span class=\"title\">Rigatoni<\/span>\n            <span class=\"description\"><\/span>\n            <span class=\"ad-footer\"><\/span>\n                  <\/a>\n      <\/div>\n    <\/div>\n    \n\n\n\n<p><br><\/p>\n","protected":false},"excerpt":{"rendered":"<p>Pueden viajar sin ning\u00fan problema todas las embarazadas de menos de 36 semanas, o 32 si es un embarazo gemelar. Es importante<span class=\"ellipsis\">&#8230;<\/span><\/p>\n","protected":false},"author":3,"featured_media":5508,"parent":4770,"menu_order":0,"comment_status":"closed","ping_status":"closed","template":"","meta":{"footnotes":""},"class_list":["post-5507","page","type-page","status-publish","has-post-thumbnail","hentry","es-ES"],"_links":{"self":[{"href":"https:\/\/proximoferry.brikkelt.nl\/blog\/wp-json\/wp\/v2\/pages\/5507"}],"collection":[{"href":"https:\/\/proximoferry.brikkelt.nl\/blog\/wp-json\/wp\/v2\/pages"}],"about":[{"href":"https:\/\/proximoferry.brikkelt.nl\/blog\/wp-json\/wp\/v2\/types\/page"}],"author":[{"embeddable":true,"href":"https:\/\/proximoferry.brikkelt.nl\/blog\/wp-json\/wp\/v2\/users\/3"}],"replies":[{"embeddable":true,"href":"https:\/\/proximoferry.brikkelt.nl\/blog\/wp-json\/wp\/v2\/comments?post=5507"}],"version-history":[{"count":1,"href":"https:\/\/proximoferry.brikkelt.nl\/blog\/wp-json\/wp\/v2\/pages\/5507\/revisions"}],"predecessor-version":[{"id":5509,"href":"https:\/\/proximoferry.brikkelt.nl\/blog\/wp-json\/wp\/v2\/pages\/5507\/revisions\/5509"}],"up":[{"embeddable":true,"href":"https:\/\/proximoferry.brikkelt.nl\/blog\/wp-json\/wp\/v2\/pages\/4770"}],"wp:featuredmedia":[{"embeddable":true,"href":"https:\/\/proximoferry.brikkelt.nl\/blog\/wp-json\/wp\/v2\/media\/5508"}],"wp:attachment":[{"href":"https:\/\/proximoferry.brikkelt.nl\/blog\/wp-json\/wp\/v2\/media?parent=5507"}],"curies":[{"name":"wp","href":"https:\/\/api.w.org\/{rel}","templated":true}]}}