{"id":5504,"date":"2022-09-06T05:00:58","date_gmt":"2022-09-06T05:00:58","guid":{"rendered":"https:\/\/proximoferry.brikkelt.nl\/blog\/?page_id=5504"},"modified":"2022-07-05T07:18:47","modified_gmt":"2022-07-05T07:18:47","slug":"derechos-de-los-pasajeros","status":"publish","type":"page","link":"https:\/\/proximoferry.brikkelt.nl\/blog\/tips\/derechos-de-los-pasajeros\/","title":{"rendered":"Derechos de los pasajeros"},"content":{"rendered":"\n<p>Los derechos de los pasajeros que viajan por mar se recogen en<a href=\"https:\/\/www.mitma.gob.es\/marina-mercante\/derechos-de-los-pasajeros\/derechos-generalesde-los-pasajeros-que-viajan-por-mar-y-por-vias-navegables\"> El reglamento (UE) n\u00ba 1177\/2010 sobre los derechos de los pasajeros que viajan por mar y por v\u00edas navegables<\/a>, que se aplic\u00f3 el 18 de diciembre de 2012.<\/p>\n\n\n\n<p>Este Reglamento establece unos derechos m\u00ednimos para los pasajeros de la Uni\u00f3n Europea que viajan por v\u00eda mar\u00edtima. Los derechos que establece son los siguientes:<\/p>\n\n\n    <div class=\"ad ad-type-timetable ad-has-image\">\n      <div class=\"ad-wrapper\">\n        <a href=\"\/en\/ads\/url\/122\" rel=\"nofollow\" target=\"_blank\" style=\"background: url(\/en\/ads\/img\/122\/timetable?p=69e02a8f32bc9)\">\n                      <span class=\"title\">Rigatoni<\/span>\n            <span class=\"description\"><\/span>\n            <span class=\"ad-footer\"><\/span>\n                  <\/a>\n      <\/div>\n    <\/div>\n    \n\n\n\n<ul class=\"wp-block-list\"><li>Derecho a la informaci\u00f3n<\/li><li>Derecho a condiciones contractuales no discriminatorias<\/li><li>Derecho a asistencia<\/li><li>Derecho a transporte alternativo y reembolso en caso de cancelaci\u00f3n o retraso de salidas<\/li><li>Derecho a solicitar una indemnizaci\u00f3n parcial por el precio del billete en caso de retraso en la llegada al destino final<\/li><\/ul>\n\n\n    <div class=\"ad ad-type-timetable ad-has-image\">\n      <div class=\"ad-wrapper\">\n        <a href=\"\/en\/ads\/url\/46\" rel=\"nofollow\" target=\"_blank\" style=\"background: url(\/en\/ads\/img\/46\/timetable?p=69e02a8f32bc9)\">\n                      <span class=\"title\">Bale\u00e0ria<\/span>\n            <span class=\"description\">Viaja con la naviera l\u00edder en Baleares<\/span>\n            <span class=\"ad-footer\">www.balearia.com<\/span>\n                  <\/a>\n      <\/div>\n    <\/div>\n    \n\n\n\n<ul class=\"wp-block-list\"><li>Derechos de las personas con discapacidad o las personas con movilidad reducida<ul><li>Derecho al acceso al transporte de las personas con discapacidad o las personas con movilidad reducida, sin discriminaciones<\/li><li>Derecho a una asistencia especial<\/li><li>Derecho a una indemnizaci\u00f3n por el extrav\u00edo o los da\u00f1os sufridos por el equipo de movilidad<\/li><\/ul><\/li><\/ul>\n\n\n    <div class=\"ad ad-type-timetable ad-has-image\">\n      <div class=\"ad-wrapper\">\n        <a href=\"\/en\/ads\/url\/114\" rel=\"nofollow\" target=\"_blank\" style=\"background: url(\/en\/ads\/img\/114\/timetable?p=69e02a8f32bc9)\">\n                      <span class=\"title\">Isla Bonita - Tu mejor escenario<\/span>\n            <span class=\"description\"><\/span>\n            <span class=\"ad-footer\"><\/span>\n                  <\/a>\n      <\/div>\n    <\/div>\n    \n\n\n\n<ul class=\"wp-block-list\"><li>Derecho a presentar reclamaciones a los transportistas y a los organismos nacionales de ejecuci\u00f3n<\/li><li>Aplicaci\u00f3n de los derechos de los pasajeros por parte de los organismos nacionales de ejecuci\u00f3n y mecanismos comparables<\/li><\/ul>\n","protected":false},"excerpt":{"rendered":"<p>Los derechos de los pasajeros que viajan por mar se recogen en El reglamento (UE) n\u00ba 1177\/2010 sobre los derechos de los<span class=\"ellipsis\">&#8230;<\/span><\/p>\n","protected":false},"author":3,"featured_media":5505,"parent":4770,"menu_order":0,"comment_status":"closed","ping_status":"closed","template":"","meta":{"footnotes":""},"class_list":["post-5504","page","type-page","status-publish","has-post-thumbnail","hentry","es-ES"],"_links":{"self":[{"href":"https:\/\/proximoferry.brikkelt.nl\/blog\/wp-json\/wp\/v2\/pages\/5504"}],"collection":[{"href":"https:\/\/proximoferry.brikkelt.nl\/blog\/wp-json\/wp\/v2\/pages"}],"about":[{"href":"https:\/\/proximoferry.brikkelt.nl\/blog\/wp-json\/wp\/v2\/types\/page"}],"author":[{"embeddable":true,"href":"https:\/\/proximoferry.brikkelt.nl\/blog\/wp-json\/wp\/v2\/users\/3"}],"replies":[{"embeddable":true,"href":"https:\/\/proximoferry.brikkelt.nl\/blog\/wp-json\/wp\/v2\/comments?post=5504"}],"version-history":[{"count":1,"href":"https:\/\/proximoferry.brikkelt.nl\/blog\/wp-json\/wp\/v2\/pages\/5504\/revisions"}],"predecessor-version":[{"id":5506,"href":"https:\/\/proximoferry.brikkelt.nl\/blog\/wp-json\/wp\/v2\/pages\/5504\/revisions\/5506"}],"up":[{"embeddable":true,"href":"https:\/\/proximoferry.brikkelt.nl\/blog\/wp-json\/wp\/v2\/pages\/4770"}],"wp:featuredmedia":[{"embeddable":true,"href":"https:\/\/proximoferry.brikkelt.nl\/blog\/wp-json\/wp\/v2\/media\/5505"}],"wp:attachment":[{"href":"https:\/\/proximoferry.brikkelt.nl\/blog\/wp-json\/wp\/v2\/media?parent=5504"}],"curies":[{"name":"wp","href":"https:\/\/api.w.org\/{rel}","templated":true}]}}