{"id":5474,"date":"2022-08-30T05:00:00","date_gmt":"2022-08-30T05:00:00","guid":{"rendered":"https:\/\/proximoferry.brikkelt.nl\/blog\/?page_id=5474"},"modified":"2023-02-24T07:10:53","modified_gmt":"2023-02-24T07:10:53","slug":"carreteras-de-formentera","status":"publish","type":"page","link":"https:\/\/proximoferry.brikkelt.nl\/blog\/tips\/carreteras-de-formentera\/","title":{"rendered":"Carreteras de Formentera"},"content":{"rendered":"\n<p><strong>C<\/strong>Formentera es un para\u00edso de<strong> 37 kil\u00f3metros de carreter<\/strong>a asfaltada y sin ning\u00fan sem\u00e1foro. La puerta en la isla se abre en el puerto de Ibiza, ya que es imprescindible cruzar el estrecho de Es Freus, unos 11\u202fkm de mar que separan las dos islas Pitiusas. En temporada alta hay algunos barcos que llegan desde la pen\u00ednsula o Mallorca directamente a Formentera sin tener que pasar por Ibiza.<\/p>\n\n\n\n<p>Una vez hayas llegado a Formentera, te dar\u00e1s cuenta de que existe<strong> una<\/strong> <strong>carretera principal<\/strong>, se trata de una arteria que transita el camino m\u00e1s largo, desde el puerto de Sa Savina hasta el faro de Sa Mola. Un total de 20\u202fkm, la distancia de la PM-820.<\/p>\n\n\n    <div class=\"ad ad-type-timetable ad-has-image\">\n      <div class=\"ad-wrapper\">\n        <a href=\"\/en\/ads\/url\/15\" rel=\"nofollow\" target=\"_blank\" style=\"background: url(\/en\/ads\/img\/15\/timetable?p=69e0282751c28)\">\n                      <span class=\"title\">Trasmapi Club<\/span>\n            <span class=\"description\"><\/span>\n            <span class=\"ad-footer\"><\/span>\n                  <\/a>\n      <\/div>\n    <\/div>\n    \n\n\n\n<p>Se trata de una carretera con un \u00fanico carril por sentido y con carril bici. No hay ning\u00fan sem\u00e1foro y durante la traves\u00eda solo encontrar\u00e1s tres rotondas. Es un camino recto que pasa por los principales n\u00facleos urbanos.<\/p>\n\n\n\n<p>\u00danicamente existe un tramo en el que hay algunas curvas y es en la subida hacia el <strong>Cap de la Mola,<\/strong> un recorrido f\u00e1cil siempre que no te encuentres con alg\u00fan bus.<\/p>\n\n\n\n<p>Esta carretera tiene dos variantes: la que se dirige al sur, PMV 820-1, con un total de 9,2 kil\u00f3metros que empiezan en Sant Francesc para llegar hasta el Cap de Barberia. La que se dirige al sur es la PM 820-2, uniendo Sa Savina hasta Sant Ferran. Son unos 7,4 kil\u00f3metros que atraviesan el parque natural de Ses Salines.<\/p>\n\n\n    <div class=\"ad ad-type-timetable ad-has-image\">\n      <div class=\"ad-wrapper\">\n        <a href=\"\/en\/ads\/url\/114\" rel=\"nofollow\" target=\"_blank\" style=\"background: url(\/en\/ads\/img\/114\/timetable?p=69e0282751c28)\">\n                      <span class=\"title\">Isla Bonita - Tu mejor escenario<\/span>\n            <span class=\"description\"><\/span>\n            <span class=\"ad-footer\"><\/span>\n                  <\/a>\n      <\/div>\n    <\/div>\n    \n\n\n\n<p>De esta carretera principal salen arterias para llegar a varias playas. Para acceder a algunas de ellas hay que hacerlo a pie.<\/p>\n\n\n\n<p><strong>Del 15 de junio al 15 de septiembre existe una regulaci\u00f3n de la circulaci\u00f3n de veh\u00edculos<\/strong>, por lo que debe solicitarse una autorizaci\u00f3n para acceder con un veh\u00edculo a la isla, ya que en Formentera pueden circular un m\u00e1ximo de 10.956 veh\u00edculos. En <a href=\"https:\/\/proximoferry.brikkelt.nl\/blog\/tips\/la-regulacion-de-entrada-de-vehiculos-en-formentera\/\">este consejo<\/a> encontrar\u00e1s m\u00e1s informaci\u00f3n sobre estas restricciones.<br><\/p>\n","protected":false},"excerpt":{"rendered":"<p>CFormentera es un para\u00edso de 37 kil\u00f3metros de carretera asfaltada y sin ning\u00fan sem\u00e1foro. La puerta en la isla se abre en<span class=\"ellipsis\">&#8230;<\/span><\/p>\n","protected":false},"author":3,"featured_media":5476,"parent":4770,"menu_order":0,"comment_status":"closed","ping_status":"closed","template":"","meta":{"footnotes":""},"class_list":["post-5474","page","type-page","status-publish","has-post-thumbnail","hentry","es-ES"],"_links":{"self":[{"href":"https:\/\/proximoferry.brikkelt.nl\/blog\/wp-json\/wp\/v2\/pages\/5474"}],"collection":[{"href":"https:\/\/proximoferry.brikkelt.nl\/blog\/wp-json\/wp\/v2\/pages"}],"about":[{"href":"https:\/\/proximoferry.brikkelt.nl\/blog\/wp-json\/wp\/v2\/types\/page"}],"author":[{"embeddable":true,"href":"https:\/\/proximoferry.brikkelt.nl\/blog\/wp-json\/wp\/v2\/users\/3"}],"replies":[{"embeddable":true,"href":"https:\/\/proximoferry.brikkelt.nl\/blog\/wp-json\/wp\/v2\/comments?post=5474"}],"version-history":[{"count":2,"href":"https:\/\/proximoferry.brikkelt.nl\/blog\/wp-json\/wp\/v2\/pages\/5474\/revisions"}],"predecessor-version":[{"id":6426,"href":"https:\/\/proximoferry.brikkelt.nl\/blog\/wp-json\/wp\/v2\/pages\/5474\/revisions\/6426"}],"up":[{"embeddable":true,"href":"https:\/\/proximoferry.brikkelt.nl\/blog\/wp-json\/wp\/v2\/pages\/4770"}],"wp:featuredmedia":[{"embeddable":true,"href":"https:\/\/proximoferry.brikkelt.nl\/blog\/wp-json\/wp\/v2\/media\/5476"}],"wp:attachment":[{"href":"https:\/\/proximoferry.brikkelt.nl\/blog\/wp-json\/wp\/v2\/media?parent=5474"}],"curies":[{"name":"wp","href":"https:\/\/api.w.org\/{rel}","templated":true}]}}