{"id":5471,"date":"2022-08-23T05:00:24","date_gmt":"2022-08-23T05:00:24","guid":{"rendered":"https:\/\/proximoferry.brikkelt.nl\/blog\/?page_id=5471"},"modified":"2022-06-28T06:43:21","modified_gmt":"2022-06-28T06:43:21","slug":"cancelacion-de-billetes","status":"publish","type":"page","link":"https:\/\/proximoferry.brikkelt.nl\/blog\/tips\/cancelacion-de-billetes\/","title":{"rendered":"Cancelaci\u00f3n de billetes"},"content":{"rendered":"\n<p>Cada compa\u00f1\u00eda tiene su propia pol\u00edtica de cancelaci\u00f3n. Cuando compres el billete en <a href=\"https:\/\/booking.proximoferry.com\/?_ga=2.237925447.611851685.1655880830-1969692773.1655880830\">Pr\u00f3ximo Ferry<\/a> podr\u00e1s ver la pol\u00edtica de cancelaci\u00f3n o modificaci\u00f3n de la reserva que existe en los diferentes billetes que puedes comprar.<\/p>\n\n\n\n<p>Existe una penalizaci\u00f3n en los casos de anulaci\u00f3n, pero est\u00e1 condicionado por las caracter\u00edsticas de las traves\u00edas y de los d\u00edas previos que se lleva a cabo la cancelaci\u00f3n.<\/p>\n\n\n    <div class=\"ad ad-type-timetable ad-has-image\">\n      <div class=\"ad-wrapper\">\n        <a href=\"\/en\/ads\/url\/25\" rel=\"nofollow\" target=\"_blank\" style=\"background: url(\/en\/ads\/img\/25\/timetable?p=69e02878970bf)\">\n                      <span class=\"title\">Trasmapi Club<\/span>\n            <span class=\"description\"><\/span>\n            <span class=\"ad-footer\"><\/span>\n                  <\/a>\n      <\/div>\n    <\/div>\n    \n\n\n\n<p>Existen tarifas que te permiten realizar cambios y cancelaciones sin ning\u00fan tipo de coste adicional. Cada compa\u00f1\u00eda ofrece distintos tipos de acomodaciones y diferentes billetes con una pol\u00edtica de cambio o cancelaci\u00f3n con diferentes precios.<\/p>\n\n\n\n<p>En el caso de que el pasajero no se presente el d\u00eda del viaje sin previo aviso, se considerar\u00e1 como una no cancelaci\u00f3n y ser\u00e1 imposible el reembolso.<\/p>\n\n\n    <div class=\"ad ad-type-timetable ad-has-image\">\n      <div class=\"ad-wrapper\">\n        <a href=\"\/en\/ads\/url\/46\" rel=\"nofollow\" target=\"_blank\" style=\"background: url(\/en\/ads\/img\/46\/timetable?p=69e02878970bf)\">\n                      <span class=\"title\">Bale\u00e0ria<\/span>\n            <span class=\"description\">Viaja con la naviera l\u00edder en Baleares<\/span>\n            <span class=\"ad-footer\">www.balearia.com<\/span>\n                  <\/a>\n      <\/div>\n    <\/div>\n    \n\n\n\n<p><br><\/p>\n","protected":false},"excerpt":{"rendered":"<p>Cada compa\u00f1\u00eda tiene su propia pol\u00edtica de cancelaci\u00f3n. Cuando compres el billete en Pr\u00f3ximo Ferry podr\u00e1s ver la pol\u00edtica de cancelaci\u00f3n o<span class=\"ellipsis\">&#8230;<\/span><\/p>\n","protected":false},"author":3,"featured_media":5472,"parent":4770,"menu_order":0,"comment_status":"closed","ping_status":"closed","template":"","meta":{"footnotes":""},"class_list":["post-5471","page","type-page","status-publish","has-post-thumbnail","hentry","es-ES"],"_links":{"self":[{"href":"https:\/\/proximoferry.brikkelt.nl\/blog\/wp-json\/wp\/v2\/pages\/5471"}],"collection":[{"href":"https:\/\/proximoferry.brikkelt.nl\/blog\/wp-json\/wp\/v2\/pages"}],"about":[{"href":"https:\/\/proximoferry.brikkelt.nl\/blog\/wp-json\/wp\/v2\/types\/page"}],"author":[{"embeddable":true,"href":"https:\/\/proximoferry.brikkelt.nl\/blog\/wp-json\/wp\/v2\/users\/3"}],"replies":[{"embeddable":true,"href":"https:\/\/proximoferry.brikkelt.nl\/blog\/wp-json\/wp\/v2\/comments?post=5471"}],"version-history":[{"count":1,"href":"https:\/\/proximoferry.brikkelt.nl\/blog\/wp-json\/wp\/v2\/pages\/5471\/revisions"}],"predecessor-version":[{"id":5473,"href":"https:\/\/proximoferry.brikkelt.nl\/blog\/wp-json\/wp\/v2\/pages\/5471\/revisions\/5473"}],"up":[{"embeddable":true,"href":"https:\/\/proximoferry.brikkelt.nl\/blog\/wp-json\/wp\/v2\/pages\/4770"}],"wp:featuredmedia":[{"embeddable":true,"href":"https:\/\/proximoferry.brikkelt.nl\/blog\/wp-json\/wp\/v2\/media\/5472"}],"wp:attachment":[{"href":"https:\/\/proximoferry.brikkelt.nl\/blog\/wp-json\/wp\/v2\/media?parent=5471"}],"curies":[{"name":"wp","href":"https:\/\/api.w.org\/{rel}","templated":true}]}}