{"id":5467,"date":"2022-08-16T05:00:47","date_gmt":"2022-08-16T05:00:47","guid":{"rendered":"https:\/\/proximoferry.brikkelt.nl\/blog\/?page_id=5467"},"modified":"2022-06-28T06:29:59","modified_gmt":"2022-06-28T06:29:59","slug":"que-necesitan-los-ninos-para-viajar-solos","status":"publish","type":"page","link":"https:\/\/proximoferry.brikkelt.nl\/blog\/tips\/que-necesitan-los-ninos-para-viajar-solos\/","title":{"rendered":"\u00bfQu\u00e9 necesitan los ni\u00f1os para viajar solos?"},"content":{"rendered":"\n<p>Los menores de 14 a 17 a\u00f1os pueden viajar solos en viajes nacionales, siempre que puedan acreditarse a trav\u00e9s del DNI.<\/p>\n\n\n\n<p>Los ni\u00f1os menores de 14 deben viajar siempre acompa\u00f1ados de un adulto. Si el acompa\u00f1ante no es su padre, madre o tutor legal, es obligatorio llevar una autorizaci\u00f3n, adem\u00e1s de una fotocopia de su DNI y del Libro de Familia.<\/p>\n\n\n    <div class=\"ad ad-type-timetable ad-has-image\">\n      <div class=\"ad-wrapper\">\n        <a href=\"\/en\/ads\/url\/29\" rel=\"nofollow\" target=\"_blank\" style=\"background: url(\/en\/ads\/img\/29\/timetable?p=69e02a8e64978)\">\n                      <span class=\"title\">Trasmapi Club<\/span>\n            <span class=\"description\"><\/span>\n            <span class=\"ad-footer\"><\/span>\n                  <\/a>\n      <\/div>\n    <\/div>\n    \n\n\n\n<p>En el caso de que los menores tengan menos de 5 a\u00f1os deber\u00e1n ir acompa\u00f1ados de un adulto mayor de 18 a\u00f1os. Los ni\u00f1os que tienen entre 5 y 13 a\u00f1os su acompa\u00f1ante puede ser una persona mayor de 16 a\u00f1os.<\/p>\n\n\n\n<p>Por lo que hace a los viajes internacionales, \u00fanicamente pueden viajar solos los mayores de edad. Aquellos menores que est\u00e9n acompa\u00f1ados por una persona que no sea uno de sus progenitores o tutores legales, adem\u00e1s del DNI, deber\u00e1n aportar una declaraci\u00f3n firmada de permiso de viaje, que se puede obtener en la Polic\u00eda Nacional, la Guardia Civil, Juzgados, Notarias, Ayuntamientos o Consulados.<\/p>\n\n\n    <div class=\"ad ad-type-timetable ad-has-image\">\n      <div class=\"ad-wrapper\">\n        <a href=\"\/en\/ads\/url\/143\" rel=\"nofollow\" target=\"_blank\" style=\"background: url(\/en\/ads\/img\/143\/timetable?p=69e02a8e64978)\">\n                      <span class=\"title\">IBRed - Fibra \u00d2ptica<\/span>\n            <span class=\"description\"><\/span>\n            <span class=\"ad-footer\"><\/span>\n                  <\/a>\n      <\/div>\n    <\/div>\n    \n\n\n\n<p><br><\/p>\n","protected":false},"excerpt":{"rendered":"<p>Los menores de 14 a 17 a\u00f1os pueden viajar solos en viajes nacionales, siempre que puedan acreditarse a trav\u00e9s del DNI. Los<span class=\"ellipsis\">&#8230;<\/span><\/p>\n","protected":false},"author":3,"featured_media":5469,"parent":4770,"menu_order":0,"comment_status":"closed","ping_status":"closed","template":"","meta":{"footnotes":""},"class_list":["post-5467","page","type-page","status-publish","has-post-thumbnail","hentry","es-ES"],"_links":{"self":[{"href":"https:\/\/proximoferry.brikkelt.nl\/blog\/wp-json\/wp\/v2\/pages\/5467"}],"collection":[{"href":"https:\/\/proximoferry.brikkelt.nl\/blog\/wp-json\/wp\/v2\/pages"}],"about":[{"href":"https:\/\/proximoferry.brikkelt.nl\/blog\/wp-json\/wp\/v2\/types\/page"}],"author":[{"embeddable":true,"href":"https:\/\/proximoferry.brikkelt.nl\/blog\/wp-json\/wp\/v2\/users\/3"}],"replies":[{"embeddable":true,"href":"https:\/\/proximoferry.brikkelt.nl\/blog\/wp-json\/wp\/v2\/comments?post=5467"}],"version-history":[{"count":1,"href":"https:\/\/proximoferry.brikkelt.nl\/blog\/wp-json\/wp\/v2\/pages\/5467\/revisions"}],"predecessor-version":[{"id":5470,"href":"https:\/\/proximoferry.brikkelt.nl\/blog\/wp-json\/wp\/v2\/pages\/5467\/revisions\/5470"}],"up":[{"embeddable":true,"href":"https:\/\/proximoferry.brikkelt.nl\/blog\/wp-json\/wp\/v2\/pages\/4770"}],"wp:featuredmedia":[{"embeddable":true,"href":"https:\/\/proximoferry.brikkelt.nl\/blog\/wp-json\/wp\/v2\/media\/5469"}],"wp:attachment":[{"href":"https:\/\/proximoferry.brikkelt.nl\/blog\/wp-json\/wp\/v2\/media?parent=5467"}],"curies":[{"name":"wp","href":"https:\/\/api.w.org\/{rel}","templated":true}]}}