{"id":5464,"date":"2022-08-09T05:00:29","date_gmt":"2022-08-09T05:00:29","guid":{"rendered":"https:\/\/proximoferry.brikkelt.nl\/blog\/?page_id=5464"},"modified":"2022-06-28T06:22:19","modified_gmt":"2022-06-28T06:22:19","slug":"que-pasa-si-cancelan-mi-ferry","status":"publish","type":"page","link":"https:\/\/proximoferry.brikkelt.nl\/blog\/tips\/que-pasa-si-cancelan-mi-ferry\/","title":{"rendered":"\u00bfQu\u00e9 pasa si cancelan mi ferry?"},"content":{"rendered":"\n<p>Si un viaje se cancela por causas ajenas a nosotros, cada compa\u00f1\u00eda tiene su propia pol\u00edtica y ser\u00e1n ellos los que ofrecen las alternativas a los pasajeros afectados. Estamos hablando de cancelaciones por incidencias meteorol\u00f3gicas, operativas o t\u00e9cnicas.<\/p>\n\n\n\n<p>Las soluciones, normalmente, pueden ser tres:&nbsp;<\/p>\n\n\n\n<ul class=\"wp-block-list\"><li>Cambiar el Puerto, pr\u00f3ximo al del billete inicial<\/li><li>Cambiar el horario, ya sea en el mismo Puerto o uno cercano<\/li><li>Cambiar la reserva<\/li><\/ul>\n\n\n    <div class=\"ad ad-type-timetable ad-has-image\">\n      <div class=\"ad-wrapper\">\n        <a href=\"\/en\/ads\/url\/117\" rel=\"nofollow\" target=\"_blank\" style=\"background: url(\/en\/ads\/img\/117\/timetable?p=69e02a8e64bc1)\">\n                      <span class=\"title\">Waital<\/span>\n            <span class=\"description\"><\/span>\n            <span class=\"ad-footer\"><\/span>\n                  <\/a>\n      <\/div>\n    <\/div>\n    \n\n\n\n<p>En los casos en los que la cancelaci\u00f3n se ha producido por una causa mayor y no existe una alternativa de poder cambiar de Puerto u otro horario, o cancelaciones por meteorol\u00f3gicas adversas que tambi\u00e9n dificultan la salida, desde la compa\u00f1\u00eda se ofrece un cambio de billete o la devoluci\u00f3n \u00edntegra.<\/p>\n\n\n\n<p>Es muy importante que al realizar la reserva te asegures que todos tus datos est\u00e1n correctos, ya que ser\u00e1n los que la compa\u00f1\u00eda utilizar\u00e1 si necesita ponerse en contacto con todos los pasajeros.<\/p>\n\n\n    <div class=\"ad ad-type-timetable ad-has-image\">\n      <div class=\"ad-wrapper\">\n        <a href=\"\/en\/ads\/url\/15\" rel=\"nofollow\" target=\"_blank\" style=\"background: url(\/en\/ads\/img\/15\/timetable?p=69e02a8e64bc1)\">\n                      <span class=\"title\">Trasmapi Club<\/span>\n            <span class=\"description\"><\/span>\n            <span class=\"ad-footer\"><\/span>\n                  <\/a>\n      <\/div>\n    <\/div>\n    \n\n\n\n<p><br><\/p>\n","protected":false},"excerpt":{"rendered":"<p>Si un viaje se cancela por causas ajenas a nosotros, cada compa\u00f1\u00eda tiene su propia pol\u00edtica y ser\u00e1n ellos los que ofrecen<span class=\"ellipsis\">&#8230;<\/span><\/p>\n","protected":false},"author":3,"featured_media":5465,"parent":4770,"menu_order":0,"comment_status":"closed","ping_status":"closed","template":"","meta":{"footnotes":""},"class_list":["post-5464","page","type-page","status-publish","has-post-thumbnail","hentry","es-ES"],"_links":{"self":[{"href":"https:\/\/proximoferry.brikkelt.nl\/blog\/wp-json\/wp\/v2\/pages\/5464"}],"collection":[{"href":"https:\/\/proximoferry.brikkelt.nl\/blog\/wp-json\/wp\/v2\/pages"}],"about":[{"href":"https:\/\/proximoferry.brikkelt.nl\/blog\/wp-json\/wp\/v2\/types\/page"}],"author":[{"embeddable":true,"href":"https:\/\/proximoferry.brikkelt.nl\/blog\/wp-json\/wp\/v2\/users\/3"}],"replies":[{"embeddable":true,"href":"https:\/\/proximoferry.brikkelt.nl\/blog\/wp-json\/wp\/v2\/comments?post=5464"}],"version-history":[{"count":1,"href":"https:\/\/proximoferry.brikkelt.nl\/blog\/wp-json\/wp\/v2\/pages\/5464\/revisions"}],"predecessor-version":[{"id":5466,"href":"https:\/\/proximoferry.brikkelt.nl\/blog\/wp-json\/wp\/v2\/pages\/5464\/revisions\/5466"}],"up":[{"embeddable":true,"href":"https:\/\/proximoferry.brikkelt.nl\/blog\/wp-json\/wp\/v2\/pages\/4770"}],"wp:featuredmedia":[{"embeddable":true,"href":"https:\/\/proximoferry.brikkelt.nl\/blog\/wp-json\/wp\/v2\/media\/5465"}],"wp:attachment":[{"href":"https:\/\/proximoferry.brikkelt.nl\/blog\/wp-json\/wp\/v2\/media?parent=5464"}],"curies":[{"name":"wp","href":"https:\/\/api.w.org\/{rel}","templated":true}]}}