{"id":5461,"date":"2022-08-02T12:44:39","date_gmt":"2022-08-02T12:44:39","guid":{"rendered":"https:\/\/proximoferry.brikkelt.nl\/blog\/?page_id=5461"},"modified":"2022-06-27T12:47:57","modified_gmt":"2022-06-27T12:47:57","slug":"puertos-de-palma","status":"publish","type":"page","link":"https:\/\/proximoferry.brikkelt.nl\/blog\/tips\/puertos-de-palma\/","title":{"rendered":"Puertos de Palma"},"content":{"rendered":"\n<p>El puerto de Palma se organiza en tres muelles:<\/p>\n\n\n\n<ul class=\"wp-block-list\"><li>Dique del Oeste: aqu\u00ed desembarcan la mayor\u00eda de los cruceros y tambi\u00e9n se encuentran sus respectivas terminales. As\u00ed pues, en este muelle solo vamos a encontrar algunos cruceros y buques de Balearia. Si tienes que embarcar o desembarcar en coche tienes que acceder hasta este recinto portuario que se encuentra en Porto Pi. Si accedes caminando tienes que coger un bus desde la estaci\u00f3n mar\u00edtima 2 o 3 que se encuentra en Pelaires.<\/li><\/ul>\n\n\n    <div class=\"ad ad-type-timetable ad-has-image\">\n      <div class=\"ad-wrapper\">\n        <a href=\"\/en\/ads\/url\/15\" rel=\"nofollow\" target=\"_blank\" style=\"background: url(\/en\/ads\/img\/15\/timetable?p=69e028278716c)\">\n                      <span class=\"title\">Trasmapi Club<\/span>\n            <span class=\"description\"><\/span>\n            <span class=\"ad-footer\"><\/span>\n                  <\/a>\n      <\/div>\n    <\/div>\n    \n\n\n\n<ul class=\"wp-block-list\"><li>Pelaires: se encuentran las estaciones mar\u00edtimas donde acceder a todos los barcos si se viaja sin veh\u00edculo. Se ubica en la Avenida Gabriel Roca. Desde aqu\u00ed operan distintas navieras. Tambi\u00e9n hay una zona donde se realiza el embarque y desembarque de coches, motos, bicicletas y camiones.<\/li><\/ul>\n\n\n    <div class=\"ad ad-type-timetable ad-has-image\">\n      <div class=\"ad-wrapper\">\n        <a href=\"\/en\/ads\/url\/114\" rel=\"nofollow\" target=\"_blank\" style=\"background: url(\/en\/ads\/img\/114\/timetable?p=69e028278716c)\">\n                      <span class=\"title\">Isla Bonita - Tu mejor escenario<\/span>\n            <span class=\"description\"><\/span>\n            <span class=\"ad-footer\"><\/span>\n                  <\/a>\n      <\/div>\n    <\/div>\n    \n\n\n\n<ul class=\"wp-block-list\"><li>Muelles comerciales: enfrente de la catedral se encuentra este muelle donde accede la carga y veh\u00edculos que viajan dentro del barco. En este puerto no atraca balearia<\/li><\/ul>\n","protected":false},"excerpt":{"rendered":"<p>El puerto de Palma se organiza en tres muelles: Dique del Oeste: aqu\u00ed desembarcan la mayor\u00eda de los cruceros y tambi\u00e9n se<span class=\"ellipsis\">&#8230;<\/span><\/p>\n","protected":false},"author":3,"featured_media":5462,"parent":4770,"menu_order":0,"comment_status":"closed","ping_status":"closed","template":"","meta":{"footnotes":""},"class_list":["post-5461","page","type-page","status-publish","has-post-thumbnail","hentry","es-ES"],"_links":{"self":[{"href":"https:\/\/proximoferry.brikkelt.nl\/blog\/wp-json\/wp\/v2\/pages\/5461"}],"collection":[{"href":"https:\/\/proximoferry.brikkelt.nl\/blog\/wp-json\/wp\/v2\/pages"}],"about":[{"href":"https:\/\/proximoferry.brikkelt.nl\/blog\/wp-json\/wp\/v2\/types\/page"}],"author":[{"embeddable":true,"href":"https:\/\/proximoferry.brikkelt.nl\/blog\/wp-json\/wp\/v2\/users\/3"}],"replies":[{"embeddable":true,"href":"https:\/\/proximoferry.brikkelt.nl\/blog\/wp-json\/wp\/v2\/comments?post=5461"}],"version-history":[{"count":1,"href":"https:\/\/proximoferry.brikkelt.nl\/blog\/wp-json\/wp\/v2\/pages\/5461\/revisions"}],"predecessor-version":[{"id":5463,"href":"https:\/\/proximoferry.brikkelt.nl\/blog\/wp-json\/wp\/v2\/pages\/5461\/revisions\/5463"}],"up":[{"embeddable":true,"href":"https:\/\/proximoferry.brikkelt.nl\/blog\/wp-json\/wp\/v2\/pages\/4770"}],"wp:featuredmedia":[{"embeddable":true,"href":"https:\/\/proximoferry.brikkelt.nl\/blog\/wp-json\/wp\/v2\/media\/5462"}],"wp:attachment":[{"href":"https:\/\/proximoferry.brikkelt.nl\/blog\/wp-json\/wp\/v2\/media?parent=5461"}],"curies":[{"name":"wp","href":"https:\/\/api.w.org\/{rel}","templated":true}]}}