{"id":5443,"date":"2022-07-19T10:26:24","date_gmt":"2022-07-19T10:26:24","guid":{"rendered":"https:\/\/proximoferry.brikkelt.nl\/blog\/?page_id=5443"},"modified":"2022-06-27T10:27:24","modified_gmt":"2022-06-27T10:27:24","slug":"donde-coger-el-buque-posidonia","status":"publish","type":"page","link":"https:\/\/proximoferry.brikkelt.nl\/blog\/tips\/donde-coger-el-buque-posidonia\/","title":{"rendered":"\u00bfD\u00f3nde coger el buque Posidonia?"},"content":{"rendered":"\n<p><strong>\u00bf<\/strong>El Ferry Posidonia de Balearia une las islas de Ibiza y Formentera, pero este no amarra donde est\u00e1n los otros barcos que hacen este trayecto, sino que lo podemos encontrar en el muelle comercial de Ibiza.<\/p>\n\n\n\n<p>No es un ferry r\u00e1pido, m\u00e1s bien es tranquilo ya que tiene gran capacidad de carga. Existe la opci\u00f3n de poder embarcar veh\u00edculos en su bodega.\u00a0<\/p>\n\n\n    <div class=\"ad ad-type-timetable ad-has-image\">\n      <div class=\"ad-wrapper\">\n        <a href=\"\/en\/ads\/url\/15\" rel=\"nofollow\" target=\"_blank\" style=\"background: url(\/en\/ads\/img\/15\/timetable?p=69e02a8ee0854)\">\n                      <span class=\"title\">Trasmapi Club<\/span>\n            <span class=\"description\"><\/span>\n            <span class=\"ad-footer\"><\/span>\n                  <\/a>\n      <\/div>\n    <\/div>\n    \n\n\n\n<p>Hay que tener en cuenta este dato ya que si hemos comprado un billete para viajar a Formentera desde Ibiza en el Posidonia, nuestro punto de embarque ser\u00e1 en otro lugar que el resto de ferris si vamos con veh\u00edculo. En el caso de aquellos pasajeros que viajan a pie, la naviera pone a su disposici\u00f3n un bus que sale de la estaci\u00f3n mar\u00edtima hasta el barco.<\/p>\n\n\n    <div class=\"ad ad-type-timetable ad-has-image\">\n      <div class=\"ad-wrapper\">\n        <a href=\"\/en\/ads\/url\/46\" rel=\"nofollow\" target=\"_blank\" style=\"background: url(\/en\/ads\/img\/46\/timetable?p=69e02a8ee0854)\">\n                      <span class=\"title\">Bale\u00e0ria<\/span>\n            <span class=\"description\">Viaja con la naviera l\u00edder en Baleares<\/span>\n            <span class=\"ad-footer\">www.balearia.com<\/span>\n                  <\/a>\n      <\/div>\n    <\/div>\n    \n\n\n\n<p><br><\/p>\n","protected":false},"excerpt":{"rendered":"<p>\u00bfEl Ferry Posidonia de Balearia une las islas de Ibiza y Formentera, pero este no amarra donde est\u00e1n los otros barcos que<span class=\"ellipsis\">&#8230;<\/span><\/p>\n","protected":false},"author":3,"featured_media":5444,"parent":4770,"menu_order":0,"comment_status":"closed","ping_status":"closed","template":"","meta":{"footnotes":""},"class_list":["post-5443","page","type-page","status-publish","has-post-thumbnail","hentry","es-ES"],"_links":{"self":[{"href":"https:\/\/proximoferry.brikkelt.nl\/blog\/wp-json\/wp\/v2\/pages\/5443"}],"collection":[{"href":"https:\/\/proximoferry.brikkelt.nl\/blog\/wp-json\/wp\/v2\/pages"}],"about":[{"href":"https:\/\/proximoferry.brikkelt.nl\/blog\/wp-json\/wp\/v2\/types\/page"}],"author":[{"embeddable":true,"href":"https:\/\/proximoferry.brikkelt.nl\/blog\/wp-json\/wp\/v2\/users\/3"}],"replies":[{"embeddable":true,"href":"https:\/\/proximoferry.brikkelt.nl\/blog\/wp-json\/wp\/v2\/comments?post=5443"}],"version-history":[{"count":1,"href":"https:\/\/proximoferry.brikkelt.nl\/blog\/wp-json\/wp\/v2\/pages\/5443\/revisions"}],"predecessor-version":[{"id":5445,"href":"https:\/\/proximoferry.brikkelt.nl\/blog\/wp-json\/wp\/v2\/pages\/5443\/revisions\/5445"}],"up":[{"embeddable":true,"href":"https:\/\/proximoferry.brikkelt.nl\/blog\/wp-json\/wp\/v2\/pages\/4770"}],"wp:featuredmedia":[{"embeddable":true,"href":"https:\/\/proximoferry.brikkelt.nl\/blog\/wp-json\/wp\/v2\/media\/5444"}],"wp:attachment":[{"href":"https:\/\/proximoferry.brikkelt.nl\/blog\/wp-json\/wp\/v2\/media?parent=5443"}],"curies":[{"name":"wp","href":"https:\/\/api.w.org\/{rel}","templated":true}]}}