{"id":5440,"date":"2022-07-12T05:20:13","date_gmt":"2022-07-12T05:20:13","guid":{"rendered":"https:\/\/proximoferry.brikkelt.nl\/blog\/?page_id=5440"},"modified":"2023-07-20T07:31:05","modified_gmt":"2023-07-20T07:31:05","slug":"viajar-con-mascotas","status":"publish","type":"page","link":"https:\/\/proximoferry.brikkelt.nl\/blog\/tips\/viajar-con-mascotas\/","title":{"rendered":"Viajar con mascotas"},"content":{"rendered":"\n<p>Si quieres <strong>viajar con tu mascota<\/strong> en el ferry Ibiza Formentera, debes saber que cada naviera tiene su pol\u00edtica para viajar con animales a bordo. <\/p>\n\n\n\n<h3 class=\"wp-block-heading\">Ferry Trasmapi<\/h3>\n\n\n\n<p>En el caso de <strong>Trasmapi<\/strong>, el pasaje del animal <strong>es totalmente gratuito<\/strong>. La mascota puede viajar con usted siempre que est\u00e9 dentro de una jaula o transport\u00edn. En el caso de que sea de grandes dimensiones y dificulte el paso, el animal deber\u00e1 viajar en cubierta, siempre que el tiempo lo permita.<\/p>\n\n\n\n<p>Es importante que en los momentos de<strong> embarque y desembarque, los perros lleven puesta la correa y el bozal.<\/strong><\/p>\n\n\n\n<p>En todas las compa\u00f1\u00edas est\u00e1 totalmente <strong>prohibido que los animales viajen en el interior de los veh\u00edculos.<\/strong><\/p>\n\n\n    <div class=\"ad ad-type-timetable ad-has-image\">\n      <div class=\"ad-wrapper\">\n        <a href=\"\/en\/ads\/url\/45\" rel=\"nofollow\" target=\"_blank\" style=\"background: url(\/en\/ads\/img\/45\/timetable?p=69e02a8e7dbaa)\">\n                      <span class=\"title\">Nautica Pins<\/span>\n            <span class=\"description\">Lloguer d'embarcacions i venda d'accessoris n\u00e0utics. info@nauticapins.com | 971 322 651<\/span>\n            <span class=\"ad-footer\">nauticapins.com<\/span>\n                  <\/a>\n      <\/div>\n    <\/div>\n    \n\n\n\n<h3 class=\"wp-block-heading\">Ferry Bale\u00e0ria<\/h3>\n\n\n\n<p>En el caso de <strong>Balearia<\/strong> viajar con mascotas es m\u00e1s complejo, depender\u00e1 de las caracter\u00edsticas del buque, ya que tendr\u00e1n a disposici\u00f3n varias zonas habilitadas. Algunos barcos disponen de <strong>camarotes aptos para mascotas<\/strong>, en estos casos podr\u00e1s viajar con ellos. Por otra parte, est\u00e1 disponible la <strong>butaca Pet Friendly<\/strong>, que es una acomodaci\u00f3n en la que el animal podr\u00e1 estar contigo, siempre que no pese m\u00e1s de 8 kg, incluido el transport\u00edn.<\/p>\n\n\n\n<p>Tambi\u00e9n existe la posibilidad de que tu mascota deba viajar en la <strong>zona de transportines<\/strong>, en este caso no puedes acompa\u00f1arlo durante el trayecto. Si viajas en un <strong>Smart Ship<\/strong>, podr\u00e1s saber como est\u00e1 gracias a un <strong>sistema de video vigilancia<\/strong>. Si el barco no tiene est\u00e1 opci\u00f3n, la tripulaci\u00f3n se har\u00e1 cargo de los animales.<\/p>\n\n\n    <div class=\"ad ad-type-timetable ad-has-image\">\n      <div class=\"ad-wrapper\">\n        <a href=\"\/en\/ads\/url\/45\" rel=\"nofollow\" target=\"_blank\" style=\"background: url(\/en\/ads\/img\/45\/timetable?p=69e02a8e7dbaa)\">\n                      <span class=\"title\">Nautica Pins<\/span>\n            <span class=\"description\">Lloguer d'embarcacions i venda d'accessoris n\u00e0utics. info@nauticapins.com | 971 322 651<\/span>\n            <span class=\"ad-footer\">nauticapins.com<\/span>\n                  <\/a>\n      <\/div>\n    <\/div>\n    \n\n\n\n<h3 class=\"wp-block-heading\">Ferry Formentera Lines<\/h3>\n\n\n\n<p>Tambi\u00e9n podr\u00e1s viajar con tu mascota con la naviera <strong>Formentera Lines. <\/strong>El animal podr\u00e1 acceder en las <strong>cubiertas interiores <\/strong>cerradas siempre que su <strong>peso m\u00e1ximo sea de 10 kg.<\/strong> En estos casos deber\u00e1 viajar en un trasport\u00edn.<\/p>\n\n\n\n<p>Podr\u00e1 viajar tambi\u00e9n en las <strong>cubiertas exteriores<\/strong>, en las zonas habilitadas y ser\u00e1 obligatorio el uso de correa, siempre que la mascota est\u00e9 fuera del trasport\u00edn.<\/p>\n\n\n    <div class=\"ad ad-type-timetable ad-has-image\">\n      <div class=\"ad-wrapper\">\n        <a href=\"\/en\/ads\/url\/143\" rel=\"nofollow\" target=\"_blank\" style=\"background: url(\/en\/ads\/img\/143\/timetable?p=69e02a8e7dbaa)\">\n                      <span class=\"title\">IBRed - Fibra \u00d2ptica<\/span>\n            <span class=\"description\"><\/span>\n            <span class=\"ad-footer\"><\/span>\n                  <\/a>\n      <\/div>\n    <\/div>\n    \n\n\n\n<h3 class=\"wp-block-heading\">Ferry Trasmed<\/h3>\n\n\n\n<p>Trasmed es una <strong>naviera pet-friendly<\/strong>, puedes viajar a bordo de sus ferries con tu mascota con comodidad y seguridad.<\/p>\n\n\n\n<p>Puedes elegir para tu mascota, entre estas acomodaciones:<\/p>\n\n\n\n<ol class=\"wp-block-list\"><li><strong>Camarote pet-friendly<\/strong> donde puedes viajar hasta con 2 mascotas, esta acomodaci\u00f3n incluye un Welcome Pack. ( una bolsita backpad de algod\u00f3n, un mantel hule absorbente empapador, un rollo de bolsas higi\u00e9nicas biodegradables y un snack). Disponibles para pasajeros que no est\u00e9n en camarote pet-friendly por 20\u20ac en sus tiendas.<\/li><li>Viajar en la <strong>zona de butacas, <\/strong>tu mascota debe ir en transport\u00edn siempre que pese hasta 8 kg (incluido el transport\u00edn)<\/li><li>En las <strong>casetas<\/strong> disponibles a bordo del ferry, <strong>acondicionadas con videovigilancia.<\/strong><\/li><\/ol>\n\n\n\n<p>No existe <strong>limite de peso <\/strong>para las mascotas que viajan en camarote o en las casetas acondicionadas.<\/p>\n\n\n\n<p>Zonas en las que puedes estar en el ferry con tu mascota, cubiertas exteriores y las zonas interiores habilitadas, siempre y cuando se lleve con correa. Solo deben ir con bozal aquellos animales considerados potencialmente peligrosos, no podr\u00e1n acceder a la zona de restauraci\u00f3n ni a los camarotes no adaptados para ellos.<\/p>\n\n\n\n<h3 class=\"wp-block-heading\">Ferry Aquabus<\/h3>\n\n\n\n<p>En Aquabus <strong>las mascotas viajan gratis<\/strong>, reservando su plaza a bordo del ferry, para obtener su tarjeta de embarque. <\/p>\n\n\n\n<h3 class=\"wp-block-heading\">C\u00f3mo reservo un billete de ferry para mi mascota<\/h3>\n\n\n\n<p>Reservar el billete de tu mascota, en <a href=\"https:\/\/www.proximoferry.com\/\">Pr\u00f3ximo Ferry,<\/a> es mu f\u00e1cil, sigue estos pasos:<\/p>\n\n\n\n<ol class=\"wp-block-list\"><li>Empieza haciendo click <a href=\"https:\/\/booking.proximoferry.com\/\">aqu\u00ed.<\/a><\/li><li> Una vez que tienes tus puertos de origen y destino, fecha, <strong>importante indica en \u00abpasajeros y bonificaciones\u00bb el n\u00ba de las personas que viaj\u00e1is y confirma que viajas con mascota<\/strong>,  Pr\u00f3ximo Ferry, te compara todos los ferries en tiempo real, elige la oferta que m\u00e1s te interese.<\/li><li>Introduce tus datos y el m\u00e9todo de pago y recibir\u00e1s la confirmaci\u00f3n de tu reserva por mail.<\/li><\/ol>\n\n\n\n<p> En el caso de <strong>los perros gu\u00eda, viajan gratis<\/strong> en todas las compa\u00f1\u00edas y tienen libre acceso a todas las zonas de pasaje. <\/p>\n\n\n\n<p><strong>La documentaci\u00f3n necesaria para poder viajar con un animal ser\u00e1 la correspondiente tarjeta de embarque para la mascota y la cartilla sanitaria en vigor.<\/strong><\/p>\n","protected":false},"excerpt":{"rendered":"<p>Si quieres viajar con tu mascota en el ferry Ibiza Formentera, debes saber que cada naviera tiene su pol\u00edtica para viajar con<span class=\"ellipsis\">&#8230;<\/span><\/p>\n","protected":false},"author":3,"featured_media":5441,"parent":4770,"menu_order":0,"comment_status":"closed","ping_status":"closed","template":"","meta":{"footnotes":""},"class_list":["post-5440","page","type-page","status-publish","has-post-thumbnail","hentry","es-ES"],"_links":{"self":[{"href":"https:\/\/proximoferry.brikkelt.nl\/blog\/wp-json\/wp\/v2\/pages\/5440"}],"collection":[{"href":"https:\/\/proximoferry.brikkelt.nl\/blog\/wp-json\/wp\/v2\/pages"}],"about":[{"href":"https:\/\/proximoferry.brikkelt.nl\/blog\/wp-json\/wp\/v2\/types\/page"}],"author":[{"embeddable":true,"href":"https:\/\/proximoferry.brikkelt.nl\/blog\/wp-json\/wp\/v2\/users\/3"}],"replies":[{"embeddable":true,"href":"https:\/\/proximoferry.brikkelt.nl\/blog\/wp-json\/wp\/v2\/comments?post=5440"}],"version-history":[{"count":8,"href":"https:\/\/proximoferry.brikkelt.nl\/blog\/wp-json\/wp\/v2\/pages\/5440\/revisions"}],"predecessor-version":[{"id":7271,"href":"https:\/\/proximoferry.brikkelt.nl\/blog\/wp-json\/wp\/v2\/pages\/5440\/revisions\/7271"}],"up":[{"embeddable":true,"href":"https:\/\/proximoferry.brikkelt.nl\/blog\/wp-json\/wp\/v2\/pages\/4770"}],"wp:featuredmedia":[{"embeddable":true,"href":"https:\/\/proximoferry.brikkelt.nl\/blog\/wp-json\/wp\/v2\/media\/5441"}],"wp:attachment":[{"href":"https:\/\/proximoferry.brikkelt.nl\/blog\/wp-json\/wp\/v2\/media?parent=5440"}],"curies":[{"name":"wp","href":"https:\/\/api.w.org\/{rel}","templated":true}]}}