{"id":5419,"date":"2022-06-28T05:00:06","date_gmt":"2022-06-28T05:00:06","guid":{"rendered":"https:\/\/proximoferry.brikkelt.nl\/blog\/?page_id=5419"},"modified":"2023-07-03T07:09:24","modified_gmt":"2023-07-03T07:09:24","slug":"como-hacer-el-check-in","status":"publish","type":"page","link":"https:\/\/proximoferry.brikkelt.nl\/blog\/tips\/como-hacer-el-check-in\/","title":{"rendered":"C\u00f3mo hacer el check in?"},"content":{"rendered":"\n<p>Desde <strong>Pr\u00f3ximo Ferry,<\/strong> te enviamos un mail con toda la informaci\u00f3n necesaria que tienes que saber antes de tu viaje. Es importante que prepares toda la documentaci\u00f3n necesaria y que sigas las indicaciones para realizar el <strong>check<\/strong> <strong>in<\/strong> de tu pasaje para ir en el <strong>barco de Ibiza a Formentera<\/strong>, y viceversa dependiendo de la compa\u00f1\u00eda con la que viajes.<\/p>\n\n\n\n<p>Te encontrar\u00e1s 4 compa\u00f1\u00edas que cubren la ruta en barco de Ibiza a Formentera: <strong>Trasmapi Lines, Bale\u00e0ria, Formentera Lines y Aquabus, <\/strong>sus ferrys efect\u00faan varios trayectos diarios. <\/p>\n\n\n\n<p>La compa\u00f1ia <strong>Trasmed<\/strong> cubre las l\u00edneas de la Pen\u00ednsula con Islas Baleares, y los trayectos entre islas.<\/p>\n\n\n\n<h3 class=\"wp-block-heading\">Trasmapi Lines<\/h3>\n\n\n\n<p><strong>Trasmapi <\/strong>es una compa\u00f1\u00eda Espa\u00f1ola, fundada en 1960, sus barcos operan entre Ibiza y Formentera, garantizan un viaje confortable en sus ferries r\u00e1pidos, dispone de una flota de 6 ferries: el Ibiza Jet, Formentera Jet, Eivissa Jet, Illetas Jet, Migjorn Jet y El castav\u00ed Jet, en nuestra web encontrar\u00e1s todos los <a href=\"https:\/\/www.proximoferry.com\/es\/\">horarios.<\/a><\/p>\n\n\n\n<h3 class=\"wp-block-heading\">Trasmed<\/h3>\n\n\n\n<p><strong>Trasmed<\/strong> es una compa\u00f1\u00eda de Grupo Grimaldi, se formo en julio de 2021, con sede en Valencia, opera desde la Pen\u00ednsula y desde Baleares.<\/p>\n\n\n\n<p>A la hora de reservar, puedes elegir viajar en camarote, butaca, llevar tu mascota, veh\u00edculo., compara todos los horarios y precios de trasmed con todas las compa\u00f1ias que operan, en <a href=\"https:\/\/booking.proximoferry.com\/\">booking.proximoferry.com<\/a><\/p>\n\n\n\n<p><\/p>\n\n\n\n<h3 class=\"wp-block-heading\">Bale\u00e0ria<\/h3>\n\n\n\n<p>Bale\u00e0ria es una compa\u00f1\u00eda Espa\u00f1ola con sede en D\u00e8nia, que opera desde 1998, ofrece numerosas salidas entre Ibiza y Formentera cada d\u00eda. <\/p>\n\n\n\n<p>La duraci\u00f3n del viaje en barco Ibiza a Formentera, dura entre 25 minutos y 1 hora, en funci\u00f3n del tipo de barco que hayas escogido en tu reserva.<\/p>\n\n\n\n<h3 class=\"wp-block-heading\">Formentera Lines<\/h3>\n\n\n\n<p>Empresa que opera entra las Islas Pitiusas, disponen de una flota compuesta de 4 barcos, L\u00ednea Jet, tarda 25 minutos y L\u00ednea Express con una duraci\u00f3n de 25 minutos.<\/p>\n\n\n\n<h3 class=\"wp-block-heading\">Aquabus<\/h3>\n\n\n\n<p>Compa\u00f1\u00eda que comenz\u00f3 a operar en 1985 con viajes desde Ibiza hasta Formentera, este verano incorporo dos nuevas embarcaciones gemelas para ofrecer un mejor servicio.<\/p>\n\n\n\n<p><strong>Una vez tengas tu reserva<\/strong>, debes tener en cuenta que debes emitir las tarjetas de embarque a trav\u00e9s del apartado <strong>check-in de la web<\/strong>,  directamente en la <em>taquilla o en las m\u00e1quinas de las estaciones mar\u00b4\u00edtimas <\/em>de Ibiza o Formentera el mismo d\u00eda de la salida.<\/p>\n\n\n\n<p>En este punto debes tener en cuenta, que algunas navieras no permiten la emisi\u00f3n de las tarjetas de embarque on line, por lo que te recomendamos sigas leyendo <strong>como hacer el Chek-in en la naviera que quieras realizar la reserva.<\/strong><\/p>\n\n\n    <div class=\"ad ad-type-timetable ad-has-image\">\n      <div class=\"ad-wrapper\">\n        <a href=\"\/en\/ads\/url\/15\" rel=\"nofollow\" target=\"_blank\" style=\"background: url(\/en\/ads\/img\/15\/timetable?p=69e0283f68287)\">\n                      <span class=\"title\">Trasmapi Club<\/span>\n            <span class=\"description\"><\/span>\n            <span class=\"ad-footer\"><\/span>\n                  <\/a>\n      <\/div>\n    <\/div>\n    \n\n\n\n<h3 class=\"wp-block-heading\">Check-in Trasmapi<\/h3>\n\n\n\n<p>&#8211; <strong>Si viajas en Trasmapi,<\/strong> puedes hacer el check-in en su p\u00e1gina web (<a href=\"https:\/\/www.trasmapi.com\/\">www.trasmapi.com<\/a>), en las m\u00e1quinas que la compa\u00f1\u00eda tiene en las estaciones mar\u00edtimas de Ibiza y Formentera o en las taquillas.<\/p>\n\n\n\n<h3 class=\"wp-block-heading\">Check-in Bale\u00e0ria<\/h3>\n\n\n\n<p>&#8211; <strong>Si viajas en Bale\u00e0ria<\/strong>, puedes hacer el check-in en su p\u00e1gina web (<a href=\"https:\/\/www.balearia.com\/wps\/portal\/balearia\/inicio\/checkIn\/!ut\/p\/a1\/04_Sj9CPykssy0xPLMnMz0vM0Q9OLQaJRZnFm1m4mxkaORt4-wcGmhk4mrgYeZuYuRkbuBvoexFSEK4fhVeJgQlUgQEO4GigX5Dhmh3oqKgIAHwRrCY!\/dl5\/d5\/L3dJVkEvd0RNQUprQUVnQSEhLzRKaUdRb3dnL1o2XzY4RzYxMkMwSzhUUzMwQTRSRVROTFAwRDMzL1o3XzY4RzYxMkMwS09MUEQwQUtHMEY3NkMxMDA0\/#Z7_68G612C0KOLPD0AKG0F76C1004\">www.balearia.com<\/a>), en las m\u00e1quinas que la compa\u00f1\u00eda tiene, en las estaciones mar\u00edtimas o en las taquillas.<\/p>\n\n\n    <div class=\"ad ad-type-timetable ad-has-image\">\n      <div class=\"ad-wrapper\">\n        <a href=\"\/en\/ads\/url\/64\" rel=\"nofollow\" target=\"_blank\" style=\"background: url(\/en\/ads\/img\/64\/timetable?p=69e0283f68287)\">\n                      <span class=\"title\">Bale\u00e0ria<\/span>\n            <span class=\"description\">Viaja con la naviera l\u00edder en Baleares<\/span>\n            <span class=\"ad-footer\">www.balearia.com<\/span>\n                  <\/a>\n      <\/div>\n    <\/div>\n    \n\n\n\n<h3 class=\"wp-block-heading\">Check-in Formentera Lines<\/h3>\n\n\n\n<p>&#8211; <strong>Si viajas en Formentera Lines<\/strong>, puedes hacer el check-in en su p\u00e1gina web (<a href=\"https:\/\/checkin.mediterraneapitiusa.com\/\">https:\/\/mediterraneapitiusa.com\/<\/a>), o en las taquillas de las estaciones mar\u00edtimas.<br><\/p>\n\n\n\n<h3 class=\"wp-block-heading\">Check-in Aquabus<\/h3>\n\n\n\n<p>&#8211; <strong>Si viajas en Aquabus<\/strong>, podr\u00e1s dirigirte directamente al barco Ibiza Formentera con tu bono y obtener la tarjeta de embarque a bordo.<\/p>\n\n\n\n<p>Una vez, hayas realizado el check-in online podr\u00e1s embarcar, presentando tu tarjeta de embarque directamente al personal a bordo, al subir al barco Ibiza Formentera, y ahorrarte las colas de las taquillas, sobre todo en temporada de verano.<\/p>\n\n\n\n<h3 class=\"wp-block-heading\">Check-in Trasmed GLE<\/h3>\n\n\n\n<p><strong>Si viajas con Trasmed<\/strong> podr\u00e1s directamente hacer el<strong> chek-in online<\/strong>, en su pagina web <a href=\"https:\/\/www.trasmed.com\/es\/checkin\">aqu\u00ed,  <\/a>una vez tengas las tarjetas de embarque, puedes embarcar directamente en el ferry sin pasar por las taquillas.<\/p>\n\n\n\n<h2 class=\"wp-block-heading\">\u00bfPor qu\u00e9 reservar tus billetes de ferry con Pr\u00f3ximo Ferry?<\/h2>\n\n\n\n<p>Para reservar tu billete, a Formentera o Ibiza, \u00a1Nosotros te lo ponemos m\u00e1s f\u00e1cil!<\/p>\n\n\n\n<p>Puedes consultar todos los horarios disponibles de todas las compa\u00f1\u00edas <a href=\"https:\/\/www.proximoferry.com\/es\">aqu\u00ed<\/a>, y adem\u00e1s tienes todas estas ventajas:<\/p>\n\n\n\n<ul class=\"wp-block-list\"><li> Consultar el estado de la mar en tiempo real, que condiciones meteorol\u00f3gicas te encontrar\u00e1s durante tu viaje.<\/li><li>Servicios a bordo de cada una de los ferris, sabr\u00e1s si dispones de wifi, \u00e1rea infantil o permite embarcar veh\u00edculos.<\/li><li>Desde <strong>Pr\u00f3ximo Ferry<\/strong> intentamos siempre darte el m\u00e1ximo de informaci\u00f3n posible y mostrarte todas las opciones disponibles para que <strong><em>tu viaje sea perfecto<\/em><\/strong>. <\/li><li>Ah\u00f3rrate las colas en taquilla.<\/li><li>Y cuando ya est\u00e9 todo organizado, seguimos a tu lado gracias a nuestra <a href=\"https:\/\/play.google.com\/store\/apps\/details?id=com.proximoferry.proximoferryapp&amp;hl=es&amp;gl=US\">APP<\/a>.<\/li><li>Te avisamos en tiempo real de todas las cancelaciones o incidencias y todo desde tu m\u00f3vil.<\/li><\/ul>\n\n\n\n<p>\u00a1No olvides consultar nuestros <a href=\"https:\/\/proximoferry.brikkelt.nl\/blog\/tips\/\">tips de viajes!<\/a> Y reservar tu billete en <a href=\"https:\/\/booking.proximoferry.com\/\">Pr\u00f3ximo Ferry.<\/a><\/p>\n\n\n\n<p>Esperamos haberte ayudado \u00a1Feliz traves\u00eda!<br><\/p>\n\n\n\n<p><br><\/p>\n","protected":false},"excerpt":{"rendered":"<p>Desde Pr\u00f3ximo Ferry, te enviamos un mail con toda la informaci\u00f3n necesaria que tienes que saber antes de tu viaje. Es importante<span class=\"ellipsis\">&#8230;<\/span><\/p>\n","protected":false},"author":3,"featured_media":5417,"parent":4770,"menu_order":0,"comment_status":"closed","ping_status":"closed","template":"","meta":{"footnotes":""},"class_list":["post-5419","page","type-page","status-publish","has-post-thumbnail","hentry","es-ES"],"_links":{"self":[{"href":"https:\/\/proximoferry.brikkelt.nl\/blog\/wp-json\/wp\/v2\/pages\/5419"}],"collection":[{"href":"https:\/\/proximoferry.brikkelt.nl\/blog\/wp-json\/wp\/v2\/pages"}],"about":[{"href":"https:\/\/proximoferry.brikkelt.nl\/blog\/wp-json\/wp\/v2\/types\/page"}],"author":[{"embeddable":true,"href":"https:\/\/proximoferry.brikkelt.nl\/blog\/wp-json\/wp\/v2\/users\/3"}],"replies":[{"embeddable":true,"href":"https:\/\/proximoferry.brikkelt.nl\/blog\/wp-json\/wp\/v2\/comments?post=5419"}],"version-history":[{"count":31,"href":"https:\/\/proximoferry.brikkelt.nl\/blog\/wp-json\/wp\/v2\/pages\/5419\/revisions"}],"predecessor-version":[{"id":7122,"href":"https:\/\/proximoferry.brikkelt.nl\/blog\/wp-json\/wp\/v2\/pages\/5419\/revisions\/7122"}],"up":[{"embeddable":true,"href":"https:\/\/proximoferry.brikkelt.nl\/blog\/wp-json\/wp\/v2\/pages\/4770"}],"wp:featuredmedia":[{"embeddable":true,"href":"https:\/\/proximoferry.brikkelt.nl\/blog\/wp-json\/wp\/v2\/media\/5417"}],"wp:attachment":[{"href":"https:\/\/proximoferry.brikkelt.nl\/blog\/wp-json\/wp\/v2\/media?parent=5419"}],"curies":[{"name":"wp","href":"https:\/\/api.w.org\/{rel}","templated":true}]}}