{"id":5113,"date":"2019-07-24T18:17:17","date_gmt":"2019-07-24T18:17:17","guid":{"rendered":"https:\/\/proximoferry.brikkelt.nl\/blog\/?page_id=5113"},"modified":"2024-06-13T16:04:42","modified_gmt":"2024-06-13T16:04:42","slug":"paseo-por-sant-ferran","status":"publish","type":"page","link":"https:\/\/proximoferry.brikkelt.nl\/blog\/onarrival\/paseo-por-sant-ferran\/","title":{"rendered":"Descubre qu\u00e9 hacer en Formentera: Paseo por Sant Ferran"},"content":{"rendered":"\n<h3 class=\"wp-block-heading\">Explora Sant Ferran en Formentera<\/h3>\n\n\n\n<p>En pocos a\u00f1os <strong>Sant Ferran<\/strong> habr\u00e1 cambiado su fisonom\u00eda, con el centro hist\u00f3rico, alrededor de la plaza, la calle Mayor y la calle Guillem de Montgr\u00ed, peatonalizado y la reforma de la avenida Joan Castell\u00f3 Guasch, que habilitar\u00e1 para los peatones el paso de la carretera principal que atraviesa el pueblo, haci\u00e9ndolo <strong>un lugar agradable por donde perderse y descubrir sin prisa sus encantos y rincones m\u00e1gicos.<\/strong><\/p>\n\n\n\n<h3 class=\"wp-block-heading\">Lugares cernanos para visitar<\/h3>\n\n\n\n<p>Cerca de Sant Ferran, hay lugares cerca muy bonitos que puedes visitar, como los embarcaderos de la Cala Baster, la Torre de defensa de Punta Prima o los antiguos molinos de viento&#8230;..<\/p>\n\n\n\n<figure class=\"wp-block-image\"><img loading=\"lazy\" decoding=\"async\" width=\"860\" height=\"631\" src=\"https:\/\/proximoferry.brikkelt.nl\/blog\/wp-content\/uploads\/2023\/07\/cala-baster-en-formentera.png\" alt=\"\" class=\"wp-image-7231\" srcset=\"https:\/\/proximoferry.brikkelt.nl\/blog\/wp-content\/uploads\/2023\/07\/cala-baster-en-formentera.png 860w, https:\/\/proximoferry.brikkelt.nl\/blog\/wp-content\/uploads\/2023\/07\/cala-baster-en-formentera-300x220.png 300w, https:\/\/proximoferry.brikkelt.nl\/blog\/wp-content\/uploads\/2023\/07\/cala-baster-en-formentera-768x563.png 768w, https:\/\/proximoferry.brikkelt.nl\/blog\/wp-content\/uploads\/2023\/07\/cala-baster-en-formentera-470x345.png 470w\" sizes=\"(max-width: 860px) 100vw, 860px\" \/><figcaption>Cala Baster cerca del pueblo de Sant Ferran<\/figcaption><\/figure>\n\n\n    <div class=\"ad ad-type-timetable ad-has-image\">\n      <div class=\"ad-wrapper\">\n        <a href=\"\/en\/ads\/url\/116\" rel=\"nofollow\" target=\"_blank\" style=\"background: url(\/en\/ads\/img\/116\/timetable?p=69e02786b5deb)\">\n                      <span class=\"title\">Consell Insular - Zona Blava<\/span>\n            <span class=\"description\"><\/span>\n            <span class=\"ad-footer\"><\/span>\n                  <\/a>\n      <\/div>\n    <\/div>\n    \n\n\n\n<h3 class=\"wp-block-heading\">Gastronom\u00eda y ocio en Sant Ferran<\/h3>\n\n\n\n<p>Sant Ferran, <strong>situado en el centro de Formentera<\/strong>, y a pr\u00e1cticamente <strong>10 min de cualquier otro rinc\u00f3n de la isla<\/strong>, podr\u00e1s probar en <strong>su panader\u00eda una de las mejores \u201ccxoca amb sofrit\u201d<\/strong> del mundo, tomar una copa a la fresca de las noches de verano en la m\u00edtica Fonda Pepe o asistir a numerosos y excitantes <strong>conciertos de m\u00fasica en vivo durante todo el a\u00f1o<\/strong> en la plaza del pueblo o en Sa Panxa.<\/p>\n\n\n\n<figure class=\"wp-block-image\"><img loading=\"lazy\" decoding=\"async\" width=\"860\" height=\"631\" src=\"https:\/\/proximoferry.brikkelt.nl\/blog\/wp-content\/uploads\/2023\/07\/coca-de-Formentera-y-Ibiza.png\" alt=\"\" class=\"wp-image-7228\" srcset=\"https:\/\/proximoferry.brikkelt.nl\/blog\/wp-content\/uploads\/2023\/07\/coca-de-Formentera-y-Ibiza.png 860w, https:\/\/proximoferry.brikkelt.nl\/blog\/wp-content\/uploads\/2023\/07\/coca-de-Formentera-y-Ibiza-300x220.png 300w, https:\/\/proximoferry.brikkelt.nl\/blog\/wp-content\/uploads\/2023\/07\/coca-de-Formentera-y-Ibiza-768x563.png 768w, https:\/\/proximoferry.brikkelt.nl\/blog\/wp-content\/uploads\/2023\/07\/coca-de-Formentera-y-Ibiza-470x345.png 470w\" sizes=\"(max-width: 860px) 100vw, 860px\" \/><\/figure>\n\n\n\n<h3 class=\"wp-block-heading\">Mercado art\u00edstico y m\u00fasica en vivo<\/h3>\n\n\n\n<p>Las noches de verano est\u00e1n hechas para disfrutarlas al aire libre, por eso ya hace unos cuantos a\u00f1os que en Sant Ferran podremos pasear por su calle Mayor mientras contemplamos las obras de arte originales que sus propios autores tienen la venta y en <strong>exposici\u00f3n en el Mercado Art\u00edstico <\/strong>que se hace cada d\u00eda (de mayo a octubre), excepto mi\u00e9rcoles y domingo.<\/p>\n\n\n    <div class=\"ad ad-type-timetable ad-has-image\">\n      <div class=\"ad-wrapper\">\n        <a href=\"\/en\/ads\/url\/114\" rel=\"nofollow\" target=\"_blank\" style=\"background: url(\/en\/ads\/img\/114\/timetable?p=69e02786b5deb)\">\n                      <span class=\"title\">Isla Bonita - Tu mejor escenario<\/span>\n            <span class=\"description\"><\/span>\n            <span class=\"ad-footer\"><\/span>\n                  <\/a>\n      <\/div>\n    <\/div>\n    \n\n\n\n<p><strong>Los viernes es el turno de la m\u00fasica en vivo<\/strong>, dentro del ciclo de m\u00fasica en las plazas organizado por el Consell de Formentera. En este <a href=\"http:\/\/www.agendaformentera.cat\/?lang=ca\">Link<\/a> puedes consultar el programa de actuaciones previsto.<\/p>\n\n\n\n<h3 class=\"wp-block-heading\">Actividades todo el a\u00f1o<\/h3>\n\n\n\n<p>En definitiva, <strong>cada d\u00eda es agradable perderse por Sant Ferran<\/strong>. Y no s\u00f3lo en verano ya que <strong>todos los meses del a\u00f1o<\/strong> tienes a tu disposici\u00f3n una completa e interesante oferta de m\u00fasica en vivo que tambi\u00e9n puedes consultar en este <a href=\"http:\/\/www.sapanxa.com\/\">link<\/a>.<\/p>\n\n\n\n<h3 class=\"wp-block-heading\">Compra tus tickets de ferry<\/h3>\n\n\n\n<p>Si vienes a Formentera puedes comprar los tickets del ferry online en&nbsp;<a href=\"https:\/\/booking.proximoferry.com\/\">booking.proximoferry.com<\/a>&nbsp;y te ahorras unos euros y las colas de gente que te saltar\u00e1s gracias a llevar las tarjetas de embarque en tu m\u00f3vil.<\/p>\n","protected":false},"excerpt":{"rendered":"<p>Explora Sant Ferran en Formentera En pocos a\u00f1os Sant Ferran habr\u00e1 cambiado su fisonom\u00eda, con el centro hist\u00f3rico, alrededor de la plaza,<span class=\"ellipsis\">&#8230;<\/span><\/p>\n","protected":false},"author":3,"featured_media":5114,"parent":4768,"menu_order":2,"comment_status":"closed","ping_status":"closed","template":"","meta":{"footnotes":""},"class_list":["post-5113","page","type-page","status-publish","has-post-thumbnail","hentry","es-ES"],"_links":{"self":[{"href":"https:\/\/proximoferry.brikkelt.nl\/blog\/wp-json\/wp\/v2\/pages\/5113"}],"collection":[{"href":"https:\/\/proximoferry.brikkelt.nl\/blog\/wp-json\/wp\/v2\/pages"}],"about":[{"href":"https:\/\/proximoferry.brikkelt.nl\/blog\/wp-json\/wp\/v2\/types\/page"}],"author":[{"embeddable":true,"href":"https:\/\/proximoferry.brikkelt.nl\/blog\/wp-json\/wp\/v2\/users\/3"}],"replies":[{"embeddable":true,"href":"https:\/\/proximoferry.brikkelt.nl\/blog\/wp-json\/wp\/v2\/comments?post=5113"}],"version-history":[{"count":8,"href":"https:\/\/proximoferry.brikkelt.nl\/blog\/wp-json\/wp\/v2\/pages\/5113\/revisions"}],"predecessor-version":[{"id":8808,"href":"https:\/\/proximoferry.brikkelt.nl\/blog\/wp-json\/wp\/v2\/pages\/5113\/revisions\/8808"}],"up":[{"embeddable":true,"href":"https:\/\/proximoferry.brikkelt.nl\/blog\/wp-json\/wp\/v2\/pages\/4768"}],"wp:featuredmedia":[{"embeddable":true,"href":"https:\/\/proximoferry.brikkelt.nl\/blog\/wp-json\/wp\/v2\/media\/5114"}],"wp:attachment":[{"href":"https:\/\/proximoferry.brikkelt.nl\/blog\/wp-json\/wp\/v2\/media?parent=5113"}],"curies":[{"name":"wp","href":"https:\/\/api.w.org\/{rel}","templated":true}]}}