{"id":5094,"date":"2019-07-17T15:18:26","date_gmt":"2019-07-17T15:18:26","guid":{"rendered":"https:\/\/proximoferry.brikkelt.nl\/blog\/?page_id=5094"},"modified":"2024-06-10T06:34:43","modified_gmt":"2024-06-10T06:34:43","slug":"la-fiesta-grande-de-formentera","status":"publish","type":"page","link":"https:\/\/proximoferry.brikkelt.nl\/blog\/onarrival\/la-fiesta-grande-de-formentera\/","title":{"rendered":"LA FIESTA GRANDE DE FORMENTERA"},"content":{"rendered":"\n<p><em>Sant Jaume<\/em> es el d\u00eda grande\nde Formentera. Nuestro D\u00eda. Se celebra siempre en torno al 25 de julio con\nactos de todo tipo y para todos los p\u00fablicos.<\/p>\n\n\n\n<p>Los actos centrales tienen lugar los d\u00edas 24 y 25 pero desde unas semanas antes ya se puede disfrutar de algunos de los actos que est\u00e1n programados. <\/p>\n\n\n\n<p>Puedes consultar todos los eventos de Formentera en este <a href=\"https:\/\/www.agendaformentera.cat\/listado-eventos.php\">link.<\/a><\/p>\n\n\n\n<figure class=\"wp-block-image\"><img loading=\"lazy\" decoding=\"async\" width=\"731\" height=\"1024\" src=\"https:\/\/proximoferry.brikkelt.nl\/blog\/wp-content\/uploads\/2023\/07\/festes-sant-jaume-formentera-731x1024.jpg\" alt=\"\" class=\"wp-image-7275\" srcset=\"https:\/\/proximoferry.brikkelt.nl\/blog\/wp-content\/uploads\/2023\/07\/festes-sant-jaume-formentera-731x1024.jpg 731w, https:\/\/proximoferry.brikkelt.nl\/blog\/wp-content\/uploads\/2023\/07\/festes-sant-jaume-formentera-214x300.jpg 214w, https:\/\/proximoferry.brikkelt.nl\/blog\/wp-content\/uploads\/2023\/07\/festes-sant-jaume-formentera-768x1077.jpg 768w, https:\/\/proximoferry.brikkelt.nl\/blog\/wp-content\/uploads\/2023\/07\/festes-sant-jaume-formentera-470x659.jpg 470w, https:\/\/proximoferry.brikkelt.nl\/blog\/wp-content\/uploads\/2023\/07\/festes-sant-jaume-formentera.jpg 1461w\" sizes=\"(max-width: 731px) 100vw, 731px\" \/><\/figure>\n\n\n\n<p>De todas maneras, sin lugar a dudas, las noches de conciertos de los d\u00edas 24 y 25 son los momentos \u00e1lgidos de las fiestas de cada a\u00f1o.<\/p>\n\n\n    <div class=\"ad ad-type-timetable ad-has-image\">\n      <div class=\"ad-wrapper\">\n        <a href=\"\/en\/ads\/url\/116\" rel=\"nofollow\" target=\"_blank\" style=\"background: url(\/en\/ads\/img\/116\/timetable?p=69e024418d12e)\">\n                      <span class=\"title\">Consell Insular - Zona Blava<\/span>\n            <span class=\"description\"><\/span>\n            <span class=\"ad-footer\"><\/span>\n                  <\/a>\n      <\/div>\n    <\/div>\n    \n\n\n\n<p>Por un lado, <strong>los conciertos: el mi\u00e9rcoles 24, a partir de las 22.30 <\/strong>sonar\u00e1n en el escenario de la plaza de la constituci\u00f3 los grupos \u00abMacaco\u00bb con su nuevo \u00e1lbum \u00abVu\u00e9lame el coraz\u00f3n\u00bb y \u00abPongo\u00bb. Y se cerrar\u00e1 la velada con \u00abSidonie DJ Set\u00bb. Al d\u00eda siguiente, el d\u00eda 25 de julio, el d\u00eda grande de Formentera, actuar\u00e1n \u00abMireia\u00bb y \u00abRessonadors\u00bb.<\/p>\n\n\n\n<p>Sin duda, el momento fuerte de las fiestas es <strong>la<\/strong> <strong>Noche de Sant Jaume, el martes 25 de julio, <\/strong>a las 22h30 hora con el concierto de Mireia, con su nuevo disco \u00abMarge de millora\u00bb. Y Ressonadors, con sus canciones m\u00e1s famosas para celebrar su 15 aniversario del nacimiento de su formaci\u00f3n.<\/p>\n\n\n    <div class=\"ad ad-type-timetable ad-has-image\">\n      <div class=\"ad-wrapper\">\n        <a href=\"\/en\/ads\/url\/116\" rel=\"nofollow\" target=\"_blank\" style=\"background: url(\/en\/ads\/img\/116\/timetable?p=69e024418d12e)\">\n                      <span class=\"title\">Consell Insular - Zona Blava<\/span>\n            <span class=\"description\"><\/span>\n            <span class=\"ad-footer\"><\/span>\n                  <\/a>\n      <\/div>\n    <\/div>\n    \n\n\n\n<p>Desde <strong>el punto de vista cultural<\/strong> el lunes 24 de julio a las 19h00 se inaugura la exposici\u00f3n de pintura \u00abLieu de m\u00e9moire\u00bb de Helena Belzer. Se podr\u00e1 visitar en la Sala de Exposiciones \u00abAjuntament Vell\u00bb desde el 25 de julio hasta el 05 de agosto, de 11.00 a 14.00 horas y de 19.00 a 21.00 horas. El domingo y el lunes la sala permanecer\u00e1 cerrada.  <\/p>\n\n\n\n<p><strong>A nivel deportivo<\/strong> habr\u00e1 un torneo de Tenis y P\u00e1del Memorial John Tunks, que se celebrar\u00e1 en las pistas municipales del 21 al 23 de julio.<\/p>\n\n\n\n<p><strong>Felices fiestas de Sant Jaume!<\/strong><\/p>\n\n\n\n<p><strong>Molts anys i bons!<\/strong><\/p>\n\n\n\n<p>Si vienes a Formentera puedes comprar los tickets del ferry online en <a href=\"https:\/\/booking.proximoferry.com\/\">booking.proximoferry.com<\/a> y te ahorras unos euros y las colas de gente que te saltar\u00e1s gracias a llevar las tarjetas de embarque en tu m\u00f3vil.<\/p>\n","protected":false},"excerpt":{"rendered":"<p>Sant Jaume es el d\u00eda grande de Formentera. Nuestro D\u00eda. Se celebra siempre en torno al 25 de julio con actos de<span class=\"ellipsis\">&#8230;<\/span><\/p>\n","protected":false},"author":3,"featured_media":7297,"parent":4768,"menu_order":6,"comment_status":"closed","ping_status":"closed","template":"","meta":{"footnotes":""},"class_list":["post-5094","page","type-page","status-publish","has-post-thumbnail","hentry","es-ES"],"_links":{"self":[{"href":"https:\/\/proximoferry.brikkelt.nl\/blog\/wp-json\/wp\/v2\/pages\/5094"}],"collection":[{"href":"https:\/\/proximoferry.brikkelt.nl\/blog\/wp-json\/wp\/v2\/pages"}],"about":[{"href":"https:\/\/proximoferry.brikkelt.nl\/blog\/wp-json\/wp\/v2\/types\/page"}],"author":[{"embeddable":true,"href":"https:\/\/proximoferry.brikkelt.nl\/blog\/wp-json\/wp\/v2\/users\/3"}],"replies":[{"embeddable":true,"href":"https:\/\/proximoferry.brikkelt.nl\/blog\/wp-json\/wp\/v2\/comments?post=5094"}],"version-history":[{"count":21,"href":"https:\/\/proximoferry.brikkelt.nl\/blog\/wp-json\/wp\/v2\/pages\/5094\/revisions"}],"predecessor-version":[{"id":7300,"href":"https:\/\/proximoferry.brikkelt.nl\/blog\/wp-json\/wp\/v2\/pages\/5094\/revisions\/7300"}],"up":[{"embeddable":true,"href":"https:\/\/proximoferry.brikkelt.nl\/blog\/wp-json\/wp\/v2\/pages\/4768"}],"wp:featuredmedia":[{"embeddable":true,"href":"https:\/\/proximoferry.brikkelt.nl\/blog\/wp-json\/wp\/v2\/media\/7297"}],"wp:attachment":[{"href":"https:\/\/proximoferry.brikkelt.nl\/blog\/wp-json\/wp\/v2\/media?parent=5094"}],"curies":[{"name":"wp","href":"https:\/\/api.w.org\/{rel}","templated":true}]}}