{"id":5057,"date":"2019-06-26T07:00:50","date_gmt":"2019-06-26T07:00:50","guid":{"rendered":"https:\/\/proximoferry.brikkelt.nl\/blog\/?page_id=5057"},"modified":"2024-06-10T06:33:06","modified_gmt":"2024-06-10T06:33:06","slug":"escapada-de-un-dia-a-formentera","status":"publish","type":"page","link":"https:\/\/proximoferry.brikkelt.nl\/blog\/onarrival\/escapada-de-un-dia-a-formentera\/","title":{"rendered":"ESCAPADA DE UN D\u00cdA A FORMENTERA"},"content":{"rendered":"\n<p>Somos una pareja de 28 y\n26 a\u00f1os que, hace un a\u00f1o, est\u00e1bamos pasando unos d\u00edas de relax y buen rollo en\nIbiza. Eran nuestras esperadas vacaciones.<\/p>\n\n\n\n<p>Ya en el aeropuerto, antes de coger el avi\u00f3n que nos llevar\u00eda a Ibiza, estuvimos leyendo varias webs sobre qu\u00e9 hacer en Ibiza y tropezamos con un par de posts sobre Formentera, la peque\u00f1a isla al sur de Ibiza. Las fotos de sus playas, con esa agua cristalina y su arena blanca, nos enamoraron y nos dijimos que era obligado escaparnos un d\u00eda a Formentera. Lo improvisamos. Fue una decisi\u00f3n \u201cLast Minute\u201d. \u201cLast minute to Formentera\u201d.<\/p>\n\n\n    <div class=\"ad ad-type-timetable ad-has-image\">\n      <div class=\"ad-wrapper\">\n        <a href=\"\/en\/ads\/url\/46\" rel=\"nofollow\" target=\"_blank\" style=\"background: url(\/en\/ads\/img\/46\/timetable?p=69e027ce9fe4f)\">\n                      <span class=\"title\">Bale\u00e0ria<\/span>\n            <span class=\"description\">Viaja con la naviera l\u00edder en Baleares<\/span>\n            <span class=\"ad-footer\">www.balearia.com<\/span>\n                  <\/a>\n      <\/div>\n    <\/div>\n    \n\n\n\n<p>Y as\u00ed fue. Despu\u00e9s de 5\nd\u00edas en Ibiza, improvisamos nuestra escapada de un d\u00eda Formentera. Sin\nplanificar nada. Sin saber qu\u00e9 nos encontrar\u00edamos.<\/p>\n\n\n\n<p>Llegamos al puerto de La Savina en uno de los primeros ferrys de la ma\u00f1ana (en esta web est\u00e1n todos los horarios: <a href=\"https:\/\/www.proximoferry.com\/\">proximoferry.com<\/a>). Bien pronto, claro, para aprovechar el d\u00eda al m\u00e1ximo. Por suerte, adem\u00e1s, el tiempo nos acompa\u00f1\u00f3. Un sol fant\u00e1stico, aunque un poco de calor, eso s\u00ed.<\/p>\n\n\n\n<p>En el mismo puerto alquilamos una moto para recorrer los escasos 17 kil\u00f3metros que tiene la isla de punta a punta y perdernos por sus infinitos caminos. &nbsp;Visitamos la playa de Ses Illetes. Mucha gente para nuestro gusto, pero es lo que tiene ser una de las mejores playas de Europa. Por suerte el acceso en veh\u00edculo a motor est\u00e1 limitado y cuando los aparcamientos est\u00e1n llenos ya no dejan entrar a nadie m\u00e1s, a no ser que vaya andando o en bici.<\/p>\n\n\n    <div class=\"ad ad-type-timetable ad-has-image\">\n      <div class=\"ad-wrapper\">\n        <a href=\"\/en\/ads\/url\/64\" rel=\"nofollow\" target=\"_blank\" style=\"background: url(\/en\/ads\/img\/64\/timetable?p=69e027ce9fe4f)\">\n                      <span class=\"title\">Bale\u00e0ria<\/span>\n            <span class=\"description\">Viaja con la naviera l\u00edder en Baleares<\/span>\n            <span class=\"ad-footer\">www.balearia.com<\/span>\n                  <\/a>\n      <\/div>\n    <\/div>\n    \n\n\n\n<p>A las 12 ya ten\u00edamos\nbastante sol en la piel y nos movimos hacia el sur de Formentera para buscar un\nsitio donde comer. Comimos en un restaurante de la Playa de Migjorn.\nEspectacular la paella. De las mejores que hemos probado nunca. Despu\u00e9s de\ncomer, un poco de relax para pasar el calor y subir a La Mola. Por suerte era\nd\u00eda de mercado Hippy y nos gastamos unos euros en artesan\u00eda local. A media\ntarde, nos dio tiempo para visitar otra playa espectacular, Cala Saona, desde\ndonde pudimos ver una espectacular puesta de sol. Cuando el sol ya se hab\u00eda\npuesto, nos montamos en la moto para dirigirnos al puerto y embarcar en unos de\nlos \u00faltimos ferrys del d\u00eda, de vuelta a Ibiza.&nbsp;\n<\/p>\n\n\n\n<p>Este a\u00f1o hemos venido\ndirectamente a Formentera, en donde estaremos una semana conociendo en\nprofundidad los rincones que el a\u00f1o pasado nos enamoraron. Muchos de los que\nhan acabado amando a Formentera, como nosotros, empezaron por un simple paso\ncomo el nuestro: visitar la isla por un d\u00eda. <\/p>\n\n\n\n<p>Suerte que los tickets del ferry los compramos online en <a href=\"https:\/\/booking.proximoferry.com\/\">booking.proximoferry.com<\/a> y nos ahorramos unos euros y las colas de gente que nos saltamos gracias a llevar las tarjetas de embarque en nuestros m\u00f3viles.<\/p>\n\n\n\n<p>El a\u00f1o que viene, m\u00e1s.<\/p>\n\n\n\n<p>Andrea &amp; Pau<\/p>\n","protected":false},"excerpt":{"rendered":"<p>Somos una pareja de 28 y 26 a\u00f1os que, hace un a\u00f1o, est\u00e1bamos pasando unos d\u00edas de relax y buen rollo en<span class=\"ellipsis\">&#8230;<\/span><\/p>\n","protected":false},"author":3,"featured_media":5058,"parent":4768,"menu_order":5,"comment_status":"closed","ping_status":"closed","template":"","meta":{"footnotes":""},"class_list":["post-5057","page","type-page","status-publish","has-post-thumbnail","hentry","es-ES"],"_links":{"self":[{"href":"https:\/\/proximoferry.brikkelt.nl\/blog\/wp-json\/wp\/v2\/pages\/5057"}],"collection":[{"href":"https:\/\/proximoferry.brikkelt.nl\/blog\/wp-json\/wp\/v2\/pages"}],"about":[{"href":"https:\/\/proximoferry.brikkelt.nl\/blog\/wp-json\/wp\/v2\/types\/page"}],"author":[{"embeddable":true,"href":"https:\/\/proximoferry.brikkelt.nl\/blog\/wp-json\/wp\/v2\/users\/3"}],"replies":[{"embeddable":true,"href":"https:\/\/proximoferry.brikkelt.nl\/blog\/wp-json\/wp\/v2\/comments?post=5057"}],"version-history":[{"count":3,"href":"https:\/\/proximoferry.brikkelt.nl\/blog\/wp-json\/wp\/v2\/pages\/5057\/revisions"}],"predecessor-version":[{"id":8767,"href":"https:\/\/proximoferry.brikkelt.nl\/blog\/wp-json\/wp\/v2\/pages\/5057\/revisions\/8767"}],"up":[{"embeddable":true,"href":"https:\/\/proximoferry.brikkelt.nl\/blog\/wp-json\/wp\/v2\/pages\/4768"}],"wp:featuredmedia":[{"embeddable":true,"href":"https:\/\/proximoferry.brikkelt.nl\/blog\/wp-json\/wp\/v2\/media\/5058"}],"wp:attachment":[{"href":"https:\/\/proximoferry.brikkelt.nl\/blog\/wp-json\/wp\/v2\/media?parent=5057"}],"curies":[{"name":"wp","href":"https:\/\/api.w.org\/{rel}","templated":true}]}}