{"id":5029,"date":"2019-06-12T16:00:22","date_gmt":"2019-06-12T16:00:22","guid":{"rendered":"https:\/\/proximoferry.brikkelt.nl\/blog\/?page_id=5029"},"modified":"2024-04-30T14:36:22","modified_gmt":"2024-04-30T14:36:22","slug":"donde-esta-la-estacion-maritima-los-ferrys-de-ibiza-a-formentera","status":"publish","type":"page","link":"https:\/\/proximoferry.brikkelt.nl\/blog\/tips\/donde-esta-la-estacion-maritima-los-ferrys-de-ibiza-a-formentera\/","title":{"rendered":"D\u00d3NDE EST\u00c0 LA ESTACI\u00d3N MAR\u00cdTIMA DE LOS FERRYS IBIZA A FORMENTERA"},"content":{"rendered":"\n<p><strong>La estaci\u00f3n mar\u00edtima de Ibiza <\/strong>se encuentra situada en la Avenida de Santa Eul\u00e0ria n\u00famero 100 de la ciudad de Ibiza. Aqu\u00ed tienes el enlace a GoogleMaps: <a href=\"https:\/\/goo.gl\/maps\/DqX2ZkosenSfZtXC8\">https:\/\/goo.gl\/maps\/DqX2ZkosenSfZtXC8<\/a> <\/p>\n\n\n\n<p>Desde esta estaci\u00f3n salen casi la totalidad de los ferries que van a Formentera con alguna de las <strong>cuatro compa\u00f1\u00edas<\/strong> que operan entre las dos islas: <strong>Trasmapi, Bale\u00e0ria, Formentera Lines y Aquabus.<\/strong> <\/p>\n\n\n\n<p>En esta estaci\u00f3n mar\u00edtima de Ibiza podr\u00e1s comprar los pasajes de <strong>ferry entre Ibiza y Formentera<\/strong> aunque si quieres <a href=\"https:\/\/proximoferry.brikkelt.nl\/blog\/tips\/no-hagas-cola-compra-online-el-ticket-del-ferry-ibiza-formentera\/\">ahorrarte la cola<\/a> que suele haber, sobre todo los meses de verano, y que los billetes te salgan un poco m\u00e1s econ\u00f3micos te recomendamos <strong>comprar tu ticket online<\/strong> <strong>en<\/strong> <a href=\"https:\/\/booking.proximoferry.com\/\">booking.proximoferry.com<\/a> <\/p>\n\n\n    <div class=\"ad ad-type-timetable ad-has-image\">\n      <div class=\"ad-wrapper\">\n        <a href=\"\/en\/ads\/url\/143\" rel=\"nofollow\" target=\"_blank\" style=\"background: url(\/en\/ads\/img\/143\/timetable?p=69e0288405ca0)\">\n                      <span class=\"title\">IBRed - Fibra \u00d2ptica<\/span>\n            <span class=\"description\"><\/span>\n            <span class=\"ad-footer\"><\/span>\n                  <\/a>\n      <\/div>\n    <\/div>\n    \n\n\n\n<p>Ahora bien, s\u00f3lo si viajas con el<strong> ferry Bale\u00e0ria Cap de Barbaria<\/strong> debes tener en cuenta que este ferry sale desde otro muelle, a 20 minutos andando desde la estaci\u00f3n mar\u00edtima. Aqu\u00ed tienes el enlace a GoogleMaps: <a href=\"https:\/\/goo.gl\/maps\/Lb3vv9UpzUiVjUBe8\">https:\/\/goo.gl\/maps\/Lb3vv9UpzUiVjUBe8<\/a><\/p>\n\n\n\n<h2 class=\"wp-block-heading\">\u00bfD\u00f3nde aparcar en Ibiza?<\/h2>\n\n\n\n<p>Si buscas <strong>aparcamiento<\/strong> cerca de la <strong>estaci\u00f3n mar\u00edtima de Ibiza <\/strong>&#8211; Formentera, tienes dos opciones:<\/p>\n\n\n\n<p>&#8211; <strong>El parking des Pratet<\/strong> que se encuentra a 5 minutos andando de la estaci\u00f3n mar\u00edtima. Aqu\u00ed el enlace a GoogleMaps: <a href=\"https:\/\/goo.gl\/maps\/dzpvyY6Ci3enc83A9\">https:\/\/goo.gl\/maps\/dzpvyY6Ci3enc83A9<\/a> <\/p>\n\n\n\n<p>&#8211; <strong>Y el parking des Gorg<\/strong> (situado justo al lado de Ikea), que es gratuito y se encuentra a 15 minutos andando.<\/p>\n\n\n\n<h2 class=\"wp-block-heading\">Que hacer si est\u00e1s esperando en el puerto de Ibiza el ferry<\/h2>\n\n\n\n<p>Si tienes un poco de tiempo, antes de coger el ferry de Ibiza a Formentera, te damos unos <strong>consejos para que des un paseo por los alrededores<\/strong> de la estaci\u00f3n Mar\u00edtima de Ibiza. Todos ellos est\u00e1n a menos de 10 minutos andando.<\/p>\n\n\n\n<figure class=\"wp-block-image\"><img loading=\"lazy\" decoding=\"async\" width=\"800\" height=\"400\" src=\"https:\/\/proximoferry.brikkelt.nl\/blog\/wp-content\/uploads\/2022\/08\/puertoibiza.png\" alt=\"\" class=\"wp-image-5644\" srcset=\"https:\/\/proximoferry.brikkelt.nl\/blog\/wp-content\/uploads\/2022\/08\/puertoibiza.png 800w, https:\/\/proximoferry.brikkelt.nl\/blog\/wp-content\/uploads\/2022\/08\/puertoibiza-300x150.png 300w, https:\/\/proximoferry.brikkelt.nl\/blog\/wp-content\/uploads\/2022\/08\/puertoibiza-768x384.png 768w, https:\/\/proximoferry.brikkelt.nl\/blog\/wp-content\/uploads\/2022\/08\/puertoibiza-470x235.png 470w\" sizes=\"(max-width: 800px) 100vw, 800px\" \/><\/figure>\n\n\n\n<h3 class=\"wp-block-heading\">Paseo de Vara de Rey (o s&#8217;Alamera)<\/h3>\n\n\n\n<p>Es una de las zonas m\u00e1s agradables para pasear muy cerca del puerto, S&#8217;Alamera o Passeig de Vara de Rey sigue inmutable con el paso del tiempo. Casi todas sus fachadas son las mismas de los \u00faltimos 60 \u00f3 70 a\u00f1os.<\/p>\n\n\n\n<p>S\u00f3lo han cambiado su color, como si el paseo se hubiera lavado la cara.<\/p>\n\n\n\n<h3 class=\"wp-block-heading\">La plaza del Parque<\/h3>\n\n\n\n<p>En paralelo a Vara de Rey, separados por una manzana de casas en direcci\u00f3n sur, est\u00e1 la <strong>Plaza del Parque.<\/strong> Uno de los rincones de la ciudad que m\u00e1s ambiente congrega a lo largo de todo el a\u00f1o, al pie de la muralla renacentista que enlaza los baluartes de Sant Joan y Sant Pere. Est\u00e1 lleno de concurridas terrazas de bares y restaurantes, y tambi\u00e9n hay algunos comercios. El emblem\u00e1tico Teatre Pereyra le da la espalda a esta plaza.<\/p>\n\n\n\n<h3 class=\"wp-block-heading\">Comercios cerca del puerto de Ibiza<\/h3>\n\n\n\n<p>Para unas compras originales, en la zona de la Marina, muy cerca de donde est\u00e1bamos, encontrar\u00e1s toda clase de comercios.<\/p>\n\n\n\n<p>Nos encanta <strong>Majoral<\/strong>, una <strong>joyer\u00eda<\/strong>, que es un excelente paso previo a tu salto a Formentera, porque Majoral crea un universo que rememora a la <strong>Pitiusa del sur<\/strong>, al mar Mediterr\u00e1neo, a la cultura popular y a la naturaleza, y que se materializa en unas joyas innovadoras, sin l\u00edmites en la utilizaci\u00f3n de materiales y t\u00e9cnicas.<\/p>\n\n\n\n<p>Majoral tiene taller y tiendas en Formentera y en Barcelona, adem\u00e1s de esta tienda en Ibiza.<\/p>\n\n\n\n<p><\/p>\n\n\n\n<figure class=\"wp-block-image\"><img loading=\"lazy\" decoding=\"async\" width=\"800\" height=\"400\" src=\"https:\/\/proximoferry.brikkelt.nl\/blog\/wp-content\/uploads\/2022\/08\/compras_puertoibiza.jpg\" alt=\"\" class=\"wp-image-5641\" srcset=\"https:\/\/proximoferry.brikkelt.nl\/blog\/wp-content\/uploads\/2022\/08\/compras_puertoibiza.jpg 800w, https:\/\/proximoferry.brikkelt.nl\/blog\/wp-content\/uploads\/2022\/08\/compras_puertoibiza-300x150.jpg 300w, https:\/\/proximoferry.brikkelt.nl\/blog\/wp-content\/uploads\/2022\/08\/compras_puertoibiza-768x384.jpg 768w, https:\/\/proximoferry.brikkelt.nl\/blog\/wp-content\/uploads\/2022\/08\/compras_puertoibiza-470x235.jpg 470w\" sizes=\"(max-width: 800px) 100vw, 800px\" \/><figcaption><strong>Colecci\u00f3n Party<\/strong> de Mayoral, cintas y destellos que te traen noches de oro <\/figcaption><\/figure>\n\n\n\n<p>En <strong>Pr\u00f3ximo Ferry<\/strong>, somos unos apasionados de los viajes, queremos ayudar a las personas a viajar en Ferry, para conocer los mejores lugares de los que disfrutar.<\/p>\n\n\n\n<p> <strong>\u00bfNos acompa\u00f1as en este viaje? <\/strong><a href=\"https:\/\/www.instagram.com\/proximoferry\/?fbclid=IwAR09x-nYHPoOCV48orPioocI0VYkK2qPDBxnfy1bCIm9D_gfoYV7oUzfKOE\">S\u00edguenos en redes sociales<\/a> para estar informado de las novedades, y descubrir lugares inolvidables &#x1f499;<\/p>\n\n\n    <div class=\"ad ad-type-timetable ad-has-image\">\n      <div class=\"ad-wrapper\">\n        <a href=\"\/en\/ads\/url\/122\" rel=\"nofollow\" target=\"_blank\" style=\"background: url(\/en\/ads\/img\/122\/timetable?p=69e0288405ca0)\">\n                      <span class=\"title\">Rigatoni<\/span>\n            <span class=\"description\"><\/span>\n            <span class=\"ad-footer\"><\/span>\n                  <\/a>\n      <\/div>\n    <\/div>\n    \n","protected":false},"excerpt":{"rendered":"<p>La estaci\u00f3n mar\u00edtima de Ibiza se encuentra situada en la Avenida de Santa Eul\u00e0ria n\u00famero 100 de la ciudad de Ibiza. Aqu\u00ed<span class=\"ellipsis\">&#8230;<\/span><\/p>\n","protected":false},"author":3,"featured_media":5032,"parent":4770,"menu_order":0,"comment_status":"closed","ping_status":"closed","template":"","meta":{"footnotes":""},"class_list":["post-5029","page","type-page","status-publish","has-post-thumbnail","hentry","es-ES"],"_links":{"self":[{"href":"https:\/\/proximoferry.brikkelt.nl\/blog\/wp-json\/wp\/v2\/pages\/5029"}],"collection":[{"href":"https:\/\/proximoferry.brikkelt.nl\/blog\/wp-json\/wp\/v2\/pages"}],"about":[{"href":"https:\/\/proximoferry.brikkelt.nl\/blog\/wp-json\/wp\/v2\/types\/page"}],"author":[{"embeddable":true,"href":"https:\/\/proximoferry.brikkelt.nl\/blog\/wp-json\/wp\/v2\/users\/3"}],"replies":[{"embeddable":true,"href":"https:\/\/proximoferry.brikkelt.nl\/blog\/wp-json\/wp\/v2\/comments?post=5029"}],"version-history":[{"count":11,"href":"https:\/\/proximoferry.brikkelt.nl\/blog\/wp-json\/wp\/v2\/pages\/5029\/revisions"}],"predecessor-version":[{"id":8383,"href":"https:\/\/proximoferry.brikkelt.nl\/blog\/wp-json\/wp\/v2\/pages\/5029\/revisions\/8383"}],"up":[{"embeddable":true,"href":"https:\/\/proximoferry.brikkelt.nl\/blog\/wp-json\/wp\/v2\/pages\/4770"}],"wp:featuredmedia":[{"embeddable":true,"href":"https:\/\/proximoferry.brikkelt.nl\/blog\/wp-json\/wp\/v2\/media\/5032"}],"wp:attachment":[{"href":"https:\/\/proximoferry.brikkelt.nl\/blog\/wp-json\/wp\/v2\/media?parent=5029"}],"curies":[{"name":"wp","href":"https:\/\/api.w.org\/{rel}","templated":true}]}}