{"id":5019,"date":"2019-06-11T14:15:23","date_gmt":"2019-06-11T14:15:23","guid":{"rendered":"https:\/\/proximoferry.brikkelt.nl\/blog\/?page_id=5019"},"modified":"2023-07-03T08:12:55","modified_gmt":"2023-07-03T08:12:55","slug":"no-hagas-cola-compra-online-el-ticket-del-ferry-ibiza-formentera","status":"publish","type":"page","link":"https:\/\/proximoferry.brikkelt.nl\/blog\/tips\/no-hagas-cola-compra-online-el-ticket-del-ferry-ibiza-formentera\/","title":{"rendered":"NO HAGAS COLA: COMPRA ONLINE EL TICKET DEL FERRY IBIZA &#8211; FORMENTERA"},"content":{"rendered":"\n<p>Si tienes decidido ir a pasar unos d\u00edas a Formentera, la \u00faltima etapa antes de llegar a la isla es un agradable viaje en Ferry que cruza el Parque Natural de Ses Salines de Ibiza y Formentera. Para viajar podr\u00e1s elegir una de las cuatro compa\u00f1\u00edas: Trasmapi, Bale\u00e0ria, Formentera Lines o Aquabus.<\/p>\n\n\n\n<p>Puedes comprar el ticket del ferry Ibiza &#8211; Formentera en las taquillas de la estaci\u00f3n mar\u00edtima, pero si prefieres ahorrarte la cola de gente que suele haber, sobre todo, en los meses de verano, es mejor que hagas la compra online a trav\u00e9s de nuestra web, en <a href=\"https:\/\/booking.proximoferry.com\/\">booking.proximoferry.com<\/a>. Es f\u00e1cil, r\u00e1pido y barato.<\/p>\n\n\n    <div class=\"ad ad-type-timetable ad-has-image\">\n      <div class=\"ad-wrapper\">\n        <a href=\"\/en\/ads\/url\/115\" rel=\"nofollow\" target=\"_blank\" style=\"background: url(\/en\/ads\/img\/115\/timetable?p=69e0282763af3)\">\n                      <span class=\"title\">Consell Insular - Zona Blava<\/span>\n            <span class=\"description\"><\/span>\n            <span class=\"ad-footer\"><\/span>\n                  <\/a>\n      <\/div>\n    <\/div>\n    \n\n\n\n<p>Si adem\u00e1s, te preocupa el estado del mar, la duraci\u00f3n del trayecto o si tendr\u00e1s comodidades adicionales a bordo (como WiFi o Zona Infantil) en <a href=\"https:\/\/proximoferry.brikkelt.nl\/\">proximoferry.com<\/a> lo podr\u00e1s consultar de manera muy sencilla<\/p>\n\n\n\n<p>La mejor manera de viajar en ferry entre Ibiza y Formentera es siempre consultando antes<a href=\"http:\/\/www.proximoferry.com\"> nuestra web<\/a>. o  <a href=\"https:\/\/apps.apple.com\/es\/app\/pr%C3%B3ximo-ferry\/id1059157034\">desc\u00e1rgate<\/a> la nueva app de pr\u00f3ximo Ferry, donde tambi\u00e9n podr\u00e1s estar al tanto del tiempo en el mar, consultar horarios del ferry Ibiza Formentera, servicios y comprar tu ticket a Formentera.<\/p>\n\n\n    <div class=\"ad ad-type-timetable ad-has-image\">\n      <div class=\"ad-wrapper\">\n        <a href=\"\/en\/ads\/url\/116\" rel=\"nofollow\" target=\"_blank\" style=\"background: url(\/en\/ads\/img\/116\/timetable?p=69e0282763af3)\">\n                      <span class=\"title\">Consell Insular - Zona Blava<\/span>\n            <span class=\"description\"><\/span>\n            <span class=\"ad-footer\"><\/span>\n                  <\/a>\n      <\/div>\n    <\/div>\n    \n\n\n\n<p>Atenci\u00f3n, pero: si quieres viajar a Formentera con tu propio veh\u00edculo es conveniente que antes conozcas m\u00e1s detalles sobre la regulaci\u00f3n de entrada de veh\u00edculos a Formentera durante los meses de julio y agosto y de qu\u00e9 manera puedes reservar tu acceso en <a href=\"https:\/\/formentera.eco\/\">formentera. eco<\/a>. <\/p>\n","protected":false},"excerpt":{"rendered":"<p>Si tienes decidido ir a pasar unos d\u00edas a Formentera, la \u00faltima etapa antes de llegar a la isla es un agradable<span class=\"ellipsis\">&#8230;<\/span><\/p>\n","protected":false},"author":3,"featured_media":5020,"parent":4770,"menu_order":0,"comment_status":"closed","ping_status":"closed","template":"","meta":{"footnotes":""},"class_list":["post-5019","page","type-page","status-publish","has-post-thumbnail","hentry","es-ES"],"_links":{"self":[{"href":"https:\/\/proximoferry.brikkelt.nl\/blog\/wp-json\/wp\/v2\/pages\/5019"}],"collection":[{"href":"https:\/\/proximoferry.brikkelt.nl\/blog\/wp-json\/wp\/v2\/pages"}],"about":[{"href":"https:\/\/proximoferry.brikkelt.nl\/blog\/wp-json\/wp\/v2\/types\/page"}],"author":[{"embeddable":true,"href":"https:\/\/proximoferry.brikkelt.nl\/blog\/wp-json\/wp\/v2\/users\/3"}],"replies":[{"embeddable":true,"href":"https:\/\/proximoferry.brikkelt.nl\/blog\/wp-json\/wp\/v2\/comments?post=5019"}],"version-history":[{"count":5,"href":"https:\/\/proximoferry.brikkelt.nl\/blog\/wp-json\/wp\/v2\/pages\/5019\/revisions"}],"predecessor-version":[{"id":7130,"href":"https:\/\/proximoferry.brikkelt.nl\/blog\/wp-json\/wp\/v2\/pages\/5019\/revisions\/7130"}],"up":[{"embeddable":true,"href":"https:\/\/proximoferry.brikkelt.nl\/blog\/wp-json\/wp\/v2\/pages\/4770"}],"wp:featuredmedia":[{"embeddable":true,"href":"https:\/\/proximoferry.brikkelt.nl\/blog\/wp-json\/wp\/v2\/media\/5020"}],"wp:attachment":[{"href":"https:\/\/proximoferry.brikkelt.nl\/blog\/wp-json\/wp\/v2\/media?parent=5019"}],"curies":[{"name":"wp","href":"https:\/\/api.w.org\/{rel}","templated":true}]}}