{"id":4983,"date":"2019-04-26T18:00:07","date_gmt":"2019-04-26T18:00:07","guid":{"rendered":"https:\/\/proximoferry.brikkelt.nl\/blog\/?page_id=4983"},"modified":"2024-05-10T08:19:19","modified_gmt":"2024-05-10T08:19:19","slug":"la-regulacion-de-entrada-de-vehiculos-en-formentera","status":"publish","type":"page","link":"https:\/\/proximoferry.brikkelt.nl\/blog\/tips\/la-regulacion-de-entrada-de-vehiculos-en-formentera\/","title":{"rendered":"LA REGULACI\u00d3N DE ENTRADA DE VEH\u00cdCULOS EN FORMENTERA"},"content":{"rendered":"\n<figure class=\"wp-block-image\"><a href=\"https:\/\/formentera.eco\/es\"><img loading=\"lazy\" decoding=\"async\" width=\"1024\" height=\"237\" src=\"https:\/\/proximoferry.brikkelt.nl\/blog\/wp-content\/uploads\/2024\/05\/web-1024x237.png\" alt=\"\" class=\"wp-image-8495\" srcset=\"https:\/\/proximoferry.brikkelt.nl\/blog\/wp-content\/uploads\/2024\/05\/web-1024x237.png 1024w, https:\/\/proximoferry.brikkelt.nl\/blog\/wp-content\/uploads\/2024\/05\/web-300x69.png 300w, https:\/\/proximoferry.brikkelt.nl\/blog\/wp-content\/uploads\/2024\/05\/web-768x178.png 768w, https:\/\/proximoferry.brikkelt.nl\/blog\/wp-content\/uploads\/2024\/05\/web-470x109.png 470w, https:\/\/proximoferry.brikkelt.nl\/blog\/wp-content\/uploads\/2024\/05\/web.png 1080w\" sizes=\"(max-width: 1024px) 100vw, 1024px\" \/><\/a><\/figure>\n\n\n\n<h3 class=\"wp-block-heading\">Introducci\u00f3n:<\/h3>\n\n\n\n<p>Con el fin de <strong>mantener el equilibrio entre conservaci\u00f3n del entorno<\/strong> y explotaci\u00f3n tur\u00edstica, hace a\u00f1os que los esfuerzos de la sociedad formenterense han ido orientados a garantizar la pervivencia de un modelo de isla tranquila, acogedora y cuidadosa con el medio ambiente, la cultura y la tradici\u00f3n.<\/p>\n\n\n\n<h3 class=\"wp-block-heading\">Desarrollo:<\/h3>\n\n\n\n<h4 class=\"wp-block-heading\">Implementaci\u00f3n de la Ley de sostenibilidad<\/h4>\n\n\n\n<p>La aplicaci\u00f3n de la <strong>Ley para la sostenibilidad medioambiental y econ\u00f3mica<\/strong> <strong>de la isla de Formentera<\/strong>, aprobada el 29 de enero de 2019, en el Parlament de les Illes Balears con el apoyo de todos los grupos de la c\u00e1mara, permitir\u00e1 establecer la <strong>regulaci\u00f3n de la entrada de veh\u00edculos <\/strong>a la isla, un importante paso para dar continuidad al modelo de isla por el que las formenterenses y los formenterenses han optado.<\/p>\n\n\n    <div class=\"ad ad-type-timetable ad-has-image\">\n      <div class=\"ad-wrapper\">\n        <a href=\"\/en\/ads\/url\/29\" rel=\"nofollow\" target=\"_blank\" style=\"background: url(\/en\/ads\/img\/29\/timetable?p=69e02a8f7c508)\">\n                      <span class=\"title\">Trasmapi Club<\/span>\n            <span class=\"description\"><\/span>\n            <span class=\"ad-footer\"><\/span>\n                  <\/a>\n      <\/div>\n    <\/div>\n    \n\n\n\n<h4 class=\"wp-block-heading\">Tasas y regulaciones<\/h4>\n\n\n\n<p>El per\u00edodo de aplicaci\u00f3n para este a\u00f1o 2024, ser\u00e1 desde <strong>el 01 de Junio hasta el 30 de septiembre. <\/strong>Los veh\u00edculos (de gasolina o diesel) que pagar\u00e1n tasa ser\u00e1n s\u00f3lo los de los visitantes de fuera de las islas, que deber\u00e1n abonar en junio y septiembre<strong> 6 euros por d\u00eda en el caso de los coches con un importe m\u00ednimo de 15 euros, y 3euros con un importe m\u00ednimo de 7,50 en el caso de las motocicletas<\/strong>. seg\u00fan el conseller de Movilidad.<\/p>\n\n\n\n<p>Y en los <strong>meses de Julio y agosto<\/strong> <strong>9\u20ac al d\u00eda<\/strong> para los turismos con un importe m\u00ednimo de 45\u20ac y <strong>4,50\u20ac d\u00eda para motos<\/strong> con un importe m\u00ednimo de 22,50\u20ac.<\/p>\n\n\n\n<h4 class=\"wp-block-heading\">Incentivos y excepciones<\/h4>\n\n\n\n<p><strong>Los coches h\u00edbridos estar\u00e1n bonificados al 50%<\/strong> <strong>y los el\u00e9ctricos bonificados al 100%, los residentes en les Illes Balears, los propietarios de una segunda vivienda en la isla, residentes en Ibiza que trabajan en Formentera, los veh\u00edculos de alquiler autorizados, y los veh\u00edculos hist\u00f3ricos de asociaciones a clubes de veh\u00edculos cl\u00e1sicos, no pagar\u00e1n la tasa.<\/strong><\/p>\n\n\n\n<figure class=\"wp-block-image\"><a href=\"https:\/\/formentera.eco\/es\"><img loading=\"lazy\" decoding=\"async\" width=\"1024\" height=\"237\" src=\"https:\/\/proximoferry.brikkelt.nl\/blog\/wp-content\/uploads\/2024\/05\/web-1024x237.png\" alt=\"\" class=\"wp-image-8495\" srcset=\"https:\/\/proximoferry.brikkelt.nl\/blog\/wp-content\/uploads\/2024\/05\/web-1024x237.png 1024w, https:\/\/proximoferry.brikkelt.nl\/blog\/wp-content\/uploads\/2024\/05\/web-300x69.png 300w, https:\/\/proximoferry.brikkelt.nl\/blog\/wp-content\/uploads\/2024\/05\/web-768x178.png 768w, https:\/\/proximoferry.brikkelt.nl\/blog\/wp-content\/uploads\/2024\/05\/web-470x109.png 470w, https:\/\/proximoferry.brikkelt.nl\/blog\/wp-content\/uploads\/2024\/05\/web.png 1080w\" sizes=\"(max-width: 1024px) 100vw, 1024px\" \/><\/a><\/figure>\n\n\n\n<h4 class=\"wp-block-heading\">Proceso de autorizaci\u00f3n y control<\/h4>\n\n\n\n<p>El canal de tramitaci\u00f3n ser\u00e1 una <a href=\"http:\/\/formentera.eco\">plataforma web<\/a> que est\u00e1 en marcha desde abril de 2019, adaptada a ordenadores, tablets y m\u00f3viles para que los visitantes hagan la b\u00fasqueda de los d\u00edas que quieren viajar a Formentera con su veh\u00edculo y comprueben si hay disponibilidad . Si es as\u00ed, tendr\u00e1n que pagar la tasa y ya tendr\u00e1n la autorizaci\u00f3n para poder viajar de Ibiza a Formentera en ferry con el coche. Lo mismo deber\u00e1n hacer los residentes de las islas pero sin efectuar el pago.<\/p>\n\n\n    <div class=\"ad ad-type-timetable ad-has-image\">\n      <div class=\"ad-wrapper\">\n        <a href=\"\/en\/ads\/url\/15\" rel=\"nofollow\" target=\"_blank\" style=\"background: url(\/en\/ads\/img\/15\/timetable?p=69e02a8f7c508)\">\n                      <span class=\"title\">Trasmapi Club<\/span>\n            <span class=\"description\"><\/span>\n            <span class=\"ad-footer\"><\/span>\n                  <\/a>\n      <\/div>\n    <\/div>\n    \n\n\n\n<p>Los veh\u00edculos de visitantes que podr\u00e1n\ncircular por la isla ser\u00e1n un m\u00e1ximo de 2.280 turismos y 230 motocicletas. La\ncuota por quads, caravanas y autocaravanas es 0. El m\u00e9todo de adjudicaci\u00f3n ser\u00e1\npor orden de petici\u00f3n hasta agotar la cuota.<\/p>\n\n\n\n<p>La cuota para los veh\u00edculos de visitantes residentes en Ibiza ser\u00e1 de 220 turismos y 20 motocicletas. La cuota por quads, caravanas y autocaravanas es 0. El m\u00e9todo de adjudicaci\u00f3n ser\u00e1 por orden de petici\u00f3n hasta agotar la cuota.<\/p>\n\n\n\n<h4 class=\"wp-block-heading\"><strong>C\u00f3mo se controlar\u00e1 a los veh\u00edculos<\/strong><\/h4>\n\n\n\n<p>Seg\u00fan fuentes del Consell de Formentera el control sobre los veh\u00edculos que circulan sobre la isla se har\u00e1 a tres niveles:<\/p>\n\n\n\n<ul class=\"wp-block-list\"><li>Mediante una c\u00e1mara ubicada en la Sabina que leer\u00e1 las matr\u00edculas de todos los veh\u00edculos que entren en la isla. (<a href=\"https:\/\/ib3.org\/installen-a-formentera-una-camera-de-lectura-de-matricules-per-garantir-la-limitacio-de-vehicles\">Link a la noticia que publicaba IB3 TV<\/a>)<\/li><li>A trav\u00e9s de los vigilantes de la zona azul.<\/li><li>y mediante los controles rutinarios de la polic\u00eda local.<\/li><\/ul>\n\n\n\n<p>Si estas pensando en <strong>viajar con tu coche a Formentera<\/strong>, en nuestro comparador de navieras te mostramos en tiempo real, los horarios de todos los ferrys que salen del puerto de Ibiza a la isla, y lo m\u00e1s importante te indicamos las salidas en las que el ferry admite coche, en el d\u00eda que tu selecciones. Toda la informaci\u00f3n <a href=\"https:\/\/www.proximoferry.com\/\">aqu\u00ed.<\/a><\/p>\n","protected":false},"excerpt":{"rendered":"<p>Introducci\u00f3n: Con el fin de mantener el equilibrio entre conservaci\u00f3n del entorno y explotaci\u00f3n tur\u00edstica, hace a\u00f1os que los esfuerzos de la<span class=\"ellipsis\">&#8230;<\/span><\/p>\n","protected":false},"author":3,"featured_media":4984,"parent":4770,"menu_order":0,"comment_status":"closed","ping_status":"closed","template":"","meta":{"footnotes":""},"class_list":["post-4983","page","type-page","status-publish","has-post-thumbnail","hentry","es-ES"],"_links":{"self":[{"href":"https:\/\/proximoferry.brikkelt.nl\/blog\/wp-json\/wp\/v2\/pages\/4983"}],"collection":[{"href":"https:\/\/proximoferry.brikkelt.nl\/blog\/wp-json\/wp\/v2\/pages"}],"about":[{"href":"https:\/\/proximoferry.brikkelt.nl\/blog\/wp-json\/wp\/v2\/types\/page"}],"author":[{"embeddable":true,"href":"https:\/\/proximoferry.brikkelt.nl\/blog\/wp-json\/wp\/v2\/users\/3"}],"replies":[{"embeddable":true,"href":"https:\/\/proximoferry.brikkelt.nl\/blog\/wp-json\/wp\/v2\/comments?post=4983"}],"version-history":[{"count":23,"href":"https:\/\/proximoferry.brikkelt.nl\/blog\/wp-json\/wp\/v2\/pages\/4983\/revisions"}],"predecessor-version":[{"id":8527,"href":"https:\/\/proximoferry.brikkelt.nl\/blog\/wp-json\/wp\/v2\/pages\/4983\/revisions\/8527"}],"up":[{"embeddable":true,"href":"https:\/\/proximoferry.brikkelt.nl\/blog\/wp-json\/wp\/v2\/pages\/4770"}],"wp:featuredmedia":[{"embeddable":true,"href":"https:\/\/proximoferry.brikkelt.nl\/blog\/wp-json\/wp\/v2\/media\/4984"}],"wp:attachment":[{"href":"https:\/\/proximoferry.brikkelt.nl\/blog\/wp-json\/wp\/v2\/media?parent=4983"}],"curies":[{"name":"wp","href":"https:\/\/api.w.org\/{rel}","templated":true}]}}