{"id":4929,"date":"2019-04-04T10:00:21","date_gmt":"2019-04-04T10:00:21","guid":{"rendered":"https:\/\/proximoferry.brikkelt.nl\/blog\/?page_id=4929"},"modified":"2024-06-14T07:55:51","modified_gmt":"2024-06-14T07:55:51","slug":"donde-puedes-comprar-el-libro-formentera-una-mirada-enrere","status":"publish","type":"page","link":"https:\/\/proximoferry.brikkelt.nl\/blog\/onarrival\/donde-puedes-comprar-el-libro-formentera-una-mirada-enrere\/","title":{"rendered":"DONDE PUEDES COMPRAR EL LIBRO \u00abFORMENTERA. UNA MIRADA ENRERE \u00ab"},"content":{"rendered":"\n<p><\/p>\n\n\n\n<p><strong>\u00abFormentera. Una mirada enrere\u00bb<\/strong>, es el primer libro del periodista Josep Rubio y el primero que editamos en <strong>Pr\u00f3ximo Ferry,<\/strong> y estamos muy orgullosos de ello porque se ha hecho sin prisa y con mucho amor y dedicaci\u00f3n. <\/p>\n\n\n    <div class=\"ad ad-type-timetable ad-has-image\">\n      <div class=\"ad-wrapper\">\n        <a href=\"\/en\/ads\/url\/25\" rel=\"nofollow\" target=\"_blank\" style=\"background: url(\/en\/ads\/img\/25\/timetable?p=69e025c304c5f)\">\n                      <span class=\"title\">Trasmapi Club<\/span>\n            <span class=\"description\"><\/span>\n            <span class=\"ad-footer\"><\/span>\n                  <\/a>\n      <\/div>\n    <\/div>\n    \n\n\n\n<p>El libro est\u00e1 disponible en <strong>catal\u00e1n, castellano, ingl\u00e9s, franc\u00e9s, alem\u00e1n e italiano.<\/strong><\/p>\n\n\n\n<h3 class=\"wp-block-heading\">Una obra cocinada a fuego lento<\/h3>\n\n\n\n<p>Sin ser plenamente\nconscientes, hace dos a\u00f1os que lo hemos estado cocinando a fuego lento, con las\npublicaciones semanales en nuestro blog, y dos meses antes de su publicaci\u00f3n le\nhemos dado un toque preciso de que ha terminado por darle la presencia, el\ngusto y la est\u00e9tica que se merec\u00eda este libro.<\/p>\n\n\n\n<h3 class=\"wp-block-heading\">Disfruta de la lectura<\/h3>\n\n\n\n<p>Esperamos que disfrutes de su lectura igual que nosotros lo hemos hecho edit\u00e1ndolo y public\u00e1ndolo.<\/p>\n\n\n\n<h3 class=\"wp-block-heading\">Obt\u00e9n m\u00e1s informaci\u00f3n<\/h3>\n\n\n\n<blockquote class=\"wp-block-quote is-style-default is-layout-flow wp-block-quote-is-layout-flow\"><p><strong>Si quieres obtener m\u00e1s informaci\u00f3n, sobre el autor y el contenido del libro, haz clic <\/strong><a href=\"https:\/\/proximoferry.brikkelt.nl\/blog\/2019\/04\/04\/formentera-una-mirada-enrere-historias-de-la-memoria-de-una-isla\/\"><strong>aqu\u00ed<\/strong><\/a><\/p><\/blockquote>\n\n\n    <div class=\"ad ad-type-timetable ad-has-image\">\n      <div class=\"ad-wrapper\">\n        <a href=\"\/en\/ads\/url\/29\" rel=\"nofollow\" target=\"_blank\" style=\"background: url(\/en\/ads\/img\/29\/timetable?p=69e025c304c5f)\">\n                      <span class=\"title\">Trasmapi Club<\/span>\n            <span class=\"description\"><\/span>\n            <span class=\"ad-footer\"><\/span>\n                  <\/a>\n      <\/div>\n    <\/div>\n    \n\n\n\n<h3 class=\"wp-block-heading\">D\u00f3nde comprar \u00abFormentera. Una mirada Enrere\u00bb<\/h3>\n\n\n\n<p>El libro se podr\u00e1\ncomprar en:<\/p>\n\n\n\n<p><strong>FORMENTERA:<\/strong><\/p>\n\n\n\n<ul class=\"wp-block-list\"><li>Llibreria <strong>Tur<\/strong>, Carrer Jaume I, 22 SANT FRANCESC<\/li><li>Llibreria <strong>ALPE<\/strong>, Avinguda Vuit d\u2019Agost, 4 SANT FRANCESC<\/li><li>Llibreria <strong>DUOCA<\/strong>, Avinguda Joan Castell\u00f3 i Guasch, 48 SANT FERRAN<\/li><\/ul>\n\n\n\n<h4 class=\"wp-block-heading\">AMAZON:<\/h4>\n\n\n\n<ul class=\"wp-block-list\"><li>Versi\u00f3n <strong>Kindle<\/strong> en Italiano <a href=\"https:\/\/n9.cl\/1haax\">aqu\u00ed.<\/a><\/li><\/ul>\n\n\n\n<h4 class=\"wp-block-heading\">Compra por correo postal:<\/h4>\n\n\n\n<p><strong>Tambi\u00e9n te lo podemos enviar por correo postal solicit\u00e1donoslo a trav\u00e9s de nuestro correo electr\u00f3nico<\/strong>: <a href=\"mailto:info@proximoferry.com\">info@proximoferry.com<\/a><\/p>\n","protected":false},"excerpt":{"rendered":"<p>\u00abFormentera. Una mirada enrere\u00bb, es el primer libro del periodista Josep Rubio y el primero que editamos en Pr\u00f3ximo Ferry, y estamos<span class=\"ellipsis\">&#8230;<\/span><\/p>\n","protected":false},"author":3,"featured_media":4932,"parent":4768,"menu_order":4,"comment_status":"closed","ping_status":"closed","template":"","meta":{"footnotes":""},"class_list":["post-4929","page","type-page","status-publish","has-post-thumbnail","hentry","es-ES"],"_links":{"self":[{"href":"https:\/\/proximoferry.brikkelt.nl\/blog\/wp-json\/wp\/v2\/pages\/4929"}],"collection":[{"href":"https:\/\/proximoferry.brikkelt.nl\/blog\/wp-json\/wp\/v2\/pages"}],"about":[{"href":"https:\/\/proximoferry.brikkelt.nl\/blog\/wp-json\/wp\/v2\/types\/page"}],"author":[{"embeddable":true,"href":"https:\/\/proximoferry.brikkelt.nl\/blog\/wp-json\/wp\/v2\/users\/3"}],"replies":[{"embeddable":true,"href":"https:\/\/proximoferry.brikkelt.nl\/blog\/wp-json\/wp\/v2\/comments?post=4929"}],"version-history":[{"count":16,"href":"https:\/\/proximoferry.brikkelt.nl\/blog\/wp-json\/wp\/v2\/pages\/4929\/revisions"}],"predecessor-version":[{"id":8814,"href":"https:\/\/proximoferry.brikkelt.nl\/blog\/wp-json\/wp\/v2\/pages\/4929\/revisions\/8814"}],"up":[{"embeddable":true,"href":"https:\/\/proximoferry.brikkelt.nl\/blog\/wp-json\/wp\/v2\/pages\/4768"}],"wp:featuredmedia":[{"embeddable":true,"href":"https:\/\/proximoferry.brikkelt.nl\/blog\/wp-json\/wp\/v2\/media\/4932"}],"wp:attachment":[{"href":"https:\/\/proximoferry.brikkelt.nl\/blog\/wp-json\/wp\/v2\/media?parent=4929"}],"curies":[{"name":"wp","href":"https:\/\/api.w.org\/{rel}","templated":true}]}}