{"id":4883,"date":"2019-03-21T06:00:34","date_gmt":"2019-03-21T06:00:34","guid":{"rendered":"https:\/\/proximoferry.brikkelt.nl\/blog\/?page_id=4883"},"modified":"2022-09-20T14:34:47","modified_gmt":"2022-09-20T14:34:47","slug":"que-tipo-de-transporte-elegir-en-formentera","status":"publish","type":"page","link":"https:\/\/proximoferry.brikkelt.nl\/blog\/tips\/que-tipo-de-transporte-elegir-en-formentera\/","title":{"rendered":"QU\u00c9 TIPO DE TRANSPORTE ELEGIR EN FORMENTERA"},"content":{"rendered":"\n<p>Cuando hayas desembarcado en el <strong>puerto de La Savina<\/strong>, en Formentera, se te presenta un amplio abanico de posibilidades para elegir qu\u00e9 medio de transporte vas a utilizar para moverte por la isla.<\/p>\n\n\n\n<p>Podr\u00e1s moverte por la isla de Formentera, seg\u00fan tus necesidades en <strong>transporte p\u00fablico,<\/strong> <strong>coche de alquiler, bicicleta o moto.<\/strong><\/p>\n\n\n\n<h3 class=\"wp-block-heading\">Moverse en bici por Formentera<\/h3>\n\n\n\n<p>Si fu\u00e9ramos nosotros los que eligi\u00e9ramos, optar\u00edamos por <strong>la bicicleta<\/strong> <strong>por ser el medio m\u00e1s sostenible<\/strong> con el entorno y a la vez el que te permite disfrutar de cada palmo de terreno, de cada detalle, de cada instante. A esta isla que \u00abtiene m\u00e1s mar que tierra\u00bb la debes conocer tal y como se te presenta. Tranquila, austera y sencilla.<\/p>\n\n\n\n<figure class=\"wp-block-image\"><img loading=\"lazy\" decoding=\"async\" width=\"800\" height=\"400\" src=\"https:\/\/proximoferry.brikkelt.nl\/blog\/wp-content\/uploads\/2022\/09\/Formentera-en-bici.png\" alt=\"\" class=\"wp-image-5835\" srcset=\"https:\/\/proximoferry.brikkelt.nl\/blog\/wp-content\/uploads\/2022\/09\/Formentera-en-bici.png 800w, https:\/\/proximoferry.brikkelt.nl\/blog\/wp-content\/uploads\/2022\/09\/Formentera-en-bici-300x150.png 300w, https:\/\/proximoferry.brikkelt.nl\/blog\/wp-content\/uploads\/2022\/09\/Formentera-en-bici-768x384.png 768w, https:\/\/proximoferry.brikkelt.nl\/blog\/wp-content\/uploads\/2022\/09\/Formentera-en-bici-470x235.png 470w\" sizes=\"(max-width: 800px) 100vw, 800px\" \/><figcaption>Bicicleta en la playa de Formentera ( Islas Baleares ) <br><\/figcaption><\/figure>\n\n\n\n<p>Si te apetece conocer Formentera en bici, te dejamos este <a href=\"https:\/\/www.formentera.es\/wp-content\/uploads\/2021\/07\/plano-metrominut.pdf\">mapa<\/a> , editado por el Consell Insular de Formentera, para que hagas una de las <strong>8 rutas que propone en bicicleta.<\/strong><\/p>\n\n\n\n<p>Tendr\u00e1s tus ventajas y es que puedes entrar gratis a las <strong>playas de Ses Illetes<\/strong> <strong>y Llevant <\/strong>y no pagas peaje.<\/p>\n\n\n\n<p>Los precios de alquiler en bicicleta var\u00edan seg\u00fan la temporada, pero no ser\u00e1n muy elevados.<\/p>\n\n\n\n<h4 class=\"wp-block-heading\">\u00bfCu\u00e1nto se tarda en recorrer Formentera?<\/h4>\n\n\n\n<p>Probablemente tres d\u00edas sea el tiempo m\u00e1s corto para ver los mejores lugares de Formentera y tener tiempo suficiente para empaparse de su ambiente.<\/p>\n\n\n\n<p>En tres d\u00edas puedes visitar las mejores playas y calas de Formentera, visitar el faro, explorar algunas torres defensivas, disfrutar de la comida y del ambiente \u00fanico.<\/p>\n\n\n\n<h4 class=\"wp-block-heading\">\u00bfQu\u00e9 d\u00eda es mejor ir a Formentera?<\/h4>\n\n\n\n<p>Si puedes elegir la mejor \u00e9poca para ir a la isla, no hay duda, los mejores meses son <strong>mayo, junio, septiembre <\/strong>o incluso<strong> octubre.<\/strong><\/p>\n\n\n\n<h4 class=\"wp-block-heading\">Que tiempo hace en Formentera<\/h4>\n\n\n\n<p>El clima en Formentera, se caracteriza por <strong>veranos suaves <\/strong>y escasos d\u00edas de lluvias, en agosto que es el mes m\u00e1s caluroso, puedes encontrar m\u00e1ximas de 30\u00ba y m\u00ednimas de 21\u00ba , en mayo la temperatura m\u00e1xima es de 22\u00ba y la m\u00ednima de 14\u00ba.<\/p>\n\n\n\n<p>Su clima en general, hace que sea uno de los mejores lugares para visitar casi todo el a\u00f1o, conocer sus playas, monumentos, cultura y su gastronom\u00eda.<\/p>\n\n\n\n<p>Formentera es visitada durante todo el a\u00f1o, incluso en <strong>invierno<\/strong> al ser templado, con muchos d\u00edas de sol, es raro, que haga mucho fr\u00edo.<\/p>\n\n\n\n<p>En <strong>verano,<\/strong> de Junio a septiembre, es caluroso y soleado, es raro que llueva, y en <strong>Oto\u00f1o<\/strong> \u00faltimos de septiembre a noviembre, es c\u00e1lido y suave, puede haber largos per\u00edodos de buen tiempo, pero tambi\u00e9n puedes encontrar algunos d\u00edas de lluvia y viento.<\/p>\n\n\n\n<p>El sol es frecuente en<strong> primavera<\/strong>, es la temporada ideal para visitar las ciudades y hacer excursiones.<\/p>\n\n\n    <div class=\"ad ad-type-timetable ad-has-image\">\n      <div class=\"ad-wrapper\">\n        <a href=\"\/en\/ads\/url\/29\" rel=\"nofollow\" target=\"_blank\" style=\"background: url(\/en\/ads\/img\/29\/timetable?p=69e02a8fb2087)\">\n                      <span class=\"title\">Trasmapi Club<\/span>\n            <span class=\"description\"><\/span>\n            <span class=\"ad-footer\"><\/span>\n                  <\/a>\n      <\/div>\n    <\/div>\n    \n\n\n\n<h3 class=\"wp-block-heading\">Alquiler de coche o moto en Formentera<\/h3>\n\n\n\n<p>Si prefieres ir motorizado, en el mismo puerto<strong> podr\u00e1s alquilar un veh\u00edculo <\/strong>(moto, coche o coche el\u00e9ctrico). All\u00ed, muy <strong>cerca de la estaci\u00f3n mar\u00edtima, ver\u00e1s las oficinas de las empresas de alquiler.&nbsp;<\/strong><\/p>\n\n\n\n<p>Estas son algunas de las <strong>empresas de alquiler de veh\u00edculos que trabajan en Formentera y sus webs<\/strong>. T\u00fa mismo. Elige la que m\u00e1s te convenga:<\/p>\n\n\n\n<ul class=\"wp-block-list\"><li><strong>Formotor<\/strong>: <a href=\"http:\/\/www.formotor.com\/\">http:\/\/www.formotor.com\/<\/a><\/li><li><strong>Moto Rent Pujols<\/strong>: <a href=\"http:\/\/motorentpujols.com\/\">http:\/\/motorentpujols.com\/<\/a><\/li><li><strong>Moto Rent Migjorn<\/strong>: <a href=\"http:\/\/www.motorentmigjorn.com\/\">http:\/\/www.motorentmigjorn.com\/<\/a><\/li><\/ul>\n\n\n\n<figure class=\"wp-block-image\"><img loading=\"lazy\" decoding=\"async\" width=\"800\" height=\"400\" src=\"https:\/\/proximoferry.brikkelt.nl\/blog\/wp-content\/uploads\/2022\/09\/en-moto-por-formentera.png\" alt=\"\" class=\"wp-image-5836\" srcset=\"https:\/\/proximoferry.brikkelt.nl\/blog\/wp-content\/uploads\/2022\/09\/en-moto-por-formentera.png 800w, https:\/\/proximoferry.brikkelt.nl\/blog\/wp-content\/uploads\/2022\/09\/en-moto-por-formentera-300x150.png 300w, https:\/\/proximoferry.brikkelt.nl\/blog\/wp-content\/uploads\/2022\/09\/en-moto-por-formentera-768x384.png 768w, https:\/\/proximoferry.brikkelt.nl\/blog\/wp-content\/uploads\/2022\/09\/en-moto-por-formentera-470x235.png 470w\" sizes=\"(max-width: 800px) 100vw, 800px\" \/><figcaption>Camino del Faro del <strong>Cab de Barbar\u00eda<\/strong> en Formentera<\/figcaption><\/figure>\n\n\n    <div class=\"ad ad-type-timetable ad-has-image\">\n      <div class=\"ad-wrapper\">\n        <a href=\"\/en\/ads\/url\/116\" rel=\"nofollow\" target=\"_blank\" style=\"background: url(\/en\/ads\/img\/116\/timetable?p=69e02a8fb2087)\">\n                      <span class=\"title\">Consell Insular - Zona Blava<\/span>\n            <span class=\"description\"><\/span>\n            <span class=\"ad-footer\"><\/span>\n                  <\/a>\n      <\/div>\n    <\/div>\n    \n\n\n\n<h3 class=\"wp-block-heading\">Moverse en bus o taxi por Formentera<\/h3>\n\n\n\n<p>Tambi\u00e9n tienes la opci\u00f3n m\u00e1s c\u00f3moda: <strong>moverte en transporte p\u00fablico<\/strong>. Puedes moverte en taxi o en bus. En nuestra web encontrar\u00e1s toda la<a href=\"https:\/\/proximoferry.brikkelt.nl\/blog\/es\/bus\/\"> informaci\u00f3n de las diferentes l\u00edneas<\/a> que hay en la isla y qu\u00e9 puntos conectan.<\/p>\n\n\n\n<p>Sea como sea que te muevas, <strong>disfruta de Formentera.<\/strong><br><\/p>\n","protected":false},"excerpt":{"rendered":"<p>Cuando hayas desembarcado en el puerto de La Savina, en Formentera, se te presenta un amplio abanico de posibilidades para elegir qu\u00e9<span class=\"ellipsis\">&#8230;<\/span><\/p>\n","protected":false},"author":3,"featured_media":4885,"parent":4770,"menu_order":0,"comment_status":"closed","ping_status":"closed","template":"","meta":{"footnotes":""},"class_list":["post-4883","page","type-page","status-publish","has-post-thumbnail","hentry","es-ES"],"_links":{"self":[{"href":"https:\/\/proximoferry.brikkelt.nl\/blog\/wp-json\/wp\/v2\/pages\/4883"}],"collection":[{"href":"https:\/\/proximoferry.brikkelt.nl\/blog\/wp-json\/wp\/v2\/pages"}],"about":[{"href":"https:\/\/proximoferry.brikkelt.nl\/blog\/wp-json\/wp\/v2\/types\/page"}],"author":[{"embeddable":true,"href":"https:\/\/proximoferry.brikkelt.nl\/blog\/wp-json\/wp\/v2\/users\/3"}],"replies":[{"embeddable":true,"href":"https:\/\/proximoferry.brikkelt.nl\/blog\/wp-json\/wp\/v2\/comments?post=4883"}],"version-history":[{"count":16,"href":"https:\/\/proximoferry.brikkelt.nl\/blog\/wp-json\/wp\/v2\/pages\/4883\/revisions"}],"predecessor-version":[{"id":5866,"href":"https:\/\/proximoferry.brikkelt.nl\/blog\/wp-json\/wp\/v2\/pages\/4883\/revisions\/5866"}],"up":[{"embeddable":true,"href":"https:\/\/proximoferry.brikkelt.nl\/blog\/wp-json\/wp\/v2\/pages\/4770"}],"wp:featuredmedia":[{"embeddable":true,"href":"https:\/\/proximoferry.brikkelt.nl\/blog\/wp-json\/wp\/v2\/media\/4885"}],"wp:attachment":[{"href":"https:\/\/proximoferry.brikkelt.nl\/blog\/wp-json\/wp\/v2\/media?parent=4883"}],"curies":[{"name":"wp","href":"https:\/\/api.w.org\/{rel}","templated":true}]}}