{"id":4773,"date":"2019-01-28T19:02:00","date_gmt":"2019-01-28T19:02:00","guid":{"rendered":"https:\/\/proximoferry.brikkelt.nl\/blog\/?page_id=4591"},"modified":"2019-03-21T07:40:36","modified_gmt":"2019-03-21T07:40:36","slug":"llegando-uno","status":"publish","type":"page","link":"https:\/\/proximoferry.brikkelt.nl\/blog\/onarrival\/llegando-uno\/","title":{"rendered":"FORMENTERA ES M\u00c1S QUE PLAYAS"},"content":{"rendered":"<p>Has llegado a un sitio en el que, si corres demasiado, se te acabar\u00e1 pronto la isla. Es mejor tom\u00e1rselo con calma y descubrir cada uno de los rincones de Formentera que aguardan, sin prisa, sin agobios, a ser descubiertos por el observador.<\/p>\n<p>En el Blog de Pr\u00f3ximo Ferry encontrar\u00e1s algunas ideas para disfrutar de la isla de la mejor manera. Lejos de ruidos y prisas se abre un mundo en el que t\u00fa, y solo t\u00fa, ser\u00e1s el protagonista.<\/p>\n    <div class=\"ad ad-type-timetable ad-has-image\">\n      <div class=\"ad-wrapper\">\n        <a href=\"\/en\/ads\/url\/116\" rel=\"nofollow\" target=\"_blank\" style=\"background: url(\/en\/ads\/img\/116\/timetable?p=69e025c3a9254)\">\n                      <span class=\"title\">Consell Insular - Zona Blava<\/span>\n            <span class=\"description\"><\/span>\n            <span class=\"ad-footer\"><\/span>\n                  <\/a>\n      <\/div>\n    <\/div>\n    \n<p>Sum\u00e9rgete en la isla iniciando <a href=\"https:\/\/proximoferry.brikkelt.nl\/blog\/2018\/04\/19\/paseos-literarios-por-formentera\/\"><strong>Un paseo literario por Formentera<\/strong><\/a>. \u201cUna luz blanca y cegadora, inundando una atm\u00f3sfera seca y solar, es la caracter\u00edstica b\u00e1sica de la isla\u201d. \u201cEs Cap es uno de esos parajes que rompen la general indiferencia de los humanos para con su mundo cotidiano\u201d.<\/p>\n<p>Descubre uno de los lugares m\u00e1s bellos de nuestro entorno con un <a href=\"https:\/\/proximoferry.brikkelt.nl\/blog\/2018\/03\/15\/paseo-desde-el-torrent-de-salga-al-torrent-fondo\/\"><strong>Paseo desde el torrent de s&#8217;alga al torrent Fondo<\/strong><\/a>. El sendero para bajar al torrent Fondo no es sencillo pero nos conduce a uno de los varaderos m\u00e1s rec\u00f3nditos de Formentera. Pasaremos cerca de la casa de un prestigioso dise\u00f1ador franc\u00e9s, que recuerda a un templo azteca.<\/p>\n    <div class=\"ad ad-type-timetable ad-has-image\">\n      <div class=\"ad-wrapper\">\n        <a href=\"\/en\/ads\/url\/15\" rel=\"nofollow\" target=\"_blank\" style=\"background: url(\/en\/ads\/img\/15\/timetable?p=69e025c3a9254)\">\n                      <span class=\"title\">Trasmapi Club<\/span>\n            <span class=\"description\"><\/span>\n            <span class=\"ad-footer\"><\/span>\n                  <\/a>\n      <\/div>\n    <\/div>\n    \n<p>O visita <strong><a href=\"https:\/\/proximoferry.brikkelt.nl\/blog\/2018\/01\/25\/san-valero-una-cueva-de-pelicula\/\">Sant Valero, una cueva de pel\u00edcula<\/a>. <\/strong>Es una de las cuevas m\u00e1s grandes de Formentera con m\u00e1s de 350 metros de profundidad. Dice la leyenda que el capit\u00e1n de ladrones Vicent Pepa encontr\u00f3 escondite en las galer\u00edas de la cueva.<\/p>\n<p>Finalmente, te recomendamos una gente muy activa. Se trata de\u00a0 <a href=\"https:\/\/www.facebook.com\/groups\/1465882353706918\/\"><strong>Disfruta Formentera<\/strong><\/a>, es un grupo creado para la gente que le gusta hacer deporte. Hacen caminatas, caminatas en las noches de luna llena, rutas en bicicleta&#8230;cada cual a su ritmo, para disfrutar y pasarlo bien.<\/p>\n<p>Formentera es peque\u00f1a, delicada, sencilla, pero no te la acabas.<\/p>\n","protected":false},"excerpt":{"rendered":"<p>Has llegado a un sitio en el que, si corres demasiado, se te acabar\u00e1 pronto la isla. Es mejor tom\u00e1rselo con calma<span class=\"ellipsis\">&#8230;<\/span><\/p>\n","protected":false},"author":1,"featured_media":4181,"parent":4768,"menu_order":3101,"comment_status":"closed","ping_status":"closed","template":"","meta":{"footnotes":""},"class_list":["post-4773","page","type-page","status-publish","has-post-thumbnail","hentry","es-ES"],"_links":{"self":[{"href":"https:\/\/proximoferry.brikkelt.nl\/blog\/wp-json\/wp\/v2\/pages\/4773"}],"collection":[{"href":"https:\/\/proximoferry.brikkelt.nl\/blog\/wp-json\/wp\/v2\/pages"}],"about":[{"href":"https:\/\/proximoferry.brikkelt.nl\/blog\/wp-json\/wp\/v2\/types\/page"}],"author":[{"embeddable":true,"href":"https:\/\/proximoferry.brikkelt.nl\/blog\/wp-json\/wp\/v2\/users\/1"}],"replies":[{"embeddable":true,"href":"https:\/\/proximoferry.brikkelt.nl\/blog\/wp-json\/wp\/v2\/comments?post=4773"}],"version-history":[{"count":3,"href":"https:\/\/proximoferry.brikkelt.nl\/blog\/wp-json\/wp\/v2\/pages\/4773\/revisions"}],"predecessor-version":[{"id":4906,"href":"https:\/\/proximoferry.brikkelt.nl\/blog\/wp-json\/wp\/v2\/pages\/4773\/revisions\/4906"}],"up":[{"embeddable":true,"href":"https:\/\/proximoferry.brikkelt.nl\/blog\/wp-json\/wp\/v2\/pages\/4768"}],"wp:featuredmedia":[{"embeddable":true,"href":"https:\/\/proximoferry.brikkelt.nl\/blog\/wp-json\/wp\/v2\/media\/4181"}],"wp:attachment":[{"href":"https:\/\/proximoferry.brikkelt.nl\/blog\/wp-json\/wp\/v2\/media?parent=4773"}],"curies":[{"name":"wp","href":"https:\/\/api.w.org\/{rel}","templated":true}]}}