{"id":8117,"date":"2024-02-29T11:18:13","date_gmt":"2024-02-29T11:18:13","guid":{"rendered":"https:\/\/proximoferry.brikkelt.nl\/blog\/?page_id=8117"},"modified":"2024-02-29T11:21:10","modified_gmt":"2024-02-29T11:21:10","slug":"com-es-comunica-lobertura-dels-ports-deivissa-i-formentera","status":"publish","type":"page","link":"https:\/\/proximoferry.brikkelt.nl\/blog\/ca\/tips\/com-es-comunica-lobertura-dels-ports-deivissa-i-formentera\/","title":{"rendered":"Com es comunica l&#8217;obertura dels ports d&#8217;Eivissa i Formentera?"},"content":{"rendered":"\n<p> L&#8217;bertura del port es comunica de manera similar al tancament, a trav\u00e9s del tel\u00e8fon i correu electr\u00f2nic a les navilieres. \u00c9s important estar atent a les actualitzacions de l&#8217;Autoritat Portu\u00e0ria per a con\u00e8ixer quan es reobriran els ports i poder planificar els viatges en ferri de manera adequada.<\/p>\n\n\n\n<p> Recorda que l&#8217;obertura dels ports pot estar subjecta a canvis sobtats a causa de diverses circumst\u00e0ncies, per la qual cosa \u00e9s important mantenir-se informat i estar preparat per a possibles canvis en els plans de viatge.<\/p>\n\n\n\n<p>En <a href=\"https:\/\/www.proximoferry.com\/\">Pr\u00f3ximo Ferry,<\/a> pots estar informat de les cancellacions dels ferries a Formentera i Eivissa, baixa&#8217;t la nostra APP <a href=\"https:\/\/play.google.com\/store\/apps\/details?id=com.proximoferry.proximoferryapp&amp;hl=es&amp;gl=US\">aqu\u00ed,<\/a> et permetr\u00e0 planificar el teu viatge de manera m\u00e9s eficient i sense contratemps. <\/p>\n","protected":false},"excerpt":{"rendered":"<p>L&#8217;bertura del port es comunica de manera similar al tancament, a trav\u00e9s del tel\u00e8fon i correu electr\u00f2nic a les navilieres. \u00c9s important<span class=\"ellipsis\">&#8230;<\/span><\/p>\n","protected":false},"author":3,"featured_media":6681,"parent":4769,"menu_order":3,"comment_status":"closed","ping_status":"closed","template":"","meta":{"footnotes":""},"class_list":["post-8117","page","type-page","status-publish","has-post-thumbnail","hentry","ca"],"_links":{"self":[{"href":"https:\/\/proximoferry.brikkelt.nl\/blog\/wp-json\/wp\/v2\/pages\/8117"}],"collection":[{"href":"https:\/\/proximoferry.brikkelt.nl\/blog\/wp-json\/wp\/v2\/pages"}],"about":[{"href":"https:\/\/proximoferry.brikkelt.nl\/blog\/wp-json\/wp\/v2\/types\/page"}],"author":[{"embeddable":true,"href":"https:\/\/proximoferry.brikkelt.nl\/blog\/wp-json\/wp\/v2\/users\/3"}],"replies":[{"embeddable":true,"href":"https:\/\/proximoferry.brikkelt.nl\/blog\/wp-json\/wp\/v2\/comments?post=8117"}],"version-history":[{"count":1,"href":"https:\/\/proximoferry.brikkelt.nl\/blog\/wp-json\/wp\/v2\/pages\/8117\/revisions"}],"predecessor-version":[{"id":8126,"href":"https:\/\/proximoferry.brikkelt.nl\/blog\/wp-json\/wp\/v2\/pages\/8117\/revisions\/8126"}],"up":[{"embeddable":true,"href":"https:\/\/proximoferry.brikkelt.nl\/blog\/wp-json\/wp\/v2\/pages\/4769"}],"wp:featuredmedia":[{"embeddable":true,"href":"https:\/\/proximoferry.brikkelt.nl\/blog\/wp-json\/wp\/v2\/media\/6681"}],"wp:attachment":[{"href":"https:\/\/proximoferry.brikkelt.nl\/blog\/wp-json\/wp\/v2\/media?parent=8117"}],"curies":[{"name":"wp","href":"https:\/\/api.w.org\/{rel}","templated":true}]}}