{"id":5130,"date":"2019-08-08T11:55:09","date_gmt":"2019-08-08T11:55:09","guid":{"rendered":"https:\/\/proximoferry.brikkelt.nl\/blog\/?page_id=5130"},"modified":"2019-08-22T08:26:37","modified_gmt":"2019-08-22T08:26:37","slug":"las-mejores-puestas-de-sol-de-formentera","status":"publish","type":"page","link":"https:\/\/proximoferry.brikkelt.nl\/blog\/ca\/onarrival-2\/las-mejores-puestas-de-sol-de-formentera\/","title":{"rendered":"LES MILLORS POSTES DE SOL DE FORMENTERA"},"content":{"rendered":"\n<p>Els capvespres sempre han tingut un encant\nm\u00e0gic. Els tons taronja, vermells i grocs que tenyeixen el cel capturen la\nnostra atenci\u00f3 com les m\u00e9s belles obres d&#8217;art. \u00c9s aqu\u00ed on el fot\u00f2graf que\nportem dins, surt fora, i captura el moment.<\/p>\n\n\n\n<p>A Formentera tenim infinits llocs des d\u2019on contemplar una posta sol, per\u00f2 si el que vols a m\u00e9s a m\u00e9s, \u00e9s immortalitzar el moment i gaudir de la tranquil\u00b7litat que requereix aquest instant, nosaltres en compartim tres en els que t\u2019hi trobar\u00e0s poca gent i all\u00f2 que veur\u00e0s et fascinar\u00e0.<\/p>\n\n\n    <div class=\"ad ad-type-timetable ad-has-image\">\n      <div class=\"ad-wrapper\">\n        <a href=\"\/en\/ads\/url\/64\" rel=\"nofollow\" target=\"_blank\" style=\"background: url(\/en\/ads\/img\/64\/timetable?p=69e02bc48bcc3)\">\n                      <span class=\"title\">Bale\u00e0ria<\/span>\n            <span class=\"description\">Viaja con la naviera l\u00edder en Baleares<\/span>\n            <span class=\"ad-footer\">www.balearia.com<\/span>\n                  <\/a>\n      <\/div>\n    <\/div>\n    \n\n\n\n<p>El primer de tots, \u00e9s a la zona de Punta\nPedrera i Es Banc. Des d\u2019all\u00e0 podr\u00e0s contemplar una magn\u00edfica posta de sol a\nprimera l\u00ednia de mar que, si el dia \u00e9s clar, ens permetr\u00e0 no perdre\u2019ns ni un\ndels m\u00e0gics instants. Per\u00f2 l\u2019espectacle \u00e9s tamb\u00e9 a les roques de mar\u00e8s tallades\nd\u2019aquesta antiga pedrera. El reflex del sol sobre la superf\u00edcie de la costa ens\ndonar\u00e0 un <em>bonus track<\/em> d\u2019una bellesa extrema amb imatges d\u2019una posta de\nsol sense el sol.<\/p>\n\n\n\n<p>El segon dels llocs m\u00e0gics des d\u2019on veure com s\u2019apaga el dia \u00e9s el Mirador de La Mola. Situat a la carretera que puja a La Mola trobar\u00e0s el Restaurant El Mirador des de la privilegiada posici\u00f3 del qual podr\u00e0s contemplar la posta de sol, amb la part baixa de Formentera en terme mig. En dies clar del mes de juny \u00e9s encara m\u00e9s espectacular perqu\u00e8 el sol se\u2019n va molt a prop de l\u2019illot des Vedr\u00e0 deixant un estampa encara m\u00e9s magn\u00edfica. Aquest lloc, potser estar\u00e0 un mica concorregut, per\u00f2 paga molt la pena.<\/p>\n\n\n    <div class=\"ad ad-type-timetable ad-has-image\">\n      <div class=\"ad-wrapper\">\n        <a href=\"\/en\/ads\/url\/29\" rel=\"nofollow\" target=\"_blank\" style=\"background: url(\/en\/ads\/img\/29\/timetable?p=69e02bc48bcc3)\">\n                      <span class=\"title\">Trasmapi Club<\/span>\n            <span class=\"description\"><\/span>\n            <span class=\"ad-footer\"><\/span>\n                  <\/a>\n      <\/div>\n    <\/div>\n    \n\n\n\n<p>I, finalment, has d\u2019anar un dia a veure com el\nsol se\u2019n va des dels molins de sa Miranda, molt a prop de Sant Francesc. Veure\nel fos a negre, amb la silueta d\u2019un dels molins \u00e9s una de les imatges\nimpagables que ens donen els capvespres de Formentera que no ens deixar\u00e0\nindiferent. <\/p>\n\n\n\n<p>La posta de sol \u00e9s un d\u2019aquells plaers austers\nque ens regala aquesta magn\u00edfica illa.<\/p>\n\n\n\n<p>Si v\u00e9ns a Formentera pots comprar els tickets del ferry online a <a href=\"https:\/\/booking.proximoferry.com\/\">booking.proximoferry.com<\/a> i t &#8216;estalviar\u00e0s uns euros i les cues de gent que et saltar\u00e0s gr\u00e0cies a dur les targetes d&#8217;embarcament en el teu m\u00f2bil.<\/p>\n","protected":false},"excerpt":{"rendered":"<p>Els capvespres sempre han tingut un encant m\u00e0gic. Els tons taronja, vermells i grocs que tenyeixen el cel capturen la nostra atenci\u00f3<span class=\"ellipsis\">&#8230;<\/span><\/p>\n","protected":false},"author":3,"featured_media":5126,"parent":4767,"menu_order":0,"comment_status":"closed","ping_status":"closed","template":"","meta":{"footnotes":""},"class_list":["post-5130","page","type-page","status-publish","has-post-thumbnail","hentry","ca"],"_links":{"self":[{"href":"https:\/\/proximoferry.brikkelt.nl\/blog\/wp-json\/wp\/v2\/pages\/5130"}],"collection":[{"href":"https:\/\/proximoferry.brikkelt.nl\/blog\/wp-json\/wp\/v2\/pages"}],"about":[{"href":"https:\/\/proximoferry.brikkelt.nl\/blog\/wp-json\/wp\/v2\/types\/page"}],"author":[{"embeddable":true,"href":"https:\/\/proximoferry.brikkelt.nl\/blog\/wp-json\/wp\/v2\/users\/3"}],"replies":[{"embeddable":true,"href":"https:\/\/proximoferry.brikkelt.nl\/blog\/wp-json\/wp\/v2\/comments?post=5130"}],"version-history":[{"count":3,"href":"https:\/\/proximoferry.brikkelt.nl\/blog\/wp-json\/wp\/v2\/pages\/5130\/revisions"}],"predecessor-version":[{"id":5165,"href":"https:\/\/proximoferry.brikkelt.nl\/blog\/wp-json\/wp\/v2\/pages\/5130\/revisions\/5165"}],"up":[{"embeddable":true,"href":"https:\/\/proximoferry.brikkelt.nl\/blog\/wp-json\/wp\/v2\/pages\/4767"}],"wp:featuredmedia":[{"embeddable":true,"href":"https:\/\/proximoferry.brikkelt.nl\/blog\/wp-json\/wp\/v2\/media\/5126"}],"wp:attachment":[{"href":"https:\/\/proximoferry.brikkelt.nl\/blog\/wp-json\/wp\/v2\/media?parent=5130"}],"curies":[{"name":"wp","href":"https:\/\/api.w.org\/{rel}","templated":true}]}}