{"id":5109,"date":"2019-07-23T14:48:36","date_gmt":"2019-07-23T14:48:36","guid":{"rendered":"https:\/\/proximoferry.brikkelt.nl\/blog\/?page_id=5109"},"modified":"2019-08-13T13:45:17","modified_gmt":"2019-08-13T13:45:17","slug":"sube-a-la-mola-cada-dia-2","status":"publish","type":"page","link":"https:\/\/proximoferry.brikkelt.nl\/blog\/ca\/onarrival-2\/sube-a-la-mola-cada-dia-2\/","title":{"rendered":"PUJA A LA MOLA CADA DIA"},"content":{"rendered":"\n<p>Des de fa ja uns anys que La Mola \u00e9s molt m\u00e9s que els dies de Fira. \u00c9s cert que el Mercat Artes\u00e0 i Fira d&#8217;artesania \u00e9s una de les atraccions m\u00e9s reeixides de l&#8217;estiu formenterer (nom\u00e9s cal de pujar un dimecres o un diumenge per comprovar-ho), per\u00f2, afortunadament el poble del Pilar s&#8217;ha anat consolidant, amb el temps , com una destinaci\u00f3 imprescindible per als amants de la Cultura, en maj\u00fascules.<\/p>\n\n\n    <div class=\"ad ad-type-timetable ad-has-image\">\n      <div class=\"ad-wrapper\">\n        <a href=\"\/en\/ads\/url\/15\" rel=\"nofollow\" target=\"_blank\" style=\"background: url(\/en\/ads\/img\/15\/timetable?p=69e02db4ae052)\">\n                      <span class=\"title\">Trasmapi Club<\/span>\n            <span class=\"description\"><\/span>\n            <span class=\"ad-footer\"><\/span>\n                  <\/a>\n      <\/div>\n    <\/div>\n    \n\n\n\n<p>La Casa del Poble s&#8217;ha convertit en un punt de trobada on gaudir setmana a setmana dels actes que organitza Espai F. L&#8217;agenda contempla de tot i molt: els dijous de concerts, el cinema cl\u00e0ssic a l&#8217;aire lliure dels divendres, cantades pageses , etc. La Casa del Poble, a m\u00e9s, \u00e9s un punt de recollida i pr\u00e9stec de llibres.<\/p>\n\n\n\n<p>I, finalment, el nou reclam cultural: el remodelat far de La Mola, que ara alberga, a la planta baixa, un espai muse\u00eftzat dedicat a la mar, i un altre que podr\u00e0 acollir exposicions temporals.<\/p>\n\n\n    <div class=\"ad ad-type-timetable ad-has-image\">\n      <div class=\"ad-wrapper\">\n        <a href=\"\/en\/ads\/url\/15\" rel=\"nofollow\" target=\"_blank\" style=\"background: url(\/en\/ads\/img\/15\/timetable?p=69e02db4ae052)\">\n                      <span class=\"title\">Trasmapi Club<\/span>\n            <span class=\"description\"><\/span>\n            <span class=\"ad-footer\"><\/span>\n                  <\/a>\n      <\/div>\n    <\/div>\n    \n\n\n\n<p>Tots aix\u00f2 ho tens a La Mola, un lloc on pots pujar cada dia, sin\u00f3 \u00e9s que ja est\u00e0s all\u00e0.<\/p>\n\n\n\n<p>I si v\u00e9ns a Formentera pots comprar els tiquets del ferri en l\u00ednia en <a href=\"http:\/\/booking.proximoferry.com\/\">booking.proximoferry.com<\/a> i t&#8217;estalvies uns euros i les cues de gent que et saltar\u00e0s gr\u00e0cies a portar les targetes d&#8217;embarcament al m\u00f2bil.<\/p>\n","protected":false},"excerpt":{"rendered":"<p>Des de fa ja uns anys que La Mola \u00e9s molt m\u00e9s que els dies de Fira. \u00c9s cert que el Mercat<span class=\"ellipsis\">&#8230;<\/span><\/p>\n","protected":false},"author":3,"featured_media":5107,"parent":4767,"menu_order":0,"comment_status":"closed","ping_status":"closed","template":"","meta":{"footnotes":""},"class_list":["post-5109","page","type-page","status-publish","has-post-thumbnail","hentry","ca"],"_links":{"self":[{"href":"https:\/\/proximoferry.brikkelt.nl\/blog\/wp-json\/wp\/v2\/pages\/5109"}],"collection":[{"href":"https:\/\/proximoferry.brikkelt.nl\/blog\/wp-json\/wp\/v2\/pages"}],"about":[{"href":"https:\/\/proximoferry.brikkelt.nl\/blog\/wp-json\/wp\/v2\/types\/page"}],"author":[{"embeddable":true,"href":"https:\/\/proximoferry.brikkelt.nl\/blog\/wp-json\/wp\/v2\/users\/3"}],"replies":[{"embeddable":true,"href":"https:\/\/proximoferry.brikkelt.nl\/blog\/wp-json\/wp\/v2\/comments?post=5109"}],"version-history":[{"count":2,"href":"https:\/\/proximoferry.brikkelt.nl\/blog\/wp-json\/wp\/v2\/pages\/5109\/revisions"}],"predecessor-version":[{"id":5143,"href":"https:\/\/proximoferry.brikkelt.nl\/blog\/wp-json\/wp\/v2\/pages\/5109\/revisions\/5143"}],"up":[{"embeddable":true,"href":"https:\/\/proximoferry.brikkelt.nl\/blog\/wp-json\/wp\/v2\/pages\/4767"}],"wp:featuredmedia":[{"embeddable":true,"href":"https:\/\/proximoferry.brikkelt.nl\/blog\/wp-json\/wp\/v2\/media\/5107"}],"wp:attachment":[{"href":"https:\/\/proximoferry.brikkelt.nl\/blog\/wp-json\/wp\/v2\/media?parent=5109"}],"curies":[{"name":"wp","href":"https:\/\/api.w.org\/{rel}","templated":true}]}}