{"id":5097,"date":"2019-07-17T15:22:39","date_gmt":"2019-07-17T15:22:39","guid":{"rendered":"https:\/\/proximoferry.brikkelt.nl\/blog\/?page_id=5097"},"modified":"2019-08-13T13:44:02","modified_gmt":"2019-08-13T13:44:02","slug":"la-fiesta-grande-de-formentera","status":"publish","type":"page","link":"https:\/\/proximoferry.brikkelt.nl\/blog\/ca\/onarrival-2\/la-fiesta-grande-de-formentera\/","title":{"rendered":"LA FESTA GRAN DE FORMENTERA"},"content":{"rendered":"\n<p>Sant Jaume \u00e9s el\ndia gran de Formentera. La nostra Diada. Se celebra sempre al voltant del 25 de\njuliol amb actes de tota mena i per a tots els p\u00fablics.<\/p>\n\n\n\n<p>Els actes centrals tenen lloc els dies 24 i 25, per\u00f2 des d\u2019unes setmanes abans ja es pot gaudir d\u2019alguns dels actes que estan programats. En aquest <strong><a href=\"http:\/\/agendaformentera.cat\/evento.php?id_evento=1981&amp;id_eventosesion=10313&amp;titulo=sant-jaume-diada-de-formentera\">link<\/a><\/strong> podeu consultar el programa de festes complet.<\/p>\n\n\n\n<p>Sens dubte, per\u00f2, les nits de concerts dels dies 24 i 25 i l\u2019esperada Formentera Flower s\u00f3n els moments \u00e0lgids de les festes de cada any.<\/p>\n\n\n    <div class=\"ad ad-type-timetable ad-has-image\">\n      <div class=\"ad-wrapper\">\n        <a href=\"\/en\/ads\/url\/114\" rel=\"nofollow\" target=\"_blank\" style=\"background: url(\/en\/ads\/img\/114\/timetable?p=69e02bc463f71)\">\n                      <span class=\"title\">Isla Bonita - Tu mejor escenario<\/span>\n            <span class=\"description\"><\/span>\n            <span class=\"ad-footer\"><\/span>\n                  <\/a>\n      <\/div>\n    <\/div>\n    \n\n\n\n<p>Per una banda, els\nconcerts: Dimecres 24, a partir de les 22.30 sonaran a l\u2019escenari de la pla\u00e7a\nde Sant Francesc els grups \u201cThe Prussians\u201d i \u201cGertrudis\u201d. I es tancar\u00e0 la vetllada\namb \u201cSidonie DJ Set\u201d. L\u2019endem\u00e0, el dia 25 de juliol, el dia gran de Formentera,\nactuaran \u201cAndrea Motis Trio\u201d i \u201cSopa de Cabra\u201d.<\/p>\n\n\n\n<p>El moment disbauxa total de les Festes de cada any es produeix durant la Formentera Flower. Enguany \u201cLa Flower\u201d de Formentera ser\u00e0 el dia 20 de juliol. A les 21.00 comen\u00e7ar\u00e0 per als m\u00e9s menuts la Flower Infantil i a partir de les 23.00 seran els locals DJ Blue, DJ Javi Box, Jam Factory i <a href=\"https:\/\/proximoferry.brikkelt.nl\/blog\/ca\/2018\/07\/12\/dj-pharma-en-la-escuela-me-llamaban-nenaza\/\">DJ Pharma<\/a> els que s\u2019encarregaran de donar-ho tot. <\/p>\n\n\n    <div class=\"ad ad-type-timetable ad-has-image\">\n      <div class=\"ad-wrapper\">\n        <a href=\"\/en\/ads\/url\/115\" rel=\"nofollow\" target=\"_blank\" style=\"background: url(\/en\/ads\/img\/115\/timetable?p=69e02bc463f71)\">\n                      <span class=\"title\">Consell Insular - Zona Blava<\/span>\n            <span class=\"description\"><\/span>\n            <span class=\"ad-footer\"><\/span>\n                  <\/a>\n      <\/div>\n    <\/div>\n    \n\n\n\n<p>Des del punt de vista cultural \u00e9s imprescindible visitar l&#8217;exposici\u00f3 dedicada a l&#8217;arquitecte alemany Erwin Broner (Munic 1898, Kreuth 1971), un passeig a trav\u00e9s de diferents corrents en la hist\u00f2ria de l&#8217;art per arribar a representar l&#8217;avantguarda de la segona meitat del segle XX i que va ser un dels responsables de la seva introducci\u00f3 a Eivissa. Les obres que s&#8217;exposaran a la Sala d&#8217;Exposicions de Sant Francesc i el nou espai del far de la Mola pertanyen a la col\u00b7lecci\u00f3 que va cedir Gisela Broner a la galerista eivissenca Catalina Verdera.<\/p>\n\n\n\n<p>Si v\u00e9ns a Formentera pots comprar els tickets del ferry online a <a href=\"https:\/\/booking.proximoferry.com\/\">booking.proximoferry.com<\/a> i t&#8217;estalvies uns euros i les cues de gent que et saltar\u00e0s gr\u00e0cies a dur les targetes d&#8217;embarcament en el teu m\u00f2bil.<\/p>\n","protected":false},"excerpt":{"rendered":"<p>Sant Jaume \u00e9s el dia gran de Formentera. La nostra Diada. Se celebra sempre al voltant del 25 de juliol amb actes<span class=\"ellipsis\">&#8230;<\/span><\/p>\n","protected":false},"author":3,"featured_media":5095,"parent":4767,"menu_order":0,"comment_status":"closed","ping_status":"closed","template":"","meta":{"footnotes":""},"class_list":["post-5097","page","type-page","status-publish","has-post-thumbnail","hentry","ca"],"_links":{"self":[{"href":"https:\/\/proximoferry.brikkelt.nl\/blog\/wp-json\/wp\/v2\/pages\/5097"}],"collection":[{"href":"https:\/\/proximoferry.brikkelt.nl\/blog\/wp-json\/wp\/v2\/pages"}],"about":[{"href":"https:\/\/proximoferry.brikkelt.nl\/blog\/wp-json\/wp\/v2\/types\/page"}],"author":[{"embeddable":true,"href":"https:\/\/proximoferry.brikkelt.nl\/blog\/wp-json\/wp\/v2\/users\/3"}],"replies":[{"embeddable":true,"href":"https:\/\/proximoferry.brikkelt.nl\/blog\/wp-json\/wp\/v2\/comments?post=5097"}],"version-history":[{"count":5,"href":"https:\/\/proximoferry.brikkelt.nl\/blog\/wp-json\/wp\/v2\/pages\/5097\/revisions"}],"predecessor-version":[{"id":5140,"href":"https:\/\/proximoferry.brikkelt.nl\/blog\/wp-json\/wp\/v2\/pages\/5097\/revisions\/5140"}],"up":[{"embeddable":true,"href":"https:\/\/proximoferry.brikkelt.nl\/blog\/wp-json\/wp\/v2\/pages\/4767"}],"wp:featuredmedia":[{"embeddable":true,"href":"https:\/\/proximoferry.brikkelt.nl\/blog\/wp-json\/wp\/v2\/media\/5095"}],"wp:attachment":[{"href":"https:\/\/proximoferry.brikkelt.nl\/blog\/wp-json\/wp\/v2\/media?parent=5097"}],"curies":[{"name":"wp","href":"https:\/\/api.w.org\/{rel}","templated":true}]}}