{"id":5031,"date":"2019-06-12T16:00:32","date_gmt":"2019-06-12T16:00:32","guid":{"rendered":"https:\/\/proximoferry.brikkelt.nl\/blog\/?page_id=5031"},"modified":"2023-07-03T08:13:33","modified_gmt":"2023-07-03T08:13:33","slug":"donde-esta-la-estacion-maritima-los-ferrys-de-ibiza-a-formentera","status":"publish","type":"page","link":"https:\/\/proximoferry.brikkelt.nl\/blog\/ca\/tips\/donde-esta-la-estacion-maritima-los-ferrys-de-ibiza-a-formentera\/","title":{"rendered":"ON \u00c9S L\u2019ESTACI\u00d3 MAR\u00cdTIMA DELS FERRYS D\u2019EIVSSA A FORMENTERA"},"content":{"rendered":"\n<p><strong>L\u2019estaci\u00f3 mar\u00edtima<\/strong> es troba situada a l\u2019Avinguda de Santa Eul\u00e0ria n\u00famero 100 de la ciutat d\u2019Eivissa. Aqu\u00ed tens l\u2019enlla\u00e7 a GoogleMaps: <a href=\"https:\/\/goo.gl\/maps\/DqX2ZkosenSfZtXC8\">https:\/\/goo.gl\/maps\/DqX2ZkosenSfZtXC8<\/a><\/p>\n\n\n\n<p>Des d\u2019aquesta estaci\u00f3 hi surten \u00a0gaireb\u00e9 la totalitat dels ferries que van a Formentera amb alguna de les <strong>quatre companyies<\/strong> que operen entre les dues illes: <strong>Trasmapi, Bale\u00e0ria, Formentera Lines i Aquabus.<\/strong><\/p>\n\n\n\n<p> En aquesta estaci\u00f3 mar\u00edtima hi podr\u00e0s comprar el tickets de ferry entre Eivissa i Formentera tot i que si et vols <a href=\"https:\/\/proximoferry.brikkelt.nl\/blog\/ca\/tips\/no-hagas-cola-compra-online-el-ticket-del-ferry-ibiza-formentera\/\">estalviar la qua<\/a> que hi sol haver-hi, sobretot els mesos d\u2019estiu, i que els bitllets et surtin una mica m\u00e9s econ\u00f2mics et recomanem comprar el teu tiquet online a <a href=\"https:\/\/booking.proximoferry.com\/\">booking.proximoferry.com<\/a>.<\/p>\n\n\n    <div class=\"ad ad-type-timetable ad-has-image\">\n      <div class=\"ad-wrapper\">\n        <a href=\"\/en\/ads\/url\/45\" rel=\"nofollow\" target=\"_blank\" style=\"background: url(\/en\/ads\/img\/45\/timetable?p=69e02e4f86752)\">\n                      <span class=\"title\">Nautica Pins<\/span>\n            <span class=\"description\">Lloguer d'embarcacions i venda d'accessoris n\u00e0utics. info@nauticapins.com | 971 322 651<\/span>\n            <span class=\"ad-footer\">nauticapins.com<\/span>\n                  <\/a>\n      <\/div>\n    <\/div>\n    \n\n\n\n<p>Ara b\u00e9, nom\u00e9s si viatges amb el ferry Posid\u00f2nia has de tenir en compte que aquest ferry surt des d\u2019un altre moll, a 20 minuts caminant des de l\u2019estaci\u00f3 mar\u00edtima. Aqu\u00ed tens l\u2019enlla\u00e7 a GoogleMaps: <a href=\"https:\/\/goo.gl\/maps\/Lb3vv9UpzUiVjUBe8\">https:\/\/goo.gl\/maps\/Lb3vv9UpzUiVjUBe8<\/a><\/p>\n\n\n\n<h2 class=\"wp-block-heading\">\u00bfOn aparcar a Eivissa?<\/h2>\n\n\n\n<p>Si busques aparcament a prop de l\u2019estaci\u00f3 mar\u00edtima\nd\u2019Eivissa \u2013 Formentera, tens dues opcions:<\/p>\n\n\n\n<ol class=\"wp-block-list\"><li>El p\u00e0rquing des Pratet que es troba a 5 minuts caminant de l\u2019estaci\u00f3 mar\u00edtima. <a>Aqu\u00ed l\u2019enlla\u00e7 a GoogleMaps: <\/a><a href=\"https:\/\/goo.gl\/maps\/dzpvyY6Ci3enc83A9\">https:\/\/goo.gl\/maps\/dzpvyY6Ci3enc83A9<\/a> <\/li><li><\/li><li>I el p\u00e0rquing des Gorg (situat just al cost d\u2019Ikea), que \u00e9s gratu\u00eft i es troba a 15 minuts caminant<\/li><\/ol>\n\n\n\n<h2 class=\"wp-block-heading\">Que fer si est\u00e0s esperant en el port d&#8217;Eivissa el ferri<\/h2>\n\n\n\n<p>Si tens una mica de temps, abans d&#8217;agafar el ferri d&#8217;Eivissa a Formentera, et donem uns consells perqu\u00e8 facis una passejada pels voltants de l&#8217;estaci\u00f3n Mar\u00b4\u00edtima d&#8217;Eivissa. Tots ells estan a menys de 10 minuts caminant.<\/p>\n\n\n\n<figure class=\"wp-block-image\"><img loading=\"lazy\" decoding=\"async\" width=\"800\" height=\"400\" src=\"https:\/\/proximoferry.brikkelt.nl\/blog\/wp-content\/uploads\/2022\/08\/puertoibiza.png\" alt=\"\" class=\"wp-image-5644\" srcset=\"https:\/\/proximoferry.brikkelt.nl\/blog\/wp-content\/uploads\/2022\/08\/puertoibiza.png 800w, https:\/\/proximoferry.brikkelt.nl\/blog\/wp-content\/uploads\/2022\/08\/puertoibiza-300x150.png 300w, https:\/\/proximoferry.brikkelt.nl\/blog\/wp-content\/uploads\/2022\/08\/puertoibiza-768x384.png 768w, https:\/\/proximoferry.brikkelt.nl\/blog\/wp-content\/uploads\/2022\/08\/puertoibiza-470x235.png 470w\" sizes=\"(max-width: 800px) 100vw, 800px\" \/><\/figure>\n\n\n\n<h3 class=\"wp-block-heading\">Passeig de Vara de Rei (o s&#8217;Alamera)<\/h3>\n\n\n\n<p>\u00c9s una de les zones m\u00e9s agradables per a passejar molt prop del port, S&#8217;Alamera o Passeig de Vara dek Rei continua immutable amb el pasa del temps. Gaireb\u00e9 totes les seves fa\u00e7anes s\u00f3n les mateixes dels \u00faltims 60 o 70 anys.<\/p>\n\n\n\n<p>Nom\u00e9s han canviat el seu color, com si el passeig s&#8217;hagues rentat la cara.<\/p>\n\n\n\n<h3 class=\"wp-block-heading\">La pla\u00e7a del Parc<\/h3>\n\n\n\n<p>En parallel a Vara de Rei, separats per una poma de cases en direcci\u00f3 sud, est\u00e0 la Pla\u00e7a Parc. Un dels racons de la ciutat que m\u00e9s ambient congrega al llarg de tot l&#8217;any, al peu de la muralla renaixentista que enlla\u00e7a els baluard de Sant Joan i Sant Pere. Est\u00e0 ple de concorregudes terrases de bars i restaurants, i tamb\u00e9 hi ha alguns comer\u00e7os. L&#8217;emblem\u00e1tic Teatre Pereyra li dona l&#8217;esquena a aquesta pla\u00e7a.<\/p>\n\n\n\n<h3 class=\"wp-block-heading\">Comer\u00e7os prop del port d&#8217;Eivissa<\/h3>\n\n\n\n<p>Per a unes compres originals, en la zona de la Marina, molt prop d&#8217;on est\u00e0vem, trobar\u00e0s tota classe de comer\u00e7os.<\/p>\n\n\n\n<p>Ens encanta Majoral, una joieria, que \u00e9s un excellent pas previ al teu salt a Formentera, perqu\u00e8 Majoral crea un univers que rememora a la Pitiusa del sud, a la mar Mediterr\u00e0nia, a la cultura popular i a la naturalesa, i que es materialitza en unes joies innovadores, sense l\u00edmits en la utilitzaci\u00f3 de materials i t\u00e8cniques.<\/p>\n\n\n\n<p>Majoral t\u00e9 taller i botigues a Formentera i a Barcelona, a m\u00e9s d&#8217;aquesta botiga a Eivissa.<\/p>\n\n\n\n<figure class=\"wp-block-image\"><img loading=\"lazy\" decoding=\"async\" width=\"800\" height=\"400\" src=\"https:\/\/proximoferry.brikkelt.nl\/blog\/wp-content\/uploads\/2022\/08\/compras_puertoibiza.jpg\" alt=\"\" class=\"wp-image-5641\" srcset=\"https:\/\/proximoferry.brikkelt.nl\/blog\/wp-content\/uploads\/2022\/08\/compras_puertoibiza.jpg 800w, https:\/\/proximoferry.brikkelt.nl\/blog\/wp-content\/uploads\/2022\/08\/compras_puertoibiza-300x150.jpg 300w, https:\/\/proximoferry.brikkelt.nl\/blog\/wp-content\/uploads\/2022\/08\/compras_puertoibiza-768x384.jpg 768w, https:\/\/proximoferry.brikkelt.nl\/blog\/wp-content\/uploads\/2022\/08\/compras_puertoibiza-470x235.jpg 470w\" sizes=\"(max-width: 800px) 100vw, 800px\" \/><figcaption>Collecci\u00f3 Party de Mayoral, cintes i centellejos que et porten nits d&#8217;or.<\/figcaption><\/figure>\n\n\n\n<p> En Pr\u00f2xim Ferri, som uns apassionats dels viatges, volem ajudar les persones a viatjar en Ferri, per a con\u00e8ixer els millors llocs dels quals gaudir.<\/p>\n\n\n\n<p>Ens acompanyes en aquest viatge? <a href=\"https:\/\/www.instagram.com\/proximoferry\/?fbclid=IwAR09x-nYHPoOCV48orPioocI0VYkK2qPDBxnfy1bCIm9D_gfoYV7oUzfKOE\">Segueix-nos en xarxes socials<\/a> per a estar informat de les novetats, i descobrir llocs inoblidables &#x1f499;<\/p>\n\n\n\n<p> <\/p>\n\n\n    <div class=\"ad ad-type-timetable ad-has-image\">\n      <div class=\"ad-wrapper\">\n        <a href=\"\/en\/ads\/url\/122\" rel=\"nofollow\" target=\"_blank\" style=\"background: url(\/en\/ads\/img\/122\/timetable?p=69e02e4f86752)\">\n                      <span class=\"title\">Rigatoni<\/span>\n            <span class=\"description\"><\/span>\n            <span class=\"ad-footer\"><\/span>\n                  <\/a>\n      <\/div>\n    <\/div>\n    \n","protected":false},"excerpt":{"rendered":"<p>L\u2019estaci\u00f3 mar\u00edtima es troba situada a l\u2019Avinguda de Santa Eul\u00e0ria n\u00famero 100 de la ciutat d\u2019Eivissa. Aqu\u00ed tens l\u2019enlla\u00e7 a GoogleMaps: https:\/\/goo.gl\/maps\/DqX2ZkosenSfZtXC8<span class=\"ellipsis\">&#8230;<\/span><\/p>\n","protected":false},"author":3,"featured_media":5032,"parent":4769,"menu_order":0,"comment_status":"closed","ping_status":"closed","template":"","meta":{"footnotes":""},"class_list":["post-5031","page","type-page","status-publish","has-post-thumbnail","hentry","ca"],"_links":{"self":[{"href":"https:\/\/proximoferry.brikkelt.nl\/blog\/wp-json\/wp\/v2\/pages\/5031"}],"collection":[{"href":"https:\/\/proximoferry.brikkelt.nl\/blog\/wp-json\/wp\/v2\/pages"}],"about":[{"href":"https:\/\/proximoferry.brikkelt.nl\/blog\/wp-json\/wp\/v2\/types\/page"}],"author":[{"embeddable":true,"href":"https:\/\/proximoferry.brikkelt.nl\/blog\/wp-json\/wp\/v2\/users\/3"}],"replies":[{"embeddable":true,"href":"https:\/\/proximoferry.brikkelt.nl\/blog\/wp-json\/wp\/v2\/comments?post=5031"}],"version-history":[{"count":6,"href":"https:\/\/proximoferry.brikkelt.nl\/blog\/wp-json\/wp\/v2\/pages\/5031\/revisions"}],"predecessor-version":[{"id":7131,"href":"https:\/\/proximoferry.brikkelt.nl\/blog\/wp-json\/wp\/v2\/pages\/5031\/revisions\/7131"}],"up":[{"embeddable":true,"href":"https:\/\/proximoferry.brikkelt.nl\/blog\/wp-json\/wp\/v2\/pages\/4769"}],"wp:featuredmedia":[{"embeddable":true,"href":"https:\/\/proximoferry.brikkelt.nl\/blog\/wp-json\/wp\/v2\/media\/5032"}],"wp:attachment":[{"href":"https:\/\/proximoferry.brikkelt.nl\/blog\/wp-json\/wp\/v2\/media?parent=5031"}],"curies":[{"name":"wp","href":"https:\/\/api.w.org\/{rel}","templated":true}]}}