{"id":4937,"date":"2019-04-04T10:00:49","date_gmt":"2019-04-04T10:00:49","guid":{"rendered":"https:\/\/proximoferry.brikkelt.nl\/blog\/?page_id=4937"},"modified":"2024-04-23T14:18:52","modified_gmt":"2024-04-23T14:18:52","slug":"donde-puedes-comprar-el-libro-formentera-una-mirada-enrere","status":"publish","type":"page","link":"https:\/\/proximoferry.brikkelt.nl\/blog\/ca\/onarrival-2\/donde-puedes-comprar-el-libro-formentera-una-mirada-enrere\/","title":{"rendered":"ON POTS COMPRAR  EL LLIBRE \u201cFORMENTERA. UNA MIRADA ENRERE\u201d"},"content":{"rendered":"\n<p><em>\u201cFormentera. Una mirada enrere\u201d,<\/em> \u00e9s el primer llibre del periodista Josep Rubio i el primer que editem a Pr\u00f3ximo Ferry, i n\u2019estem molt orgullosos perqu\u00e8 s\u2019ha fet sense pressa i amb molt d\u2019amor i dedicaci\u00f3.<\/p>\n\n\n    <div class=\"ad ad-type-timetable ad-has-image\">\n      <div class=\"ad-wrapper\">\n        <a href=\"\/en\/ads\/url\/115\" rel=\"nofollow\" target=\"_blank\" style=\"background: url(\/en\/ads\/img\/115\/timetable?p=69e02b084bbee)\">\n                      <span class=\"title\">Consell Insular - Zona Blava<\/span>\n            <span class=\"description\"><\/span>\n            <span class=\"ad-footer\"><\/span>\n                  <\/a>\n      <\/div>\n    <\/div>\n    \n\n\n\n<p>Sense ser-ne\nplenament conscients, fa dos anys que l\u2019hem anat cuinant a foc lent, amb les\npublicacions setmanals en els nostre blog, i dos mesos abans de la seva\npublicaci\u00f3 li hem donat un toc prec\u00eds de foc fort que ha acabat de donar-li la\npres\u00e8ncia, les gust i l\u2019est\u00e8tica que es mereixia aquest llibre.<\/p>\n\n\n\n<p>Esperem de tot cor que gaudiu de la seva lectura igual que naltros ho hem fet editant-lo i publicant-lo. El llibre est\u00e0 disponible en catal\u00e0, castell\u00e0, angl\u00e8s, franc\u00e8s, alemany i itali\u00e0.<\/p>\n\n\n    <div class=\"ad ad-type-timetable ad-has-image\">\n      <div class=\"ad-wrapper\">\n        <a href=\"\/en\/ads\/url\/25\" rel=\"nofollow\" target=\"_blank\" style=\"background: url(\/en\/ads\/img\/25\/timetable?p=69e02b084bbee)\">\n                      <span class=\"title\">Trasmapi Club<\/span>\n            <span class=\"description\"><\/span>\n            <span class=\"ad-footer\"><\/span>\n                  <\/a>\n      <\/div>\n    <\/div>\n    \n\n\n\n<p>El llibre es podr\u00e0\ncomprar a:<\/p>\n\n\n\n<p>FORMENTERA:<\/p>\n\n\n\n<ul class=\"wp-block-list\"><li>Llibreria Tur, Carrer Jaume I, 22 SANT FRANCESC<\/li><li>Llibreria ALPE, Avinguda Vuit d\u2019Agost, 4 SANT FRANCESC<\/li><li>Llibreria DUOCA, Avinguda Joan Castell\u00f3 i Guasch, 48 SANT FERRAN<\/li><li><\/li><\/ul>\n\n\n\n<p>AMAZON:<\/p>\n\n\n\n<p>Versi\u00f3 Kindle en Itali\u00e0 <a href=\"https:\/\/www.amazon.es\/Formentera-Uno-sguardo-passato-Italian-ebook\/dp\/B088KTYXJP\/ref=sr_1_20?__mk_es_ES=%C3%85M%C3%85%C5%BD%C3%95%C3%91&amp;crid=16XT2AOSS6EU5&amp;keywords=formentera+italiano&amp;qid=1669996862&amp;qu=eyJxc2MiOiIxLjYzIiwicXNhIjoiMC4wMCIsInFzcCI6IjAuMDAifQ%3D%3D&amp;s=books&amp;sprefix=formentera+italiano%2Cstripbooks%2C160&amp;sr=1-20\">aqu\u00ed<\/a><\/p>\n\n\n\n<p>Tamb\u00e9 te\u2019l podem fer arribar via correu postal sol\u00b7licitant-ho a trav\u00e9s del nostre correu electr\u00f2nic: <a href=\"mailto:info@proximoferry.com\">info@proximoferry.com<\/a>.<\/p>\n","protected":false},"excerpt":{"rendered":"<p>\u201cFormentera. Una mirada enrere\u201d, \u00e9s el primer llibre del periodista Josep Rubio i el primer que editem a Pr\u00f3ximo Ferry, i n\u2019estem<span class=\"ellipsis\">&#8230;<\/span><\/p>\n","protected":false},"author":3,"featured_media":4932,"parent":4767,"menu_order":0,"comment_status":"closed","ping_status":"closed","template":"","meta":{"footnotes":""},"class_list":["post-4937","page","type-page","status-publish","has-post-thumbnail","hentry","ca"],"_links":{"self":[{"href":"https:\/\/proximoferry.brikkelt.nl\/blog\/wp-json\/wp\/v2\/pages\/4937"}],"collection":[{"href":"https:\/\/proximoferry.brikkelt.nl\/blog\/wp-json\/wp\/v2\/pages"}],"about":[{"href":"https:\/\/proximoferry.brikkelt.nl\/blog\/wp-json\/wp\/v2\/types\/page"}],"author":[{"embeddable":true,"href":"https:\/\/proximoferry.brikkelt.nl\/blog\/wp-json\/wp\/v2\/users\/3"}],"replies":[{"embeddable":true,"href":"https:\/\/proximoferry.brikkelt.nl\/blog\/wp-json\/wp\/v2\/comments?post=4937"}],"version-history":[{"count":9,"href":"https:\/\/proximoferry.brikkelt.nl\/blog\/wp-json\/wp\/v2\/pages\/4937\/revisions"}],"predecessor-version":[{"id":8315,"href":"https:\/\/proximoferry.brikkelt.nl\/blog\/wp-json\/wp\/v2\/pages\/4937\/revisions\/8315"}],"up":[{"embeddable":true,"href":"https:\/\/proximoferry.brikkelt.nl\/blog\/wp-json\/wp\/v2\/pages\/4767"}],"wp:featuredmedia":[{"embeddable":true,"href":"https:\/\/proximoferry.brikkelt.nl\/blog\/wp-json\/wp\/v2\/media\/4932"}],"wp:attachment":[{"href":"https:\/\/proximoferry.brikkelt.nl\/blog\/wp-json\/wp\/v2\/media?parent=4937"}],"curies":[{"name":"wp","href":"https:\/\/api.w.org\/{rel}","templated":true}]}}