{"id":4887,"date":"2019-03-21T06:00:47","date_gmt":"2019-03-21T06:00:47","guid":{"rendered":"https:\/\/proximoferry.brikkelt.nl\/blog\/?page_id=4887"},"modified":"2022-09-19T13:54:49","modified_gmt":"2022-09-19T13:54:49","slug":"quin-tipus-de-transport-pots-triar-a-formentera","status":"publish","type":"page","link":"https:\/\/proximoferry.brikkelt.nl\/blog\/ca\/tips\/quin-tipus-de-transport-pots-triar-a-formentera\/","title":{"rendered":"QUIN TIPUS DE TRANSPORT POTS TRIAR A FORMENTERA"},"content":{"rendered":"\n<p>Quan hagis desembarcat al port de la Savina, a Formentera, se&#8217;t presenta un ampli ventall de possibilitats per triar quin mitj\u00e0 de transport utilitzar\u00e0s per moure&#8217;t per l&#8217;illa.<\/p>\n\n\n\n<p>Podr\u00e0s moure&#8217;t per l&#8217;illa de Formentera, segons les teves necessitats en transport p\u00fablic, cotxe de lloguer, bicicleta o moto.<\/p>\n\n\n\n<h3 class=\"wp-block-heading\">Moure&#8217;s amb bici per Formentera<\/h3>\n\n\n\n<p>Si f\u00f3ssim nosaltres els que tri\u00e9ssim, optar\u00edem per <strong>la bicicleta per ser el mitj\u00e0 m\u00e9s sostenible<\/strong> amb l&#8217;entorn i alhora el que et permet gaudir de cada pam de terreny, de cada detall, de cada instant. A aquesta illa que &#8220;t\u00e9 m\u00e9s mar que terra&#8221; l&#8217;has de con\u00e8ixer tal com se&#8217;t presenta. Tranquil\u00b7la, austera i senzilla.<\/p>\n\n\n\n<figure class=\"wp-block-image\"><img loading=\"lazy\" decoding=\"async\" width=\"800\" height=\"400\" src=\"https:\/\/proximoferry.brikkelt.nl\/blog\/wp-content\/uploads\/2022\/09\/Formentera-en-bici.png\" alt=\"\" class=\"wp-image-5835\" srcset=\"https:\/\/proximoferry.brikkelt.nl\/blog\/wp-content\/uploads\/2022\/09\/Formentera-en-bici.png 800w, https:\/\/proximoferry.brikkelt.nl\/blog\/wp-content\/uploads\/2022\/09\/Formentera-en-bici-300x150.png 300w, https:\/\/proximoferry.brikkelt.nl\/blog\/wp-content\/uploads\/2022\/09\/Formentera-en-bici-768x384.png 768w, https:\/\/proximoferry.brikkelt.nl\/blog\/wp-content\/uploads\/2022\/09\/Formentera-en-bici-470x235.png 470w\" sizes=\"(max-width: 800px) 100vw, 800px\" \/><figcaption>Bicicleta a la platja de Formentera (Illes Balears)<br><\/figcaption><\/figure>\n\n\n\n<p>Si et ve de gust con\u00e8ixer Formentera amb bici, et deixem aquest <a href=\"https:\/\/www.formentera.es\/wp-content\/uploads\/2021\/07\/plano-metrominut.pdf\">mapa<\/a>, editat pel Consell Insular de Formentera, pequ\u00e8 facis una de les 8 rutes que proposa amb bicicleta.<\/p>\n\n\n\n<p>Tindr\u00e0s els teus avantatges i \u00e9s que pots entrar gratis a les platges de <strong>Ses Illetes<\/strong> i <strong>Llevant<\/strong> i no pagues peatge de control d&#8217;acc\u00e9s de vehicles.<\/p>\n\n\n\n<p>Els preus de lloguer amb bicicleta varien segons la temporada, per\u00f2 no serna molt elevats.<\/p>\n\n\n\n<h3 class=\"wp-block-heading\">Quant es triga a rec\u00f3rrer Formentera?<\/h3>\n\n\n\n<p>Probablement tres dies \u00e9s el temps m\u00e9s curt per a veure els millors llocs de Formentera i tenir temps suficient per a xopar-se del seu ambient.<\/p>\n\n\n\n<p>En tres dies pots visitar les millors platges i cales de Formentera, visitar el far, explorar algunes torres defensives, gaudir del menjar i de l&#8217;ambient \u00fanic.<\/p>\n\n\n\n<h3 class=\"wp-block-heading\">Quin dia \u00e9s millor anar a Formentera?<\/h3>\n\n\n\n<p>Si pots triar la millor \u00e8poca per a anar a l&#8217;illa, no hi ha dubte, els millor mesos s\u00f3n maig, juny, setembre o fins i tot octubre.<\/p>\n\n\n\n<h3 class=\"wp-block-heading\">Que temps fa a Formentera<\/h3>\n\n\n\n<p>El clima a Formentera es caracteritza per estius suaus i escassos dies de pluges, a l\u00e0gost que \u00e9s el mes m\u00e9s calor\u00f3s, pots trobar m\u00e1ximes de 30\u00ba i m\u00ednimes de 21\u00ba, al maig la temperatura m\u00e0xima \u00e9s de 22\u00ba i la m\u00ednima de 14\u00ba.<\/p>\n\n\n\n<p>El seu clima en general, fa que sigui un dels millors llocs per a visitar gaireb\u00e9 tot l&#8217;any, con\u00e8ixer les seves platges, monuments, cultura y la seva gastronomia.<\/p>\n\n\n\n<p>Formentera \u00e9s visitada durant tot l&#8217;any, fins i tot a l&#8217;hivers en ser temperat, amb molts dies de sol, \u00e9s rar, que faci molt de fred.<\/p>\n\n\n\n<p>A l&#8217;estiu, de juny a setembre, \u00e9s calor\u00f3s i assolellat, \u00e9s rar que plogui, i a la tardor \u00faltims de setembre a novembre, \u00e9s c\u00e0lid i suau, pot haver-hi llargs per\u00edodes de bon temps, per\u00f2 tamb\u00e9 pots trobar alguns dies de pluja i vent.<\/p>\n\n\n\n<p>El sol \u00e9s freq\u00fcent a la primavera, \u00e9s la temporada ideal per a visitar les ciutat i fer excursions.<\/p>\n\n\n\n<h3 class=\"wp-block-heading\">Lloguer de cotxe o moto a Formentera<\/h3>\n\n\n    <div class=\"ad ad-type-timetable ad-has-image\">\n      <div class=\"ad-wrapper\">\n        <a href=\"\/en\/ads\/url\/46\" rel=\"nofollow\" target=\"_blank\" style=\"background: url(\/en\/ads\/img\/46\/timetable?p=69e02b084fd5b)\">\n                      <span class=\"title\">Bale\u00e0ria<\/span>\n            <span class=\"description\">Viaja con la naviera l\u00edder en Baleares<\/span>\n            <span class=\"ad-footer\">www.balearia.com<\/span>\n                  <\/a>\n      <\/div>\n    <\/div>\n    \n\n\n\n<p>Si prefereixes anar motoritzat, al mateix port <strong>podr\u00e0s llogar un vehicle <\/strong>(moto, cotxe o cotxe el\u00e8ctric). All\u00e0, molt <strong>a prop de l&#8217;estaci\u00f3 mar\u00edtima, veur\u00e0s les oficines de les empreses de lloguer.<\/strong><br><\/p>\n\n\n\n<p>Aquestes s\u00f3n algunes de les <strong>empreses de lloguer de vehicles que treballen a Formentera i les seves webs. <\/strong>Tu mateix. Tria la que m\u00e9s et convingui:<\/p>\n\n\n\n<p><strong>Formotor<\/strong>: <a href=\"http:\/\/www.formotor.com\/\">http:\/\/www.formotor.com\/<\/a><\/p>\n\n\n\n<p><strong>Moto Rent Pujols:<\/strong> <a href=\"http:\/\/motorentpujols.com\/\">http:\/\/motorentpujols.com\/<\/a><\/p>\n\n\n\n<p><strong>Moto Rent Migjorn: <\/strong><a href=\"http:\/\/www.motorentmigjorn.com\/\">http:\/\/www.motorentmigjorn.com\/<\/a><\/p>\n\n\n\n<figure class=\"wp-block-image\"><img loading=\"lazy\" decoding=\"async\" width=\"800\" height=\"400\" src=\"https:\/\/proximoferry.brikkelt.nl\/blog\/wp-content\/uploads\/2022\/09\/en-moto-por-formentera.png\" alt=\"\" class=\"wp-image-5836\" srcset=\"https:\/\/proximoferry.brikkelt.nl\/blog\/wp-content\/uploads\/2022\/09\/en-moto-por-formentera.png 800w, https:\/\/proximoferry.brikkelt.nl\/blog\/wp-content\/uploads\/2022\/09\/en-moto-por-formentera-300x150.png 300w, https:\/\/proximoferry.brikkelt.nl\/blog\/wp-content\/uploads\/2022\/09\/en-moto-por-formentera-768x384.png 768w, https:\/\/proximoferry.brikkelt.nl\/blog\/wp-content\/uploads\/2022\/09\/en-moto-por-formentera-470x235.png 470w\" sizes=\"(max-width: 800px) 100vw, 800px\" \/><figcaption>Cam\u00ed de Faro del <strong>Cab de Barbar\u00eda<\/strong> a Formentera<\/figcaption><\/figure>\n\n\n    <div class=\"ad ad-type-timetable ad-has-image\">\n      <div class=\"ad-wrapper\">\n        <a href=\"\/en\/ads\/url\/64\" rel=\"nofollow\" target=\"_blank\" style=\"background: url(\/en\/ads\/img\/64\/timetable?p=69e02b084fd5b)\">\n                      <span class=\"title\">Bale\u00e0ria<\/span>\n            <span class=\"description\">Viaja con la naviera l\u00edder en Baleares<\/span>\n            <span class=\"ad-footer\">www.balearia.com<\/span>\n                  <\/a>\n      <\/div>\n    <\/div>\n    \n\n\n\n<h3 class=\"wp-block-heading\">Moure&#8217;s en bus o taxi per Formentera<\/h3>\n\n\n\n<p>Tamb\u00e9 tens l&#8217;opci\u00f3 m\u00e9s c\u00f2moda: <strong>moure&#8217;t en transport p\u00fablic. <\/strong>En aquest web trobar\u00e0s preus i l\u00ednies regulars. Mou-te en taxi o en bus:<br><\/p>\n\n\n\n<p>Autocars Paya: <a href=\"http:\/\/busformentera.com\/\">http:\/\/busformentera.com\/<\/a><\/p>\n\n\n\n<p>Sigui com sigui que et moguis, <strong>gaudeix de Formentera.<\/strong><\/p>\n","protected":false},"excerpt":{"rendered":"<p>Quan hagis desembarcat al port de la Savina, a Formentera, se&#8217;t presenta un ampli ventall de possibilitats per triar quin mitj\u00e0 de<span class=\"ellipsis\">&#8230;<\/span><\/p>\n","protected":false},"author":3,"featured_media":4885,"parent":4769,"menu_order":0,"comment_status":"closed","ping_status":"closed","template":"","meta":{"footnotes":""},"class_list":["post-4887","page","type-page","status-publish","has-post-thumbnail","hentry","ca"],"_links":{"self":[{"href":"https:\/\/proximoferry.brikkelt.nl\/blog\/wp-json\/wp\/v2\/pages\/4887"}],"collection":[{"href":"https:\/\/proximoferry.brikkelt.nl\/blog\/wp-json\/wp\/v2\/pages"}],"about":[{"href":"https:\/\/proximoferry.brikkelt.nl\/blog\/wp-json\/wp\/v2\/types\/page"}],"author":[{"embeddable":true,"href":"https:\/\/proximoferry.brikkelt.nl\/blog\/wp-json\/wp\/v2\/users\/3"}],"replies":[{"embeddable":true,"href":"https:\/\/proximoferry.brikkelt.nl\/blog\/wp-json\/wp\/v2\/comments?post=4887"}],"version-history":[{"count":10,"href":"https:\/\/proximoferry.brikkelt.nl\/blog\/wp-json\/wp\/v2\/pages\/4887\/revisions"}],"predecessor-version":[{"id":5861,"href":"https:\/\/proximoferry.brikkelt.nl\/blog\/wp-json\/wp\/v2\/pages\/4887\/revisions\/5861"}],"up":[{"embeddable":true,"href":"https:\/\/proximoferry.brikkelt.nl\/blog\/wp-json\/wp\/v2\/pages\/4769"}],"wp:featuredmedia":[{"embeddable":true,"href":"https:\/\/proximoferry.brikkelt.nl\/blog\/wp-json\/wp\/v2\/media\/4885"}],"wp:attachment":[{"href":"https:\/\/proximoferry.brikkelt.nl\/blog\/wp-json\/wp\/v2\/media?parent=4887"}],"curies":[{"name":"wp","href":"https:\/\/api.w.org\/{rel}","templated":true}]}}