{"id":4807,"date":"2019-03-03T16:01:15","date_gmt":"2019-03-03T16:01:15","guid":{"rendered":"https:\/\/proximoferry.brikkelt.nl\/blog\/?page_id=4807"},"modified":"2019-03-21T07:49:46","modified_gmt":"2019-03-21T07:49:46","slug":"en-arribant-un","status":"publish","type":"page","link":"https:\/\/proximoferry.brikkelt.nl\/blog\/ca\/onarrival-2\/en-arribant-un\/","title":{"rendered":"FORMENTERA \u00c9S M\u00c9S QUE PLATGES"},"content":{"rendered":"<p>Has arribat a un lloc en el qual, si corres massa, se t&#8217;acabar\u00e0 aviat l&#8217;illa. \u00c9s millor prendre-s&#8217;ho amb calma i descobrir cadascun dels racons de Formentera que esperen, sense pressa, sense aclaparaments, a ser descoberts per l&#8217;observador.<\/p>\n<p>Al Blog de Pr\u00f3ximo Ferry hi trobar\u00e0s algunes idees per gaudir de l&#8217;illa de la millor manera. Lluny de sorolls i presses s&#8217;obre un m\u00f3n en el que tu, i nom\u00e9s tu, ser\u00e0s el protagonista.<\/p>\n    <div class=\"ad ad-type-timetable ad-has-image\">\n      <div class=\"ad-wrapper\">\n        <a href=\"\/en\/ads\/url\/116\" rel=\"nofollow\" target=\"_blank\" style=\"background: url(\/en\/ads\/img\/116\/timetable?p=69e02b0835f86)\">\n                      <span class=\"title\">Consell Insular - Zona Blava<\/span>\n            <span class=\"description\"><\/span>\n            <span class=\"ad-footer\"><\/span>\n                  <\/a>\n      <\/div>\n    <\/div>\n    \n<p>Submergeix-te a l&#8217;illa iniciant <a href=\"https:\/\/proximoferry.brikkelt.nl\/blog\/ca\/2018\/04\/19\/paseos-literarios-por-formentera\/\">Un passeig literari per Formentera<\/a>. &#8220;Una llum blanca i encegadora, inundant una atmosfera seca i solar, \u00e9s la caracter\u00edstica b\u00e0sica de l&#8217;illa&#8221;. &#8220;Es Cap \u00e9s un d&#8217;aquells paratges que trenquen la general indifer\u00e8ncia dels humans envers el seu m\u00f3n quotidi\u00e0&#8221;.<\/p>\n<p>Descobreix un dels llocs m\u00e9s bells del nostre entorn amb <a href=\"https:\/\/proximoferry.brikkelt.nl\/blog\/ca\/2018\/03\/15\/paseo-desde-el-torrent-de-salga-al-torrent-fondo\/\">un passeig des del torrent de s&#8217;Alga a torrent Fondo<\/a>. El sender per baixar al torrent Fondo no \u00e9s senzill per\u00f2 ens condueix a un dels varadors m\u00e9s rec\u00f2ndits de Formentera. Passarem prop de la casa d&#8217;un prestigi\u00f3s dissenyador franc\u00e8s, que recorda un temple asteca.<\/p>\n    <div class=\"ad ad-type-timetable ad-has-image\">\n      <div class=\"ad-wrapper\">\n        <a href=\"\/en\/ads\/url\/116\" rel=\"nofollow\" target=\"_blank\" style=\"background: url(\/en\/ads\/img\/116\/timetable?p=69e02b0835f86)\">\n                      <span class=\"title\">Consell Insular - Zona Blava<\/span>\n            <span class=\"description\"><\/span>\n            <span class=\"ad-footer\"><\/span>\n                  <\/a>\n      <\/div>\n    <\/div>\n    \n<p>O visita <a href=\"https:\/\/proximoferry.brikkelt.nl\/blog\/ca\/2018\/01\/25\/san-valero-una-cueva-de-pelicula\/\">Sant Valero, una cova de pel\u00b7l\u00edcula<\/a>. \u00c9s una de les coves m\u00e9s grans de Formentera amb m\u00e9s de 350 metres de profunditat. Diu la llegenda que el capit\u00e0 de lladres Vicent Pepa va trobar amagatall a les galeries de la cova.<\/p>\n<p>Finalment, et recomanem una gent molt activa. Es tracta de <a href=\"https:\/\/www.facebook.com\/groups\/1465882353706918\/\">Disfruta Formentera<\/a>, \u00e9s un grup creat per a la gent que li agrada fer esport. Fan caminades, caminades en les nits de lluna plena, rutes en bicicleta &#8230; cadasc\u00fa al seu ritme, per gaudir i passar-ho b\u00e9.<\/p>\n<p>Formentera \u00e9s petita, delicada, senzilla, per\u00f2 no te la acabes.<\/p>\n","protected":false},"excerpt":{"rendered":"<p>Has arribat a un lloc en el qual, si corres massa, se t&#8217;acabar\u00e0 aviat l&#8217;illa. \u00c9s millor prendre-s&#8217;ho amb calma i descobrir<span class=\"ellipsis\">&#8230;<\/span><\/p>\n","protected":false},"author":1,"featured_media":4181,"parent":4767,"menu_order":2101,"comment_status":"closed","ping_status":"closed","template":"","meta":{"footnotes":""},"class_list":["post-4807","page","type-page","status-publish","has-post-thumbnail","hentry","ca"],"_links":{"self":[{"href":"https:\/\/proximoferry.brikkelt.nl\/blog\/wp-json\/wp\/v2\/pages\/4807"}],"collection":[{"href":"https:\/\/proximoferry.brikkelt.nl\/blog\/wp-json\/wp\/v2\/pages"}],"about":[{"href":"https:\/\/proximoferry.brikkelt.nl\/blog\/wp-json\/wp\/v2\/types\/page"}],"author":[{"embeddable":true,"href":"https:\/\/proximoferry.brikkelt.nl\/blog\/wp-json\/wp\/v2\/users\/1"}],"replies":[{"embeddable":true,"href":"https:\/\/proximoferry.brikkelt.nl\/blog\/wp-json\/wp\/v2\/comments?post=4807"}],"version-history":[{"count":5,"href":"https:\/\/proximoferry.brikkelt.nl\/blog\/wp-json\/wp\/v2\/pages\/4807\/revisions"}],"predecessor-version":[{"id":4907,"href":"https:\/\/proximoferry.brikkelt.nl\/blog\/wp-json\/wp\/v2\/pages\/4807\/revisions\/4907"}],"up":[{"embeddable":true,"href":"https:\/\/proximoferry.brikkelt.nl\/blog\/wp-json\/wp\/v2\/pages\/4767"}],"wp:featuredmedia":[{"embeddable":true,"href":"https:\/\/proximoferry.brikkelt.nl\/blog\/wp-json\/wp\/v2\/media\/4181"}],"wp:attachment":[{"href":"https:\/\/proximoferry.brikkelt.nl\/blog\/wp-json\/wp\/v2\/media?parent=4807"}],"curies":[{"name":"wp","href":"https:\/\/api.w.org\/{rel}","templated":true}]}}